{"id":1960,"date":"2023-07-12T14:41:32","date_gmt":"2023-07-12T12:41:32","guid":{"rendered":"https:\/\/apolinar.eu\/?page_id=1960"},"modified":"2023-07-12T14:41:32","modified_gmt":"2023-07-12T12:41:32","slug":"pece-o-novorozence-po-porodu-2","status":"publish","type":"page","link":"https:\/\/apolinar.capta.cz\/vi\/neonatologie\/fyziologicky-novorozenec\/pece-o-novorozence-po-porodu-2\/","title":{"rendered":"P\u00e9\u010de o novorozence po porodu"},"content":{"rendered":"                <!-- TEXT BLOCK -->\r\n        <section\r\n                class=\"pdt-40 \"\r\n            >\r\n            <div class=\"wrapper2 text_block\">\r\n                <h2 class=\"title_h2 text_center_mdm\">\u0160estined\u011bl\u00ed<\/h2>                                                                                    <h3 class=\"title_h3 text_center_mdm\">P\u00e9\u010de o novorozence po porodu<\/h3>\r\n                                                <div class=\"page_content reset_margins\">\r\n                                                                                        <p>Uk\u00e1\u017eeme V\u00e1m, jak bezpe\u010dn\u011b manipulovat s d\u00edt\u011btem, jak ho p\u0159ebalovat, m\u011b\u0159it mu teplotu, pe\u010dovat o pupe\u010dn\u00ed pah\u00fdl. Dal\u0161\u00ed dny po porodu V\u00e1m pom\u016f\u017eeme s koup\u00e1n\u00edm miminka. Denn\u011b budeme sledovat v\u00e1hu a \u017eloutenku Va\u0161eho d\u00edt\u011bte. Ka\u017ed\u00fd den prob\u011bhne n\u00e1v\u0161t\u011bva neonatologa, kter\u00fd prohl\u00e9dne Va\u0161e miminko a bude V\u00e1s informovat o jeho stavu, a kdy bude mo\u017en\u00e9 propu\u0161t\u011bn\u00ed z porodnice.<\/p>\n                                    <\/div>\r\n            <\/div>\r\n        <\/section>\r\n    \n\n    <!-- ACCORD -->\r\n    <section\r\n            class=\"pdt-60 pdb-40 \"\r\n        >\r\n        <div class=\"wrapper2 anim_delay anim_drop1 observe\">\r\n            <h2 class=\"title_h3 \">B\u011b\u017en\u00e9 probl\u00e9my novorozence<\/h2>                                        <div class=\"accord mgt-30\">\r\n                                            <!-- ITEM -->\r\n                        <div class=\"item_accord item\">\r\n                            <a href=\"#\" role=\"button\" class=\"item_accord_head head\">\r\n                                <h3 class=\"item_accord_title\">Novorozeneck\u00e1 \u017eloutenka<\/h3>\r\n                                <div class=\"item_accord_arrow\">\r\n                                    <svg class=\"sicofill\">\r\n                                        <use href=\"https:\/\/apolinar.capta.cz\/wp-content\/themes\/apolinar\/assets\/layout\/icons.svg#s_ar2_d\"\/>\r\n                                    <\/svg>\r\n                                <\/div>\r\n                            <\/a>\r\n                            <div class=\"expand\">\r\n                                <div class=\"item_accord_inner page_content reset_margins\">\r\n                                                                                                                                                        <p><strong>Novorozeneck\u00e1 \u017eloutenka (ikterus)<\/strong>\u00a0vznik\u00e1 u poloviny dono\u0161en\u00fdch novorozenc\u016f. V\u011bt\u0161inou sama odezn\u00ed a nem\u00e1 \u017e\u00e1dn\u00e9 dal\u0161\u00ed n\u00e1sledky. Vznik\u00e1 kv\u016fli rozpadu \u010derven\u00fdch krvinek, p\u0159i kter\u00e9m se uvol\u0148uje barvivo bilirubin, kter\u00fd zp\u016fsobuje \u017elut\u00e9 zabarven\u00ed k\u016f\u017ee a o\u010dn\u00edho b\u011blma. \u017dloutenku sledujeme u v\u0161ech miminek 2 x denn\u011b tzv. transkut\u00e1nn\u00ed ikterometri\u00ed \u2013 bezbolestn\u00fdm p\u0159ilo\u017een\u00edm sondy na k\u016f\u017ei miminka. Stoupne-li \u017eloutenka nad ur\u010ditou hranici, m\u016f\u017ee l\u00e9ka\u0159 rozhodnout o kontrole \u017eloutenky z\u202fvy\u0161et\u0159en\u00ed krve miminka. M\u00edrn\u00e9 formy \u017eloutenky nevy\u017eaduj\u00ed l\u00e9\u010dbu. Jakmile je \u017eloutenka z\u00e1va\u017en\u011bj\u0161\u00ed, l\u00e9\u010d\u00edme miminko pomoc\u00ed fototerapie \u2013 l\u00e9\u010dby modr\u00fdm sv\u011btlem, kter\u00e1 prob\u00edh\u00e1 na d\u011btsk\u00e9m boxe, miminko je pod p\u0159\u00edm\u00fdm dohledem d\u011btsk\u00fdch sester. Sestry pravideln\u011b nos\u00ed miminka i b\u011bhem fototerapie mamink\u00e1m ke kojen\u00ed nebo maminka doch\u00e1z\u00ed za miminkem na d\u011btsk\u00fd box.<\/p>\n                                                                    <\/div>\r\n                            <\/div>\r\n                        <\/div>\r\n                                            <!-- ITEM -->\r\n                        <div class=\"item_accord item\">\r\n                            <a href=\"#\" role=\"button\" class=\"item_accord_head head\">\r\n                                <h3 class=\"item_accord_title\">Sn\u00ed\u017een\u00e1 hladina cukru v\u202fkrvi<\/h3>\r\n                                <div class=\"item_accord_arrow\">\r\n                                    <svg class=\"sicofill\">\r\n                                        <use href=\"https:\/\/apolinar.capta.cz\/wp-content\/themes\/apolinar\/assets\/layout\/icons.svg#s_ar2_d\"\/>\r\n                                    <\/svg>\r\n                                <\/div>\r\n                            <\/a>\r\n                            <div class=\"expand\">\r\n                                <div class=\"item_accord_inner page_content reset_margins\">\r\n                                                                                                                                                        <p><strong>Sn\u00ed\u017een\u00e1 hladina cukru v\u202fkrvi (hypoglyk\u00e9mie)<\/strong>\u00a0m\u016f\u017ee vznikat u n\u011bkter\u00fdch novorozenc\u016f s\u202fur\u010dit\u00fdm rizikem jako jsou miminka s n\u00edzkou nebo naopak velkou porodn\u00ed hmotnost\u00ed, miminka matek s t\u011bhotenskou \u010di jinou formou cukrovky, nezral\u00e1 miminka, novorozenci s poruchou poporodn\u00ed adaptace. V\u0161em novorozenc\u016fm, kte\u0159\u00ed maj\u00ed toto riziko, kontrolujeme hladinu cukru v krvi odb\u011brem z pati\u010dky.<\/p>\n                                                                    <\/div>\r\n                            <\/div>\r\n                        <\/div>\r\n                                            <!-- ITEM -->\r\n                        <div class=\"item_accord item\">\r\n                            <a href=\"#\" role=\"button\" class=\"item_accord_head head\">\r\n                                <h3 class=\"item_accord_title\">Kol\u00edsav\u00e1 t\u011blesn\u00e1 teplota<\/h3>\r\n                                <div class=\"item_accord_arrow\">\r\n                                    <svg class=\"sicofill\">\r\n                                        <use href=\"https:\/\/apolinar.capta.cz\/wp-content\/themes\/apolinar\/assets\/layout\/icons.svg#s_ar2_d\"\/>\r\n                                    <\/svg>\r\n                                <\/div>\r\n                            <\/a>\r\n                            <div class=\"expand\">\r\n                                <div class=\"item_accord_inner page_content reset_margins\">\r\n                                                                                                                                                        <p><strong>Kol\u00edsav\u00e1 t\u011blesn\u00e1 teplota<\/strong>\u00a0se tak\u00e9 \u0159ad\u00ed mezi mo\u017en\u00e9 po\u010d\u00e1te\u010dn\u00ed probl\u00e9my novorozenc\u016f, novorozenci nemaj\u00ed pln\u011b vyvinutou termoregulaci a mohou se snadno podchladit nebo p\u0159eh\u0159\u00e1t. Oboj\u00ed m\u016f\u017ee pro miminko p\u0159edstavovat riziko. V prvn\u00edch dnech \u017eivota m\u011b\u0159\u00edme pravideln\u011b teplotu miminku v podpa\u017e\u00ed (norm\u00e1ln\u00ed rozmez\u00ed 36\u201337\u00b0C) nebo v zade\u010dku (norm\u00e1ln\u00ed rozmez\u00ed 36,5\u201337,5\u00b0C).<\/p>\n                                                                    <\/div>\r\n                            <\/div>\r\n                        <\/div>\r\n                                            <!-- ITEM -->\r\n                        <div class=\"item_accord item\">\r\n                            <a href=\"#\" role=\"button\" class=\"item_accord_head head\">\r\n                                <h3 class=\"item_accord_title\">P\u0159echodn\u00e9 zrychlen\u00e9 nebo nam\u00e1hav\u00e9 d\u00fdch\u00e1n\u00ed<\/h3>\r\n                                <div class=\"item_accord_arrow\">\r\n                                    <svg class=\"sicofill\">\r\n                                        <use href=\"https:\/\/apolinar.capta.cz\/wp-content\/themes\/apolinar\/assets\/layout\/icons.svg#s_ar2_d\"\/>\r\n                                    <\/svg>\r\n                                <\/div>\r\n                            <\/a>\r\n                            <div class=\"expand\">\r\n                                <div class=\"item_accord_inner page_content reset_margins\">\r\n                                                                                                                                                        <p><strong>P\u0159echodn\u00e9 zrychlen\u00e9 nebo nam\u00e1hav\u00e9 d\u00fdch\u00e1n\u00ed (transientn\u00ed tachypnoe novorozence)<\/strong>\u00a0po narozen\u00ed. Novorozence sledujeme na d\u011btsk\u00e9m boxe odd\u011blen\u00ed \u0161estined\u011bl\u00ed (i pokud vy\u017eaduj\u00ed kysl\u00edkovou terapii). \u010casto se stav d\u00edt\u011bte spont\u00e1nn\u011b uprav\u00ed b\u011bhem n\u011bkolika hodin. V p\u0159\u00edpad\u011b komplikac\u00ed se o miminko postar\u00e1me na na\u0161em specializovan\u00e9m odd\u011blen\u00ed intenzivn\u00ed p\u00e9\u010de.<\/p>\n                                                                    <\/div>\r\n                            <\/div>\r\n                        <\/div>\r\n                                            <!-- ITEM -->\r\n                        <div class=\"item_accord item\">\r\n                            <a href=\"#\" role=\"button\" class=\"item_accord_head head\">\r\n                                <h3 class=\"item_accord_title\">Z\u00e1n\u011bt spojivek<\/h3>\r\n                                <div class=\"item_accord_arrow\">\r\n                                    <svg class=\"sicofill\">\r\n                                        <use href=\"https:\/\/apolinar.capta.cz\/wp-content\/themes\/apolinar\/assets\/layout\/icons.svg#s_ar2_d\"\/>\r\n                                    <\/svg>\r\n                                <\/div>\r\n                            <\/a>\r\n                            <div class=\"expand\">\r\n                                <div class=\"item_accord_inner page_content reset_margins\">\r\n                                                                                                                                                        <p><strong>Z\u00e1n\u011bt spojivek (konjunktivitida)<\/strong>, kter\u00fd se m\u016f\u017ee prvn\u00edch dnech po narozen\u00ed projevit sekrec\u00ed z o\u010d\u00ed. P\u0159\u00ed\u010dinou je pr\u016fchod miminka porodn\u00edmi cestami os\u00eddlen\u00fdmi \u0159adou mikrob\u016f. O\u010di o\u0161et\u0159ujeme o\u010dn\u00edmi kapkami.<\/p>\n                                                                    <\/div>\r\n                            <\/div>\r\n                        <\/div>\r\n                                            <!-- ITEM -->\r\n                        <div class=\"item_accord item\">\r\n                            <a href=\"#\" role=\"button\" class=\"item_accord_head head\">\r\n                                <h3 class=\"item_accord_title\">Poran\u011bn\u00ed novorozence<\/h3>\r\n                                <div class=\"item_accord_arrow\">\r\n                                    <svg class=\"sicofill\">\r\n                                        <use href=\"https:\/\/apolinar.capta.cz\/wp-content\/themes\/apolinar\/assets\/layout\/icons.svg#s_ar2_d\"\/>\r\n                                    <\/svg>\r\n                                <\/div>\r\n                            <\/a>\r\n                            <div class=\"expand\">\r\n                                <div class=\"item_accord_inner page_content reset_margins\">\r\n                                                                                                                                                        <p>B\u011bhem porodu m\u016f\u017ee doj\u00edt k\u00a0<strong>poran\u011bn\u00ed novorozence<\/strong>. Nej\u010dast\u011bji jsou to poran\u011bn\u00ed vlasat\u00e9 \u010d\u00e1sti hlavi\u010dky n\u00e1sledkem tlaku v porodn\u00edch cest\u00e1ch, mod\u0159inky z\u00edskan\u00e9 b\u011bhem vybavovan\u00ed miminka nebo zlomen\u00ed kl\u00ed\u010dov\u00e9 kosti. V\u011bt\u0161ina poran\u011bn\u00ed nen\u00ed komplikovan\u00e1 a zahoj\u00ed se bez n\u00e1sledk\u016f. V\u00e1\u017en\u011bj\u0161\u00ed poran\u011bn\u00ed jsou vz\u00e1cn\u00e1.<\/p>\n                                                                    <\/div>\r\n                            <\/div>\r\n                        <\/div>\r\n                                            <!-- ITEM -->\r\n                        <div class=\"item_accord item\">\r\n                            <a href=\"#\" role=\"button\" class=\"item_accord_head head\">\r\n                                <h3 class=\"item_accord_title\">Sledov\u00e1n\u00ed novorozenc\u016f matek os\u00eddlen\u00fdch Streptokokem agalatiae<\/h3>\r\n                                <div class=\"item_accord_arrow\">\r\n                                    <svg class=\"sicofill\">\r\n                                        <use href=\"https:\/\/apolinar.capta.cz\/wp-content\/themes\/apolinar\/assets\/layout\/icons.svg#s_ar2_d\"\/>\r\n                                    <\/svg>\r\n                                <\/div>\r\n                            <\/a>\r\n                            <div class=\"expand\">\r\n                                <div class=\"item_accord_inner page_content reset_margins\">\r\n                                                                                                                                                        <p><strong>Sledov\u00e1n\u00ed novorozenc\u016f matek os\u00eddlen\u00fdch Streptokokem agalatiae (GBS)<\/strong>, kdy maminky mohou m\u00edt v porodn\u00edch cest\u00e1ch, kde se p\u0159irozen\u011b vyskytuje mnoho mikrob\u016f, i bakterii \u201esteptokokus agalatiae\u201c, kter\u00e1 p\u0159edstavuje zv\u00fd\u0161en\u00e9 riziko pro vznik \u010dasn\u00e9 novorozeneck\u00e9 infekce. Pokud je bakterie u maminky p\u0159\u00edtomna, pod\u00e1vaj\u00ed se matce v pr\u016fb\u011bhu porodu preventivn\u011b antibiotika (ATB). Pokud se pod\u00e1n\u00ed ATB vzhledem k\u202frychlosti porodu nestihne, sledujeme pravideln\u011b u novorozence b\u011bhem prvn\u00edch 48 hodin \u017eivota d\u00fdch\u00e1n\u00ed, srde\u010dn\u00ed akci a t\u011blesnou teplotu, ale miminka i b\u011bhem sledov\u00e1n\u00ed z\u016fst\u00e1vaj\u00ed s\u202fmaminkou na pokoji \u0161estined\u011bl\u00ed.<\/p>\n                                                                    <\/div>\r\n                            <\/div>\r\n                        <\/div>\r\n                                    <\/div>\r\n                    <\/div>\r\n    <\/section>\r\n\n\n                <!-- TEXT BLOCK -->\r\n        <section\r\n                class=\" pdb-40 \"\r\n            >\r\n            <div class=\"wrapper2 text_block\">\r\n                                                                                                    <h3 class=\"title_h3 text_center_mdm\">Kojen\u00ed<\/h3>\r\n                                                <div class=\"page_content reset_margins\">\r\n                                                                                        <p>Mate\u0159sk\u00e9 ml\u00e9ko je nejide\u00e1ln\u011bj\u0161\u00ed v\u00fd\u017eivou pro Va\u0161e d\u00edt\u011b. P\u0159in\u00e1\u0161\u00ed v\u00fdhody d\u00edt\u011bti i V\u00e1m. Na\u0161e sestry, lakta\u010dn\u00ed poradkyn\u011b, V\u00e1s nau\u010d\u00ed spr\u00e1vn\u00e9 technice kojen\u00ed, odst\u0159\u00edk\u00e1v\u00e1n\u00ed a p\u00e9\u010de o prsa. V p\u0159\u00edpad\u011b pot\u0159eby V\u00e1m uk\u00e1\u017eou alternativn\u00ed zp\u016fsoby krmen\u00ed.<\/p>\n<p><a href=\"http:\/\/www.kojeni.cz\/\">www.kojeni.cz<\/a><\/p>\n                                    <\/div>\r\n            <\/div>\r\n        <\/section>\r\n    \n\n                <!-- TEXT BLOCK -->\r\n        <section\r\n                class=\" pdb-80 \"\r\n            >\r\n            <div class=\"wrapper2 text_block\">\r\n                                                                                                    <h3 class=\"title_h3 text_center_mdm\">Novorozeneck\u00fd screening<\/h3>\r\n                                                <div class=\"page_content reset_margins\">\r\n                                                                                        <p>Screeningov\u00e9ho vy\u0161et\u0159en\u00ed je aktivn\u00ed a celoplo\u0161n\u00e9 (celost\u00e1tn\u00ed) c\u00edlen\u00e9 vyhled\u00e1v\u00e1n\u00ed ur\u010dit\u00e9ho onemocn\u011bn\u00ed je\u0161t\u011b d\u0159\u00edve, ne\u017e se projev\u00ed probl\u00e9my u d\u00edt\u011bte a umo\u017e\u0148uje v\u010das zah\u00e1jit l\u00e9\u010dbu, pokud je mo\u017en\u00e1. V\u0161em screeningov\u00fdm vy\u0161et\u0159en\u00edm mohou b\u00fdt p\u0159\u00edtomni rodi\u010de. Kter\u00e1 screeningov\u00e1 vy\u0161et\u0159en\u00ed u novorozenc\u016f standardn\u011b prov\u00e1d\u00edme b\u011bhem pobytu v\u202fporodnici?<\/p>\n<ul>\n<li>screening vrozen\u00e9 katarakty (\u0161ed\u00e9ho z\u00e1kalu) \u2013 pomoc\u00ed oftalmoskopu se kr\u00e1tce pod\u00edv\u00e1me novorozenci do o\u010d\u00ed, vy\u0161et\u0159en\u00ed se prov\u00e1d\u00ed bez rozkap\u00e1n\u00ed o\u010d\u00ed.<\/li>\n<li>screening vrozen\u00e9 hluchoty (vy\u0161et\u0159en\u00ed evokovan\u00fdch otoakustick\u00fdch emis\u00ed) \u2013 prov\u00e1d\u00edme zpravidla po 2. dni \u017eivota. Vy\u0161et\u0159en\u00ed trv\u00e1 n\u011bkolik minut. D\u011btem do zevn\u00edho zvukovodu zavedeme malou sondi\u010dku a pomoc\u00ed speci\u00e1ln\u00edho p\u0159\u00edstroje m\u011b\u0159\u00edme kvalitu p\u0159enosu zvuku. Vy\u0161et\u0159en\u00ed je bezbolestn\u00e9.\u00a0<a href=\"https:\/\/www.otorinolaryngologie.cz\/content\/uploads\/2020\/02\/ppp-screening-sluchu-novorozencu.pdf\">V\u00edce informac\u00ed<\/a>.<\/li>\n<li>novorozeneck\u00fd laboratorn\u00ed screening d\u011bdi\u010dn\u00fdch metabolick\u00fd vad \u2013 mezi 48. a 72. hod \u017eivota odebereme mali\u010dk\u00e9 mno\u017estv\u00ed krve z\u202fpati\u010dky, aktu\u00e1ln\u011b vy\u0161et\u0159ujeme 21 vrozen\u00fdch onemocn\u011bn\u00ed v\u010detn\u011b nov\u011b doporu\u010den\u00e9ho screeningu spin\u00e1ln\u00ed muskul\u00e1rn\u00ed atrofie (SMA), skupiny onemocn\u011bn\u00ed t\u011b\u017ek\u00e9 kombinovan\u00e9 imunodeficience (SCID) a vrozen\u00e9ho deficitu vitaminu B 12.\u00a0<a href=\"http:\/\/www.novorozeneckyscreening.cz\/\">www.novorozeneckyscreening.cz<\/a><\/li>\n<li>screening vrozen\u00e9 poruchy v\u00fdvoje (dyspl\u00e1zie) ky\u010deln\u00edho kloubu \u2013 orienta\u010dn\u00ed klinick\u00e9 vy\u0161et\u0159en\u00ed ky\u010dl\u00ed neonatologem.<\/li>\n<li>screening vrozen\u00e9ho z\u00fa\u017een\u00ed (koarktace) aorty \u2013 p\u0159i vy\u0161et\u0159en\u00ed hmat\u00e1me puls na stehenn\u00edch tepn\u00e1ch.<\/li>\n<li>screening roz\u0161t\u011bpu patra \u2013 u\u017e b\u011bhem prvn\u00edho vy\u0161et\u0159en\u00ed po narozen\u00ed kontrolujeme hmatem a pohledem m\u011bkk\u00e9 i tvrd\u00e9 patro v\u202f\u00fastech novorozence.\u00a0<a href=\"https:\/\/www.nzip.cz\/clanek\/644-rozstepy-rtu-a-patra\">V\u00edce informac\u00ed<\/a>.<\/li>\n<\/ul>\n                                    <\/div>\r\n            <\/div>\r\n        <\/section>\r\n    ","protected":false},"excerpt":{"rendered":"","protected":false},"author":3,"featured_media":0,"parent":4001,"menu_order":0,"comment_status":"closed","ping_status":"closed","template":"","meta":{"_acf_changed":false,"footnotes":""},"class_list":["post-1960","page","type-page","status-publish","hentry"],"acf":[],"yoast_head":"<!-- This site is optimized with the Yoast SEO plugin v25.5 - https:\/\/yoast.com\/wordpress\/plugins\/seo\/ -->\n<title>P\u00e9\u010de o novorozence po porodu - Porodnice U Apolin\u00e1\u0159e<\/title>\n<meta name=\"robots\" content=\"noindex, follow, max-snippet:-1, max-image-preview:large, max-video-preview:-1\" \/>\n<meta property=\"og:locale\" content=\"vi_VN\" \/>\n<meta property=\"og:type\" content=\"article\" \/>\n<meta property=\"og:title\" content=\"P\u00e9\u010de o novorozence po porodu - Porodnice U Apolin\u00e1\u0159e\" \/>\n<meta property=\"og:url\" content=\"https:\/\/apolinar.capta.cz\/vi\/neonatologie\/fyziologicky-novorozenec\/pece-o-novorozence-po-porodu-2\/\" \/>\n<meta property=\"og:site_name\" content=\"Porodnice U Apolin\u00e1\u0159e\" \/>\n<meta name=\"twitter:card\" content=\"summary_large_image\" \/>\n<script type=\"application\/ld+json\" class=\"yoast-schema-graph\">{\"@context\":\"https:\/\/schema.org\",\"@graph\":[{\"@type\":\"WebPage\",\"@id\":\"https:\/\/apolinar.capta.cz\/vi\/neonatologie\/fyziologicky-novorozenec\/pece-o-novorozence-po-porodu-2\/\",\"url\":\"https:\/\/apolinar.capta.cz\/vi\/neonatologie\/fyziologicky-novorozenec\/pece-o-novorozence-po-porodu-2\/\",\"name\":\"P\u00e9\u010de o novorozence po porodu - Porodnice U Apolin\u00e1\u0159e\",\"isPartOf\":{\"@id\":\"https:\/\/apolinar.capta.cz\/vi\/#website\"},\"datePublished\":\"2023-07-12T12:41:32+00:00\",\"breadcrumb\":{\"@id\":\"https:\/\/apolinar.capta.cz\/vi\/neonatologie\/fyziologicky-novorozenec\/pece-o-novorozence-po-porodu-2\/#breadcrumb\"},\"inLanguage\":\"vi-VN\",\"potentialAction\":[{\"@type\":\"ReadAction\",\"target\":[\"https:\/\/apolinar.capta.cz\/vi\/neonatologie\/fyziologicky-novorozenec\/pece-o-novorozence-po-porodu-2\/\"]}]},{\"@type\":\"BreadcrumbList\",\"@id\":\"https:\/\/apolinar.capta.cz\/vi\/neonatologie\/fyziologicky-novorozenec\/pece-o-novorozence-po-porodu-2\/#breadcrumb\",\"itemListElement\":[{\"@type\":\"ListItem\",\"position\":1,\"name\":\"Dom\u016f\",\"item\":\"https:\/\/apolinar.capta.cz\/vi\/\"},{\"@type\":\"ListItem\",\"position\":2,\"name\":\"P\u00e9\u010de o novorozence po porodu\"}]},{\"@type\":\"WebSite\",\"@id\":\"https:\/\/apolinar.capta.cz\/vi\/#website\",\"url\":\"https:\/\/apolinar.capta.cz\/vi\/\",\"name\":\"Porodnice U Apolin\u00e1\u0159e\",\"description\":\"Klinika gynekologie, porodnictv\u00ed a neonatologie 1. LF UK a VFN v Praze\",\"potentialAction\":[{\"@type\":\"SearchAction\",\"target\":{\"@type\":\"EntryPoint\",\"urlTemplate\":\"https:\/\/apolinar.capta.cz\/vi\/?s={search_term_string}\"},\"query-input\":{\"@type\":\"PropertyValueSpecification\",\"valueRequired\":true,\"valueName\":\"search_term_string\"}}],\"inLanguage\":\"vi-VN\"}]}<\/script>\n<!-- \/ Yoast SEO plugin. -->","yoast_head_json":{"title":"P\u00e9\u010de o novorozence po porodu - Porodnice U Apolin\u00e1\u0159e","robots":{"index":"noindex","follow":"follow","max-snippet":"max-snippet:-1","max-image-preview":"max-image-preview:large","max-video-preview":"max-video-preview:-1"},"og_locale":"vi_VN","og_type":"article","og_title":"P\u00e9\u010de o novorozence po porodu - Porodnice U Apolin\u00e1\u0159e","og_url":"https:\/\/apolinar.capta.cz\/vi\/neonatologie\/fyziologicky-novorozenec\/pece-o-novorozence-po-porodu-2\/","og_site_name":"Porodnice U Apolin\u00e1\u0159e","twitter_card":"summary_large_image","schema":{"@context":"https:\/\/schema.org","@graph":[{"@type":"WebPage","@id":"https:\/\/apolinar.capta.cz\/vi\/neonatologie\/fyziologicky-novorozenec\/pece-o-novorozence-po-porodu-2\/","url":"https:\/\/apolinar.capta.cz\/vi\/neonatologie\/fyziologicky-novorozenec\/pece-o-novorozence-po-porodu-2\/","name":"P\u00e9\u010de o novorozence po porodu - Porodnice U Apolin\u00e1\u0159e","isPartOf":{"@id":"https:\/\/apolinar.capta.cz\/vi\/#website"},"datePublished":"2023-07-12T12:41:32+00:00","breadcrumb":{"@id":"https:\/\/apolinar.capta.cz\/vi\/neonatologie\/fyziologicky-novorozenec\/pece-o-novorozence-po-porodu-2\/#breadcrumb"},"inLanguage":"vi-VN","potentialAction":[{"@type":"ReadAction","target":["https:\/\/apolinar.capta.cz\/vi\/neonatologie\/fyziologicky-novorozenec\/pece-o-novorozence-po-porodu-2\/"]}]},{"@type":"BreadcrumbList","@id":"https:\/\/apolinar.capta.cz\/vi\/neonatologie\/fyziologicky-novorozenec\/pece-o-novorozence-po-porodu-2\/#breadcrumb","itemListElement":[{"@type":"ListItem","position":1,"name":"Dom\u016f","item":"https:\/\/apolinar.capta.cz\/vi\/"},{"@type":"ListItem","position":2,"name":"P\u00e9\u010de o novorozence po porodu"}]},{"@type":"WebSite","@id":"https:\/\/apolinar.capta.cz\/vi\/#website","url":"https:\/\/apolinar.capta.cz\/vi\/","name":"Porodnice U Apolin\u00e1\u0159e","description":"Klinika gynekologie, porodnictv\u00ed a neonatologie 1. LF UK a VFN v Praze","potentialAction":[{"@type":"SearchAction","target":{"@type":"EntryPoint","urlTemplate":"https:\/\/apolinar.capta.cz\/vi\/?s={search_term_string}"},"query-input":{"@type":"PropertyValueSpecification","valueRequired":true,"valueName":"search_term_string"}}],"inLanguage":"vi-VN"}]}},"_links":{"self":[{"href":"https:\/\/apolinar.capta.cz\/vi\/wp-json\/wp\/v2\/pages\/1960","targetHints":{"allow":["GET"]}}],"collection":[{"href":"https:\/\/apolinar.capta.cz\/vi\/wp-json\/wp\/v2\/pages"}],"about":[{"href":"https:\/\/apolinar.capta.cz\/vi\/wp-json\/wp\/v2\/types\/page"}],"author":[{"embeddable":true,"href":"https:\/\/apolinar.capta.cz\/vi\/wp-json\/wp\/v2\/users\/3"}],"replies":[{"embeddable":true,"href":"https:\/\/apolinar.capta.cz\/vi\/wp-json\/wp\/v2\/comments?post=1960"}],"version-history":[{"count":0,"href":"https:\/\/apolinar.capta.cz\/vi\/wp-json\/wp\/v2\/pages\/1960\/revisions"}],"up":[{"embeddable":true,"href":"https:\/\/apolinar.capta.cz\/vi\/wp-json\/wp\/v2\/pages\/4001"}],"wp:attachment":[{"href":"https:\/\/apolinar.capta.cz\/vi\/wp-json\/wp\/v2\/media?parent=1960"}],"curies":[{"name":"wp","href":"https:\/\/api.w.org\/{rel}","templated":true}]}}