{"id":2393,"date":"2023-07-17T00:06:01","date_gmt":"2023-07-16T22:06:01","guid":{"rendered":"https:\/\/apolinar.eu\/?page_id=2393"},"modified":"2023-07-17T00:06:01","modified_gmt":"2023-07-16T22:06:01","slug":"studie","status":"publish","type":"page","link":"https:\/\/apolinar.capta.cz\/vi\/studie\/","title":{"rendered":"Studie"},"content":{"rendered":"                <!-- TEXT BLOCK -->\r\n        <section\r\n                class=\"pdt-80 pdb-40 \"\r\n            >\r\n            <div class=\"wrapper2 text_block\">\r\n                <h2 class=\"title_h2 text_center_mdm\">Studie<\/h2>                                                                                    <h3 class=\"title_h3 text_center_mdm\">Na na\u0161\u00ed klinice prov\u00e1d\u00edme \u0159adu sponzorovan\u00fdch i akademick\u00fdch klinick\u00fdch studi\u00ed a projekt\u016f.<\/h3>\r\n                                                <div class=\"page_content reset_margins\">\r\n                                                                                        <p>Sponzorovan\u00e9 studie prob\u00edhaj\u00ed ve spolupr\u00e1ci s v\u00fdzkumn\u011b-v\u00fdrobn\u00edmi \u0161pi\u010dkami v oblasti farmaceutick\u00e9ho v\u00fdvoje nov\u00fdch onkologick\u00fdch l\u00e9k\u016f a postup\u016f. Realizujeme klinick\u00e9 studie f\u00e1ze II a III u diagn\u00f3z karcinomu vaje\u010dn\u00edk\u016f, d\u011blohy a d\u011blo\u017en\u00edho \u010d\u00edpku.<\/p>\n<p>Akademick\u00e9 projekty jsou realizov\u00e1ny nekomer\u010dn\u00edmi subjekty, v\u011bt\u0161inou univerzitami a nemocnicemi. Na\u0161e klinika je rovn\u011b\u017e p\u0159\u00edm\u00fdm autorem n\u011bkolika akademick\u00fdch projekt\u016f.<\/p>\n<p>V\u0161echny prov\u00e1d\u011bn\u00e9 studie jsou schv\u00e1leny etickou komis\u00ed VFN a podl\u00e9haj\u00ed p\u0159\u00edsn\u00fdm pravidl\u016fm GCP (Good Clinical Practice). T\u00edm je zaji\u0161t\u011bna maxim\u00e1ln\u00ed ochrana zapojen\u00fdch pacientek. Disponujeme zku\u0161en\u00fdm t\u00fdmem studijn\u00edch l\u00e9ka\u0159\u016f, sester a koordin\u00e1torek, kte\u0159\u00ed zaji\u0161tuj\u00ed vysokou kvalitu proveden\u00ed klinick\u00fdch studi\u00ed. Bonita centra je zaji\u0161t\u011bna i mo\u017enost\u00ed vyu\u017eit\u00ed zobrazovac\u00edch metod dostupn\u00fdch v r\u00e1mci VFN.<\/p>\n                                    <\/div>\r\n            <\/div>\r\n        <\/section>\r\n    \n\n                <!-- TEXT BLOCK -->\r\n        <section\r\n                class=\"pdt-40 pdb-40 bg3\"\r\n            >\r\n            <div class=\"wrapper2 text_block\">\r\n                                                                                                                <div class=\"page_content reset_margins\">\r\n                                                                                        <p>R\u00e1dy byste se zapojily do n\u011bkter\u00e9 z uveden\u00fdch onkologick\u00fdch studi\u00ed?<\/p>\n<p>Kontaktuje na\u0161e studijn\u00ed odd\u011blen\u00ed na tel. 224 96 7432 nebo 224 96 7496<\/p>\n<p>e &#8211; mail: simona.skacelova@vfn.cz<\/p>\n                                    <\/div>\r\n            <\/div>\r\n        <\/section>\r\n    \n\n                <div class=\"pdt-80 pdb-80 \"\r\n            >\r\n            <div class=\"wrapper2\">\r\n                <div class=\"grid small-space\">\r\n                                            <div class=\"box text_center col2 col1_lgm offset pd-40 pd-25md\">\r\n                            <a href=\"#\" title=\"Seznam \">\r\n                                <h3 class=\"title_h4 color2 text_uc\">Seznam <\/h3>\r\n                                <div class=\"page_content no_margins\">\r\n                                    <p><a href=\"https:\/\/vfnpraha-my.sharepoint.com\/:x:\/r\/personal\/104823_vfn_cz\/_layouts\/15\/Doc.aspx?sourcedoc=%7B7C853E1A-C222-4271-A322-277A52D4383B%7D&amp;file=seznam%20studii%CC%81_pro%20web%20(1).xlsx&amp;action=default&amp;mobileredirect=true\">Seznam studi\u00ed<\/a><\/p>\n                                <\/div>\r\n                            <\/a>\r\n                        <\/div>\r\n                                    <\/div>\r\n            <\/div>\r\n        <\/div>\r\n    ","protected":false},"excerpt":{"rendered":"","protected":false},"author":6,"featured_media":0,"parent":0,"menu_order":0,"comment_status":"closed","ping_status":"closed","template":"","meta":{"_acf_changed":false,"footnotes":""},"class_list":["post-2393","page","type-page","status-publish","hentry"],"acf":[],"yoast_head":"<!-- This site is optimized with the Yoast SEO plugin v25.5 - https:\/\/yoast.com\/wordpress\/plugins\/seo\/ -->\n<title>Studie - Porodnice U Apolin\u00e1\u0159e<\/title>\n<meta name=\"robots\" content=\"noindex, follow, max-snippet:-1, max-image-preview:large, max-video-preview:-1\" \/>\n<meta property=\"og:locale\" content=\"vi_VN\" \/>\n<meta property=\"og:type\" content=\"article\" \/>\n<meta property=\"og:title\" content=\"Studie - Porodnice U Apolin\u00e1\u0159e\" \/>\n<meta property=\"og:url\" content=\"https:\/\/apolinar.capta.cz\/vi\/studie\/\" \/>\n<meta property=\"og:site_name\" content=\"Porodnice U Apolin\u00e1\u0159e\" \/>\n<meta name=\"twitter:card\" content=\"summary_large_image\" \/>\n<script type=\"application\/ld+json\" class=\"yoast-schema-graph\">{\"@context\":\"https:\/\/schema.org\",\"@graph\":[{\"@type\":\"WebPage\",\"@id\":\"https:\/\/apolinar.capta.cz\/vi\/studie\/\",\"url\":\"https:\/\/apolinar.capta.cz\/vi\/studie\/\",\"name\":\"Studie - Porodnice U Apolin\u00e1\u0159e\",\"isPartOf\":{\"@id\":\"https:\/\/apolinar.capta.cz\/vi\/#website\"},\"datePublished\":\"2023-07-16T22:06:01+00:00\",\"breadcrumb\":{\"@id\":\"https:\/\/apolinar.capta.cz\/vi\/studie\/#breadcrumb\"},\"inLanguage\":\"vi-VN\",\"potentialAction\":[{\"@type\":\"ReadAction\",\"target\":[\"https:\/\/apolinar.capta.cz\/vi\/studie\/\"]}]},{\"@type\":\"BreadcrumbList\",\"@id\":\"https:\/\/apolinar.capta.cz\/vi\/studie\/#breadcrumb\",\"itemListElement\":[{\"@type\":\"ListItem\",\"position\":1,\"name\":\"Dom\u016f\",\"item\":\"https:\/\/apolinar.capta.cz\/vi\/\"},{\"@type\":\"ListItem\",\"position\":2,\"name\":\"Studie\"}]},{\"@type\":\"WebSite\",\"@id\":\"https:\/\/apolinar.capta.cz\/vi\/#website\",\"url\":\"https:\/\/apolinar.capta.cz\/vi\/\",\"name\":\"Porodnice U Apolin\u00e1\u0159e\",\"description\":\"Klinika gynekologie, porodnictv\u00ed a neonatologie 1. LF UK a VFN v Praze\",\"potentialAction\":[{\"@type\":\"SearchAction\",\"target\":{\"@type\":\"EntryPoint\",\"urlTemplate\":\"https:\/\/apolinar.capta.cz\/vi\/?s={search_term_string}\"},\"query-input\":{\"@type\":\"PropertyValueSpecification\",\"valueRequired\":true,\"valueName\":\"search_term_string\"}}],\"inLanguage\":\"vi-VN\"}]}<\/script>\n<!-- \/ Yoast SEO plugin. -->","yoast_head_json":{"title":"Studie - Porodnice U Apolin\u00e1\u0159e","robots":{"index":"noindex","follow":"follow","max-snippet":"max-snippet:-1","max-image-preview":"max-image-preview:large","max-video-preview":"max-video-preview:-1"},"og_locale":"vi_VN","og_type":"article","og_title":"Studie - Porodnice U Apolin\u00e1\u0159e","og_url":"https:\/\/apolinar.capta.cz\/vi\/studie\/","og_site_name":"Porodnice U Apolin\u00e1\u0159e","twitter_card":"summary_large_image","schema":{"@context":"https:\/\/schema.org","@graph":[{"@type":"WebPage","@id":"https:\/\/apolinar.capta.cz\/vi\/studie\/","url":"https:\/\/apolinar.capta.cz\/vi\/studie\/","name":"Studie - Porodnice U Apolin\u00e1\u0159e","isPartOf":{"@id":"https:\/\/apolinar.capta.cz\/vi\/#website"},"datePublished":"2023-07-16T22:06:01+00:00","breadcrumb":{"@id":"https:\/\/apolinar.capta.cz\/vi\/studie\/#breadcrumb"},"inLanguage":"vi-VN","potentialAction":[{"@type":"ReadAction","target":["https:\/\/apolinar.capta.cz\/vi\/studie\/"]}]},{"@type":"BreadcrumbList","@id":"https:\/\/apolinar.capta.cz\/vi\/studie\/#breadcrumb","itemListElement":[{"@type":"ListItem","position":1,"name":"Dom\u016f","item":"https:\/\/apolinar.capta.cz\/vi\/"},{"@type":"ListItem","position":2,"name":"Studie"}]},{"@type":"WebSite","@id":"https:\/\/apolinar.capta.cz\/vi\/#website","url":"https:\/\/apolinar.capta.cz\/vi\/","name":"Porodnice U Apolin\u00e1\u0159e","description":"Klinika gynekologie, porodnictv\u00ed a neonatologie 1. LF UK a VFN v Praze","potentialAction":[{"@type":"SearchAction","target":{"@type":"EntryPoint","urlTemplate":"https:\/\/apolinar.capta.cz\/vi\/?s={search_term_string}"},"query-input":{"@type":"PropertyValueSpecification","valueRequired":true,"valueName":"search_term_string"}}],"inLanguage":"vi-VN"}]}},"_links":{"self":[{"href":"https:\/\/apolinar.capta.cz\/vi\/wp-json\/wp\/v2\/pages\/2393","targetHints":{"allow":["GET"]}}],"collection":[{"href":"https:\/\/apolinar.capta.cz\/vi\/wp-json\/wp\/v2\/pages"}],"about":[{"href":"https:\/\/apolinar.capta.cz\/vi\/wp-json\/wp\/v2\/types\/page"}],"author":[{"embeddable":true,"href":"https:\/\/apolinar.capta.cz\/vi\/wp-json\/wp\/v2\/users\/6"}],"replies":[{"embeddable":true,"href":"https:\/\/apolinar.capta.cz\/vi\/wp-json\/wp\/v2\/comments?post=2393"}],"version-history":[{"count":0,"href":"https:\/\/apolinar.capta.cz\/vi\/wp-json\/wp\/v2\/pages\/2393\/revisions"}],"wp:attachment":[{"href":"https:\/\/apolinar.capta.cz\/vi\/wp-json\/wp\/v2\/media?parent=2393"}],"curies":[{"name":"wp","href":"https:\/\/api.w.org\/{rel}","templated":true}]}}