{"id":2432,"date":"2023-07-17T14:28:54","date_gmt":"2023-07-17T12:28:54","guid":{"rendered":"https:\/\/apolinar.eu\/?page_id=2432"},"modified":"2023-07-17T14:28:54","modified_gmt":"2023-07-17T12:28:54","slug":"pribehy-pacientu","status":"publish","type":"page","link":"https:\/\/apolinar.capta.cz\/vi\/pribehy-pacientu\/","title":{"rendered":"P\u0159\u00edb\u011bhy pacient\u016f"},"content":{"rendered":"                <div class=\"wrapper2 pdt-80 pdb-40 \"\r\n            >\r\n            <div class=\"text_block\">\r\n                                <div class=\"page_content reset_margins\">\r\n                                                        <\/div>\r\n            <\/div>\r\n                                <\/div>\r\n    \n\n        <section\r\n            class=\"pdt-40 pdb-40 \"\r\n        >\r\n        <div class=\"wrapper2\">\r\n                            <div class=\"text_block observe anim_drop1 anim_delay\">\r\n                    <h2 class=\"title_h2 \">Oce\u0148uji klid, jak\u00fdm jste o m\u011b pe\u010dovali <\/h2>                                                            <div class=\"page_content reset_margins\">\r\n                        <p><p>Jednou k ve\u010deru, ve 33. ty\u0301dnu t\u011bhotenstv\u00ed, m\u011b za\u010dalo p\u00edchat vpravo pod \u017eebry. Bolest ani po hodin\u011b nep\u0159estala, proto jsem jela na pohotovost do kladensk\u00e9 nemocnice, kde m\u011b ihned vzali na s\u00e1l a provedli mi c\u00edsa\u0159sky\u0301 \u0159ez.<\/p>\n<\/p>\r\n                    <\/div>\r\n                                            <a href=\"https:\/\/apolinar.capta.cz\/pribehy-pacientu-porodnice\/\"\r\n                           title=\"P\u0159e\u010dt\u011bte si v\u00edce\"\r\n                           target=\"_blank\"                           class=\"btn_basic\">\r\n                            P\u0159e\u010dt\u011bte si v\u00edce                        <\/a>\r\n                                    <\/div>\r\n                    <\/div>\r\n    <\/section>\r\n\n\n        <section\r\n            class=\"pdt-40 pdb-40 bg3\"\r\n        >\r\n        <div class=\"wrapper2\">\r\n                            <div class=\"text_block observe anim_drop1 anim_delay\">\r\n                    <h2 class=\"title_h2 \">Poh\u00e1dka se \u0161\u0165astny\u0301m koncem<\/h2>                                                            <div class=\"page_content reset_margins\">\r\n                        <p><p>Jsem \u201esilny\u0301 ro\u010dn\u00edk 70\u201d, krom\u011b \u010dty\u0159 porod\u016f jsem nikdy nebyla v nemocnici. Ale co \u010dert necht\u011bl, v d\u011bloze mi velmi rychle narostl velky\u0301 myom a byla nutn\u00e1 operace. M\u00e1vnut\u00edm proutku jsem se 11. ledna 2023 ocitla s vidinou<br \/>\nlaparoskopick\u00e9 operace v poh\u00e1dkov\u00e9m hradu u Apolin\u00e1\u0159e s vy\u0301hledem na ko\u010di\u010d\u00ed rodinku v zahrad\u011b. Tak uklid\u0148uj\u00edc\u00ed!<\/p>\n<\/p>\r\n                    <\/div>\r\n                                            <a href=\"https:\/\/apolinar.capta.cz\/pribehy-pacientu-gyn\/\"\r\n                           title=\"P\u0159e\u010dt\u011bte si v\u00edce\"\r\n                           target=\"_blank\"                           class=\"btn_basic\">\r\n                            P\u0159e\u010dt\u011bte si v\u00edce                        <\/a>\r\n                                    <\/div>\r\n                    <\/div>\r\n    <\/section>\r\n\n\n        <section\r\n            class=\"pdt-40 pdb-40 \"\r\n        >\r\n        <div class=\"wrapper2\">\r\n                            <div class=\"text_block observe anim_drop1 anim_delay\">\r\n                    <h2 class=\"title_h2 \">Druh\u00e1 \u0161ance na \u017eivot<\/h2>                                                            <div class=\"page_content reset_margins\">\r\n                        <p><p>M\u00e9 jm\u00e9no je Ivana Neuvirthov\u00e1 (D\u011bdi\u010dov\u00e1), je mi 60 let a d\u00edky skv\u011bly\u0301m l\u00e9ka\u0159\u016fm a sest\u0159i\u010dk\u00e1m<br \/>\nz onkogynekologick\u00e9ho centra u Apolin\u00e1\u0159e jsem dostala druhou \u0161anci na \u017eivot.<\/p>\n<\/p>\r\n                    <\/div>\r\n                                            <a href=\"https:\/\/apolinar.capta.cz\/pribehy-pacientu-onko\/\"\r\n                           title=\"P\u0159e\u010dt\u011bte si v\u00edce\"\r\n                           target=\"_blank\"                           class=\"btn_basic\">\r\n                            P\u0159e\u010dt\u011bte si v\u00edce                        <\/a>\r\n                                    <\/div>\r\n                    <\/div>\r\n    <\/section>\r\n\n\n        <section\r\n            class=\"pdt-40 pdb-40 bg3\"\r\n        >\r\n        <div class=\"wrapper2\">\r\n                            <div class=\"text_block observe anim_drop1 anim_delay\">\r\n                    <h2 class=\"title_h2 \">Hlavn\u00ed je v sob\u011b naj\u00edt s\u00edlu a nevzdat to<\/h2>                                            <div class=\"tags responsive\">\r\n                            <div class=\"inner justify-center-mdm\">\r\n                                                                                                            <a href=\"https:\/\/www.nadace-hippokrates.cz\/\"\r\n                                           title=\"nada\u010dn\u00ed fond Hippokrates\"\r\n                                           target=\"_blank\">\r\n                                            nada\u010dn\u00ed fond Hippokrates                                        <\/a>\r\n                                                                                                <\/div>\r\n                        <\/div>\r\n                                                            <div class=\"page_content reset_margins\">\r\n                        <p><p>Zp\u011bva\u010dka Radka Fi\u0161arov\u00e1 hovo\u0159\u00ed o sv\u00e9m \u00fasp\u011b\u0161n\u00e9m boji s rakovinou d\u011blo\u017en\u00edho \u010d\u00edpku.<br \/>\nVideo vzniklo jako sou\u010d\u00e1st osv\u011btov\u00fdch aktivit Nada\u010dn\u00edho fondu Hippokrates.<\/p>\n<\/p>\r\n                    <\/div>\r\n                                            <a href=\"https:\/\/youtu.be\/gb2P5vORfMY?si=3gSgHEyBMmo1vRat\"\r\n                           title=\"Pod\u00edvejte se\"\r\n                           target=\"_blank\"                           class=\"btn_basic\">\r\n                            Pod\u00edvejte se                        <\/a>\r\n                                    <\/div>\r\n                    <\/div>\r\n    <\/section>\r\n\n\n        <section\r\n            class=\"pdt-40 pdb-40 \"\r\n        >\r\n        <div class=\"wrapper2\">\r\n                            <div class=\"text_block observe anim_drop1 anim_delay\">\r\n                    <h2 class=\"title_h2 \">Klobouk dol\u016f p\u0159ed v\u0161emi zdravotn\u00edky u Apolin\u00e1\u0159e<\/h2>                                            <div class=\"tags responsive\">\r\n                            <div class=\"inner justify-center-mdm\">\r\n                                                                                                            <a href=\"https:\/\/www.nadace-hippokrates.cz\/\"\r\n                                           title=\"NADA\u010cN\u00cd FOND HIPPOKRATES\"\r\n                                           target=\"_blank\">\r\n                                            NADA\u010cN\u00cd FOND HIPPOKRATES                                        <\/a>\r\n                                                                                                <\/div>\r\n                        <\/div>\r\n                                                            <div class=\"page_content reset_margins\">\r\n                        <p><p>Pan\u00ed Kate\u0159ina sd\u00edl\u00ed sv\u00e9 zku\u0161enosti s l\u00e9\u010dbou rakoviny vaje\u010dn\u00edku. Video vzniklo jako sou\u010d\u00e1st osv\u011btov\u00fdch aktivit Nada\u010dn\u00edho fondu Hippokrates.<\/p>\n<\/p>\r\n                    <\/div>\r\n                                            <a href=\"https:\/\/www.youtube.com\/watch?si=zYLBU43Bv0bxicoW&#038;v=kHAfJlZ1dfg&#038;feature=youtu.be\"\r\n                           title=\"POD\u00cdVEJTE SE\"\r\n                           target=\"_blank\"                           class=\"btn_basic\">\r\n                            POD\u00cdVEJTE SE                        <\/a>\r\n                                    <\/div>\r\n                    <\/div>\r\n    <\/section>\r\n\n\n        <section\r\n            class=\"pdt-40 pdb-40 bg3\"\r\n        >\r\n        <div class=\"wrapper2\">\r\n                            <div class=\"text_block observe anim_drop1 anim_delay\">\r\n                    <h2 class=\"title_h2 \">M\u011bla jsem \u0161t\u011bst\u00ed, \u017ee jsem mohla vstoupit do klinick\u00e9 studie<\/h2>                                            <div class=\"tags responsive\">\r\n                            <div class=\"inner justify-center-mdm\">\r\n                                                                                                            <a href=\"https:\/\/www.nadace-hippokrates.cz\/\"\r\n                                           title=\"NADA\u010cN\u00cd FOND HIPPOKRATES\"\r\n                                           target=\"_blank\">\r\n                                            NADA\u010cN\u00cd FOND HIPPOKRATES                                        <\/a>\r\n                                                                                                <\/div>\r\n                        <\/div>\r\n                                                            <div class=\"page_content reset_margins\">\r\n                        <p><p>Pan\u00ed Eva popisuje sv\u00e9 zku\u0161enosti s rakovinou vaje\u010dn\u00edk\u016f a s l\u00e9\u010dbou v r\u00e1mci klinick\u00e9 studie. Video vzniklo jako sou\u010d\u00e1st osv\u011btov\u00fdch aktivit Nada\u010dn\u00edho fondu Hippokrates.<\/p>\n<\/p>\r\n                    <\/div>\r\n                                            <a href=\"https:\/\/youtu.be\/Tt5y1Q5sXNI?si=oKqDAMKOmO1CJuGh\"\r\n                           title=\"POD\u00cdVEJTE SE\"\r\n                           target=\"_blank\"                           class=\"btn_basic\">\r\n                            POD\u00cdVEJTE SE                        <\/a>\r\n                                    <\/div>\r\n                    <\/div>\r\n    <\/section>\r\n\n\n        <section\r\n            class=\"pdt-40 pdb-40 \"\r\n        >\r\n        <div class=\"wrapper2\">\r\n                            <div class=\"text_block observe anim_drop1 anim_delay\">\r\n                    <h2 class=\"title_h2 \">V\u0161ichni d\u011blali v\u0161e pro to, abych se c\u00edtila l\u00e9pe<\/h2>                                            <div class=\"tags responsive\">\r\n                            <div class=\"inner justify-center-mdm\">\r\n                                                                                                            <a href=\"https:\/\/www.nadace-hippokrates.cz\/\"\r\n                                           title=\"NADA\u010cN\u00cd FOND HIPPOKRATES\"\r\n                                           target=\"_blank\">\r\n                                            NADA\u010cN\u00cd FOND HIPPOKRATES                                        <\/a>\r\n                                                                                                <\/div>\r\n                        <\/div>\r\n                                                            <div class=\"page_content reset_margins\">\r\n                        <p><p>Pan\u00ed Ivana vypr\u00e1v\u00ed sv\u016fj p\u0159\u00edb\u011bh \u2013 vyl\u00e9\u010dila se z rakoviny vaje\u010dn\u00edku. Video vzniklo jako sou\u010d\u00e1st osv\u011btov\u00fdch aktivit Nada\u010dn\u00edho fondu Hippokrates.<\/p>\n<\/p>\r\n                    <\/div>\r\n                                            <a href=\"https:\/\/www.youtube.com\/watch?si=gthad3GKeb3-7qR5&#038;v=Th_peccwkc8&#038;feature=youtu.be\"\r\n                           title=\"POD\u00cdVEJTE SE\"\r\n                           target=\"_blank\"                           class=\"btn_basic\">\r\n                            POD\u00cdVEJTE SE                        <\/a>\r\n                                    <\/div>\r\n                    <\/div>\r\n    <\/section>\r\n\n\n        <section\r\n            class=\"pdt-40 pdb-40 bg3\"\r\n        >\r\n        <div class=\"wrapper2\">\r\n                            <div class=\"text_block observe anim_drop1 anim_delay\">\r\n                    <h2 class=\"title_h2 \">Psychologickou podporu jsme vyu\u017eili r\u00e1di<\/h2>                                            <div class=\"tags responsive\">\r\n                            <div class=\"inner justify-center-mdm\">\r\n                                                                                                            <a href=\"https:\/\/www.nadace-hippokrates.cz\/\"\r\n                                           title=\"NADA\u010cN\u00cd FOND HIPPOKRATES\"\r\n                                           target=\"_blank\">\r\n                                            NADA\u010cN\u00cd FOND HIPPOKRATES                                        <\/a>\r\n                                                                                                <\/div>\r\n                        <\/div>\r\n                                                            <div class=\"page_content reset_margins\">\r\n                        <p><p>Man\u017eele Schrutovi sd\u00edlej\u00ed zku\u0161enosti s odbornou psychologickou podporou u Apolin\u00e1\u0159e. Video vzniklo jako sou\u010d\u00e1st osv\u011btov\u00fdch aktivit Nada\u010dn\u00edho fondu Hippokrates.<\/p>\n<\/p>\r\n                    <\/div>\r\n                                            <a href=\"https:\/\/www.youtube.com\/watch?si=I6IJyvzscOX1X6_A&#038;v=aSSgE7qo-LQ&#038;feature=youtu.be\"\r\n                           title=\"POD\u00cdVEJTE SE\"\r\n                           target=\"_blank\"                           class=\"btn_basic\">\r\n                            POD\u00cdVEJTE SE                        <\/a>\r\n                                    <\/div>\r\n                    <\/div>\r\n    <\/section>\r\n","protected":false},"excerpt":{"rendered":"","protected":false},"author":6,"featured_media":0,"parent":0,"menu_order":0,"comment_status":"closed","ping_status":"closed","template":"","meta":{"_acf_changed":false,"footnotes":""},"class_list":["post-2432","page","type-page","status-publish","hentry"],"acf":[],"yoast_head":"<!-- This site is optimized with the Yoast SEO plugin v25.5 - https:\/\/yoast.com\/wordpress\/plugins\/seo\/ -->\n<title>P\u0159\u00edb\u011bhy pacient\u016f - Porodnice U Apolin\u00e1\u0159e<\/title>\n<meta name=\"robots\" content=\"noindex, follow, max-snippet:-1, max-image-preview:large, max-video-preview:-1\" \/>\n<meta property=\"og:locale\" content=\"vi_VN\" \/>\n<meta property=\"og:type\" content=\"article\" \/>\n<meta property=\"og:title\" content=\"P\u0159\u00edb\u011bhy pacient\u016f - Porodnice U Apolin\u00e1\u0159e\" \/>\n<meta property=\"og:url\" content=\"https:\/\/apolinar.capta.cz\/vi\/pribehy-pacientu\/\" \/>\n<meta property=\"og:site_name\" content=\"Porodnice U Apolin\u00e1\u0159e\" \/>\n<meta name=\"twitter:card\" content=\"summary_large_image\" \/>\n<script type=\"application\/ld+json\" class=\"yoast-schema-graph\">{\"@context\":\"https:\/\/schema.org\",\"@graph\":[{\"@type\":\"WebPage\",\"@id\":\"https:\/\/apolinar.capta.cz\/vi\/pribehy-pacientu\/\",\"url\":\"https:\/\/apolinar.capta.cz\/vi\/pribehy-pacientu\/\",\"name\":\"P\u0159\u00edb\u011bhy pacient\u016f - Porodnice U Apolin\u00e1\u0159e\",\"isPartOf\":{\"@id\":\"https:\/\/apolinar.capta.cz\/vi\/#website\"},\"datePublished\":\"2023-07-17T12:28:54+00:00\",\"breadcrumb\":{\"@id\":\"https:\/\/apolinar.capta.cz\/vi\/pribehy-pacientu\/#breadcrumb\"},\"inLanguage\":\"vi-VN\",\"potentialAction\":[{\"@type\":\"ReadAction\",\"target\":[\"https:\/\/apolinar.capta.cz\/vi\/pribehy-pacientu\/\"]}]},{\"@type\":\"BreadcrumbList\",\"@id\":\"https:\/\/apolinar.capta.cz\/vi\/pribehy-pacientu\/#breadcrumb\",\"itemListElement\":[{\"@type\":\"ListItem\",\"position\":1,\"name\":\"Dom\u016f\",\"item\":\"https:\/\/apolinar.capta.cz\/vi\/\"},{\"@type\":\"ListItem\",\"position\":2,\"name\":\"P\u0159\u00edb\u011bhy pacient\u016f\"}]},{\"@type\":\"WebSite\",\"@id\":\"https:\/\/apolinar.capta.cz\/vi\/#website\",\"url\":\"https:\/\/apolinar.capta.cz\/vi\/\",\"name\":\"Porodnice U Apolin\u00e1\u0159e\",\"description\":\"Klinika gynekologie, porodnictv\u00ed a neonatologie 1. LF UK a VFN v Praze\",\"potentialAction\":[{\"@type\":\"SearchAction\",\"target\":{\"@type\":\"EntryPoint\",\"urlTemplate\":\"https:\/\/apolinar.capta.cz\/vi\/?s={search_term_string}\"},\"query-input\":{\"@type\":\"PropertyValueSpecification\",\"valueRequired\":true,\"valueName\":\"search_term_string\"}}],\"inLanguage\":\"vi-VN\"}]}<\/script>\n<!-- \/ Yoast SEO plugin. -->","yoast_head_json":{"title":"P\u0159\u00edb\u011bhy pacient\u016f - Porodnice U Apolin\u00e1\u0159e","robots":{"index":"noindex","follow":"follow","max-snippet":"max-snippet:-1","max-image-preview":"max-image-preview:large","max-video-preview":"max-video-preview:-1"},"og_locale":"vi_VN","og_type":"article","og_title":"P\u0159\u00edb\u011bhy pacient\u016f - Porodnice U Apolin\u00e1\u0159e","og_url":"https:\/\/apolinar.capta.cz\/vi\/pribehy-pacientu\/","og_site_name":"Porodnice U Apolin\u00e1\u0159e","twitter_card":"summary_large_image","schema":{"@context":"https:\/\/schema.org","@graph":[{"@type":"WebPage","@id":"https:\/\/apolinar.capta.cz\/vi\/pribehy-pacientu\/","url":"https:\/\/apolinar.capta.cz\/vi\/pribehy-pacientu\/","name":"P\u0159\u00edb\u011bhy pacient\u016f - Porodnice U Apolin\u00e1\u0159e","isPartOf":{"@id":"https:\/\/apolinar.capta.cz\/vi\/#website"},"datePublished":"2023-07-17T12:28:54+00:00","breadcrumb":{"@id":"https:\/\/apolinar.capta.cz\/vi\/pribehy-pacientu\/#breadcrumb"},"inLanguage":"vi-VN","potentialAction":[{"@type":"ReadAction","target":["https:\/\/apolinar.capta.cz\/vi\/pribehy-pacientu\/"]}]},{"@type":"BreadcrumbList","@id":"https:\/\/apolinar.capta.cz\/vi\/pribehy-pacientu\/#breadcrumb","itemListElement":[{"@type":"ListItem","position":1,"name":"Dom\u016f","item":"https:\/\/apolinar.capta.cz\/vi\/"},{"@type":"ListItem","position":2,"name":"P\u0159\u00edb\u011bhy pacient\u016f"}]},{"@type":"WebSite","@id":"https:\/\/apolinar.capta.cz\/vi\/#website","url":"https:\/\/apolinar.capta.cz\/vi\/","name":"Porodnice U Apolin\u00e1\u0159e","description":"Klinika gynekologie, porodnictv\u00ed a neonatologie 1. LF UK a VFN v Praze","potentialAction":[{"@type":"SearchAction","target":{"@type":"EntryPoint","urlTemplate":"https:\/\/apolinar.capta.cz\/vi\/?s={search_term_string}"},"query-input":{"@type":"PropertyValueSpecification","valueRequired":true,"valueName":"search_term_string"}}],"inLanguage":"vi-VN"}]}},"_links":{"self":[{"href":"https:\/\/apolinar.capta.cz\/vi\/wp-json\/wp\/v2\/pages\/2432","targetHints":{"allow":["GET"]}}],"collection":[{"href":"https:\/\/apolinar.capta.cz\/vi\/wp-json\/wp\/v2\/pages"}],"about":[{"href":"https:\/\/apolinar.capta.cz\/vi\/wp-json\/wp\/v2\/types\/page"}],"author":[{"embeddable":true,"href":"https:\/\/apolinar.capta.cz\/vi\/wp-json\/wp\/v2\/users\/6"}],"replies":[{"embeddable":true,"href":"https:\/\/apolinar.capta.cz\/vi\/wp-json\/wp\/v2\/comments?post=2432"}],"version-history":[{"count":0,"href":"https:\/\/apolinar.capta.cz\/vi\/wp-json\/wp\/v2\/pages\/2432\/revisions"}],"wp:attachment":[{"href":"https:\/\/apolinar.capta.cz\/vi\/wp-json\/wp\/v2\/media?parent=2432"}],"curies":[{"name":"wp","href":"https:\/\/api.w.org\/{rel}","templated":true}]}}