{"id":2441,"date":"2023-07-18T22:55:43","date_gmt":"2023-07-18T20:55:43","guid":{"rendered":"https:\/\/apolinar.eu\/?page_id=2441"},"modified":"2023-07-18T22:55:43","modified_gmt":"2023-07-18T20:55:43","slug":"pribehy-pacientu-porodnice","status":"publish","type":"page","link":"https:\/\/apolinar.capta.cz\/vi\/pribehy-pacientu-porodnice\/","title":{"rendered":"P\u0159\u00edb\u011bhy pacient\u016f &#8211; porodnice"},"content":{"rendered":"                <!-- TEXT BLOCK -->\r\n        <section\r\n                class=\"pdt-80 pdb-80 \"\r\n            >\r\n            <div class=\"wrapper2 text_block\">\r\n                <h2 class=\"title_h2 text_center_mdm\">Oce\u0148uji klid, s jak\u00fdm jste o mne pe\u010dovali<\/h2>                                                                                                <div class=\"page_content reset_margins\">\r\n                                                                                        <p>Jednou k ve\u010deru, ve 33. t\u00fddnu t\u011bhotenstv\u00ed, m\u011b za\u010dalo p\u00edchat vpravo pod \u017eebry. Bolest ani po hodin\u011b nep\u0159estala, proto jsem jela na pohotovost do kladensk\u00e9 nemocnice, kde m\u011b ihned vzali na s\u00e1l a provedli mi c\u00edsa\u0159sk\u00fd\u0301 \u0159ez. Pak u\u017e si jen pamatuji, \u017ee mne z\u00e1chran p\u0159ev\u00e1\u017e\u00ed jinam. A\u017e posl\u00e9ze jsem se dozv\u011bd\u011bla, \u017ee do nemocnice U Apolin\u00e1\u0159e, kde jsem podstoupila operaci z d\u016fvodu krv\u00e1cen\u00ed do dutiny b\u0159i\u0161n\u00ed. Tak\u00e9 si pamatuji je\u0161t\u011b jeden kr\u00e1tk\u00fd\u0301 p\u0159evoz sanitkou, po n\u011bm\u017e jsem se probrala na odd\u011blen\u00ed akutn\u00ed medic\u00edny ve VFN. Zde jsem str\u00e1vila 14 dn\u00ed, kdy mi bylo provedeno n\u011bkolik cykl\u016f plazmafer\u00e9zy a dial\u00fdzy. B\u011bhem pobytu jsem byla vybr\u00e1na na biologickou l\u00e9\u010dbu, kterou u\u017e\u00edv\u00e1m dodnes.<\/p>\n<p>Za dva t\u00fddny jsem byla p\u0159evezena na odd\u011blen\u00ed \u0161estined\u011bl\u00ed do nemocnice U Apolin\u00e1\u0159e a n\u00e1sleduj\u00edc\u00ed den mi byla dovezena i dcera Eli\u0161ka, kter\u00e1 do t\u00e9 doby byla v Kladn\u011b na odd\u011blen\u00ed p\u0159ed\u010dasn\u011b narozen\u00fdch d\u011bt\u00ed. U Apolin\u00e1\u0159e se o n\u00e1s velmi p\u011bkn\u011b starali a propustili n\u00e1s den p\u0159ed V\u00e1noci, tak\u017ee jsme mohli prvn\u00ed Eli\u0161\u010din \u0160t\u011bdr\u00fd\u0301 den str\u00e1vit doma. S\u00a0pracovn\u00edky Apolin\u00e1\u0159e i VFN jako takov\u00e9 m\u00e1m jen sam\u00e9 dobr\u00e9 zku\u0161enosti.<\/p>\n<p>D\u00edky jejich p\u00e9\u010di jsem st\u00e1le tu a mohu si u\u017e\u00edvat \u017eivot s rodinou. A\u010dkoliv p\u0159\u00edchod na\u0161\u00ed dcery na sv\u011bt nebyl \u00fapln\u011b standardn\u00ed a komplikace spojen\u00e9 s porodem celkem v\u00e1\u017en\u00e9, nikdo m\u011b nestra\u0161il a v\u0161ichni ke mn\u011b p\u0159istupovali s klidem, ktery\u0301 oce\u0148uji. V\u0161em, kdo se o mne starali, pat\u0159\u00ed moje velk\u00e9 pod\u011bkov\u00e1n\u00ed.<\/p>\n<p>Petra Hladk\u00e1<\/p>\n<hr \/>\n<p>Spolu s kolegy nefrology jsme koordinovan\u011b pe\u010dovali o maminku, kter\u00e1 prod\u011blala \u017eivot ohro\u017euj\u00edc\u00ed stav, atypicky\u0301 hemolyticko-uremicky\u0301 syndrom. Tato geneticky dan\u00e1 porucha s sebou nese neadekv\u00e1tn\u00ed imunitn\u00ed pochody, kter\u00e9 mohou v\u00e9st k z\u00e1va\u017en\u00e9mu po\u0161kozen\u00ed \u010detny\u0301ch org\u00e1n\u016f. D\u00edky skv\u011bl\u00e9 spolupr\u00e1ci se poda\u0159ilo jej\u00ed \u017eivot zachr\u00e1nit, nav\u00edc se vyhne i dlouhodoby\u0301m n\u00e1sledk\u016fm.<\/p>\n<p>doc. MUDr. Michal Koucky\u0301, Ph.D., vedouc\u00ed l\u00e9ka\u0159 porodnice<\/p>\n                                    <\/div>\r\n            <\/div>\r\n        <\/section>\r\n    ","protected":false},"excerpt":{"rendered":"","protected":false},"author":6,"featured_media":0,"parent":0,"menu_order":0,"comment_status":"closed","ping_status":"closed","template":"","meta":{"_acf_changed":false,"footnotes":""},"class_list":["post-2441","page","type-page","status-publish","hentry"],"acf":[],"yoast_head":"<!-- This site is optimized with the Yoast SEO plugin v25.5 - https:\/\/yoast.com\/wordpress\/plugins\/seo\/ -->\n<title>P\u0159\u00edb\u011bhy pacient\u016f - porodnice - Porodnice U Apolin\u00e1\u0159e<\/title>\n<meta name=\"robots\" content=\"noindex, follow, max-snippet:-1, max-image-preview:large, max-video-preview:-1\" \/>\n<meta property=\"og:locale\" content=\"vi_VN\" \/>\n<meta property=\"og:type\" content=\"article\" \/>\n<meta property=\"og:title\" content=\"P\u0159\u00edb\u011bhy pacient\u016f - porodnice - Porodnice U Apolin\u00e1\u0159e\" \/>\n<meta property=\"og:url\" content=\"https:\/\/apolinar.capta.cz\/vi\/pribehy-pacientu-porodnice\/\" \/>\n<meta property=\"og:site_name\" content=\"Porodnice U Apolin\u00e1\u0159e\" \/>\n<meta name=\"twitter:card\" content=\"summary_large_image\" \/>\n<script type=\"application\/ld+json\" class=\"yoast-schema-graph\">{\"@context\":\"https:\/\/schema.org\",\"@graph\":[{\"@type\":\"WebPage\",\"@id\":\"https:\/\/apolinar.capta.cz\/vi\/pribehy-pacientu-porodnice\/\",\"url\":\"https:\/\/apolinar.capta.cz\/vi\/pribehy-pacientu-porodnice\/\",\"name\":\"P\u0159\u00edb\u011bhy pacient\u016f - porodnice - Porodnice U Apolin\u00e1\u0159e\",\"isPartOf\":{\"@id\":\"https:\/\/apolinar.capta.cz\/vi\/#website\"},\"datePublished\":\"2023-07-18T20:55:43+00:00\",\"breadcrumb\":{\"@id\":\"https:\/\/apolinar.capta.cz\/vi\/pribehy-pacientu-porodnice\/#breadcrumb\"},\"inLanguage\":\"vi-VN\",\"potentialAction\":[{\"@type\":\"ReadAction\",\"target\":[\"https:\/\/apolinar.capta.cz\/vi\/pribehy-pacientu-porodnice\/\"]}]},{\"@type\":\"BreadcrumbList\",\"@id\":\"https:\/\/apolinar.capta.cz\/vi\/pribehy-pacientu-porodnice\/#breadcrumb\",\"itemListElement\":[{\"@type\":\"ListItem\",\"position\":1,\"name\":\"Dom\u016f\",\"item\":\"https:\/\/apolinar.capta.cz\/vi\/\"},{\"@type\":\"ListItem\",\"position\":2,\"name\":\"P\u0159\u00edb\u011bhy pacient\u016f &#8211; porodnice\"}]},{\"@type\":\"WebSite\",\"@id\":\"https:\/\/apolinar.capta.cz\/vi\/#website\",\"url\":\"https:\/\/apolinar.capta.cz\/vi\/\",\"name\":\"Porodnice U Apolin\u00e1\u0159e\",\"description\":\"Klinika gynekologie, porodnictv\u00ed a neonatologie 1. LF UK a VFN v Praze\",\"potentialAction\":[{\"@type\":\"SearchAction\",\"target\":{\"@type\":\"EntryPoint\",\"urlTemplate\":\"https:\/\/apolinar.capta.cz\/vi\/?s={search_term_string}\"},\"query-input\":{\"@type\":\"PropertyValueSpecification\",\"valueRequired\":true,\"valueName\":\"search_term_string\"}}],\"inLanguage\":\"vi-VN\"}]}<\/script>\n<!-- \/ Yoast SEO plugin. -->","yoast_head_json":{"title":"P\u0159\u00edb\u011bhy pacient\u016f - porodnice - Porodnice U Apolin\u00e1\u0159e","robots":{"index":"noindex","follow":"follow","max-snippet":"max-snippet:-1","max-image-preview":"max-image-preview:large","max-video-preview":"max-video-preview:-1"},"og_locale":"vi_VN","og_type":"article","og_title":"P\u0159\u00edb\u011bhy pacient\u016f - porodnice - Porodnice U Apolin\u00e1\u0159e","og_url":"https:\/\/apolinar.capta.cz\/vi\/pribehy-pacientu-porodnice\/","og_site_name":"Porodnice U Apolin\u00e1\u0159e","twitter_card":"summary_large_image","schema":{"@context":"https:\/\/schema.org","@graph":[{"@type":"WebPage","@id":"https:\/\/apolinar.capta.cz\/vi\/pribehy-pacientu-porodnice\/","url":"https:\/\/apolinar.capta.cz\/vi\/pribehy-pacientu-porodnice\/","name":"P\u0159\u00edb\u011bhy pacient\u016f - porodnice - Porodnice U Apolin\u00e1\u0159e","isPartOf":{"@id":"https:\/\/apolinar.capta.cz\/vi\/#website"},"datePublished":"2023-07-18T20:55:43+00:00","breadcrumb":{"@id":"https:\/\/apolinar.capta.cz\/vi\/pribehy-pacientu-porodnice\/#breadcrumb"},"inLanguage":"vi-VN","potentialAction":[{"@type":"ReadAction","target":["https:\/\/apolinar.capta.cz\/vi\/pribehy-pacientu-porodnice\/"]}]},{"@type":"BreadcrumbList","@id":"https:\/\/apolinar.capta.cz\/vi\/pribehy-pacientu-porodnice\/#breadcrumb","itemListElement":[{"@type":"ListItem","position":1,"name":"Dom\u016f","item":"https:\/\/apolinar.capta.cz\/vi\/"},{"@type":"ListItem","position":2,"name":"P\u0159\u00edb\u011bhy pacient\u016f &#8211; porodnice"}]},{"@type":"WebSite","@id":"https:\/\/apolinar.capta.cz\/vi\/#website","url":"https:\/\/apolinar.capta.cz\/vi\/","name":"Porodnice U Apolin\u00e1\u0159e","description":"Klinika gynekologie, porodnictv\u00ed a neonatologie 1. LF UK a VFN v Praze","potentialAction":[{"@type":"SearchAction","target":{"@type":"EntryPoint","urlTemplate":"https:\/\/apolinar.capta.cz\/vi\/?s={search_term_string}"},"query-input":{"@type":"PropertyValueSpecification","valueRequired":true,"valueName":"search_term_string"}}],"inLanguage":"vi-VN"}]}},"_links":{"self":[{"href":"https:\/\/apolinar.capta.cz\/vi\/wp-json\/wp\/v2\/pages\/2441","targetHints":{"allow":["GET"]}}],"collection":[{"href":"https:\/\/apolinar.capta.cz\/vi\/wp-json\/wp\/v2\/pages"}],"about":[{"href":"https:\/\/apolinar.capta.cz\/vi\/wp-json\/wp\/v2\/types\/page"}],"author":[{"embeddable":true,"href":"https:\/\/apolinar.capta.cz\/vi\/wp-json\/wp\/v2\/users\/6"}],"replies":[{"embeddable":true,"href":"https:\/\/apolinar.capta.cz\/vi\/wp-json\/wp\/v2\/comments?post=2441"}],"version-history":[{"count":0,"href":"https:\/\/apolinar.capta.cz\/vi\/wp-json\/wp\/v2\/pages\/2441\/revisions"}],"wp:attachment":[{"href":"https:\/\/apolinar.capta.cz\/vi\/wp-json\/wp\/v2\/media?parent=2441"}],"curies":[{"name":"wp","href":"https:\/\/api.w.org\/{rel}","templated":true}]}}