{"id":2501,"date":"2023-07-18T23:00:34","date_gmt":"2023-07-18T21:00:34","guid":{"rendered":"https:\/\/apolinar.eu\/?page_id=2501"},"modified":"2023-07-18T23:00:34","modified_gmt":"2023-07-18T21:00:34","slug":"pribehy-pacientu-onko","status":"publish","type":"page","link":"https:\/\/apolinar.capta.cz\/vi\/pribehy-pacientu-onko\/","title":{"rendered":"P\u0159\u00edb\u011bhy pacient\u016f &#8211; onko"},"content":{"rendered":"                <!-- TEXT BLOCK -->\r\n        <section\r\n                class=\"pdt-80 pdb-80 \"\r\n            >\r\n            <div class=\"wrapper2 text_block\">\r\n                <h2 class=\"title_h2 text_center_mdm\">Druh\u00e1 \u0161ance na \u017eivot<\/h2>                                                                                                <div class=\"page_content reset_margins\">\r\n                                                                                        <p>M\u00e9 jm\u00e9no je Ivana Neuvirthov\u00e1 (D\u011bdi\u010dov\u00e1), je mi 60 let a d\u00edky skv\u011bl\u00fdm l\u00e9ka\u0159\u016fm a sest\u0159i\u010dk\u00e1m z onkogynekologick\u00e9ho centra u Apolin\u00e1\u0159e jsem dostala druhou \u0161anci na \u017eivot. Diagn\u00f3zu karcinom ovaria asi nikdo r\u00e1d nesly\u0161\u00ed, ale zdej\u0161\u00ed empati\u010dt\u00ed odborn\u00edci mi byli od za\u010d\u00e1tku velkou oporou. Sest\u0159i\u010dky ze stacion\u00e1\u0159e p\u0159i chemoterapii, jejich rady a podpora, n\u00e1sledn\u011b ve\u0161kery\u0301 person\u00e1l z poopera\u010dn\u00ed JIP a G1, kde jsem str\u00e1vila n\u011bkolik t\u00fddn\u016f. M\u00e9mu uzdravov\u00e1n\u00ed jist\u011b pomohl jejich z\u00e1jem a ochota mne podpo\u0159it nejen svou prac\u00ed, ale i \u010dasem, kdy mi v\u011bnovali laskav\u00e9 slovo. M\u016fj velk\u00fd\u0301 d\u00edk pat\u0159\u00ed v\u0161em l\u00e9ka\u0159\u016fm, jmenovit\u011b panu profesoru Cibulovi a panu doktoru Fru\u0308haufovi, kte\u0159\u00ed mne operovali. Nikdy nep\u0159estanu by\u0301t v\u0161em u Apolin\u00e1\u0159e vd\u011b\u010dn\u00e1 za jejich vysoce odborny\u0301, ale i velmi laskavy\u0301 p\u0159\u00edstup ke mn\u011b \u2013 pro n\u011b nezn\u00e1m\u00e9 \u017een\u011b, kter\u00e9 se v jednu chv\u00edli sesypal \u017eivot. Pomohli mi znovu se postavit na nohy.<\/p>\n<p>Maj\u00ed m\u016fj vd\u011bk.<\/p>\n                                    <\/div>\r\n            <\/div>\r\n        <\/section>\r\n    ","protected":false},"excerpt":{"rendered":"","protected":false},"author":6,"featured_media":0,"parent":0,"menu_order":0,"comment_status":"closed","ping_status":"closed","template":"","meta":{"_acf_changed":false,"footnotes":""},"class_list":["post-2501","page","type-page","status-publish","hentry"],"acf":[],"yoast_head":"<!-- This site is optimized with the Yoast SEO plugin v25.5 - https:\/\/yoast.com\/wordpress\/plugins\/seo\/ -->\n<title>P\u0159\u00edb\u011bhy pacient\u016f - onko - Porodnice U Apolin\u00e1\u0159e<\/title>\n<meta name=\"robots\" content=\"noindex, follow, max-snippet:-1, max-image-preview:large, max-video-preview:-1\" \/>\n<meta property=\"og:locale\" content=\"vi_VN\" \/>\n<meta property=\"og:type\" content=\"article\" \/>\n<meta property=\"og:title\" content=\"P\u0159\u00edb\u011bhy pacient\u016f - onko - Porodnice U Apolin\u00e1\u0159e\" \/>\n<meta property=\"og:url\" content=\"https:\/\/apolinar.capta.cz\/vi\/pribehy-pacientu-onko\/\" \/>\n<meta property=\"og:site_name\" content=\"Porodnice U Apolin\u00e1\u0159e\" \/>\n<meta name=\"twitter:card\" content=\"summary_large_image\" \/>\n<script type=\"application\/ld+json\" class=\"yoast-schema-graph\">{\"@context\":\"https:\/\/schema.org\",\"@graph\":[{\"@type\":\"WebPage\",\"@id\":\"https:\/\/apolinar.capta.cz\/vi\/pribehy-pacientu-onko\/\",\"url\":\"https:\/\/apolinar.capta.cz\/vi\/pribehy-pacientu-onko\/\",\"name\":\"P\u0159\u00edb\u011bhy pacient\u016f - onko - Porodnice U Apolin\u00e1\u0159e\",\"isPartOf\":{\"@id\":\"https:\/\/apolinar.capta.cz\/vi\/#website\"},\"datePublished\":\"2023-07-18T21:00:34+00:00\",\"breadcrumb\":{\"@id\":\"https:\/\/apolinar.capta.cz\/vi\/pribehy-pacientu-onko\/#breadcrumb\"},\"inLanguage\":\"vi-VN\",\"potentialAction\":[{\"@type\":\"ReadAction\",\"target\":[\"https:\/\/apolinar.capta.cz\/vi\/pribehy-pacientu-onko\/\"]}]},{\"@type\":\"BreadcrumbList\",\"@id\":\"https:\/\/apolinar.capta.cz\/vi\/pribehy-pacientu-onko\/#breadcrumb\",\"itemListElement\":[{\"@type\":\"ListItem\",\"position\":1,\"name\":\"Dom\u016f\",\"item\":\"https:\/\/apolinar.capta.cz\/vi\/\"},{\"@type\":\"ListItem\",\"position\":2,\"name\":\"P\u0159\u00edb\u011bhy pacient\u016f &#8211; onko\"}]},{\"@type\":\"WebSite\",\"@id\":\"https:\/\/apolinar.capta.cz\/vi\/#website\",\"url\":\"https:\/\/apolinar.capta.cz\/vi\/\",\"name\":\"Porodnice U Apolin\u00e1\u0159e\",\"description\":\"Klinika gynekologie, porodnictv\u00ed a neonatologie 1. LF UK a VFN v Praze\",\"potentialAction\":[{\"@type\":\"SearchAction\",\"target\":{\"@type\":\"EntryPoint\",\"urlTemplate\":\"https:\/\/apolinar.capta.cz\/vi\/?s={search_term_string}\"},\"query-input\":{\"@type\":\"PropertyValueSpecification\",\"valueRequired\":true,\"valueName\":\"search_term_string\"}}],\"inLanguage\":\"vi-VN\"}]}<\/script>\n<!-- \/ Yoast SEO plugin. -->","yoast_head_json":{"title":"P\u0159\u00edb\u011bhy pacient\u016f - onko - Porodnice U Apolin\u00e1\u0159e","robots":{"index":"noindex","follow":"follow","max-snippet":"max-snippet:-1","max-image-preview":"max-image-preview:large","max-video-preview":"max-video-preview:-1"},"og_locale":"vi_VN","og_type":"article","og_title":"P\u0159\u00edb\u011bhy pacient\u016f - onko - Porodnice U Apolin\u00e1\u0159e","og_url":"https:\/\/apolinar.capta.cz\/vi\/pribehy-pacientu-onko\/","og_site_name":"Porodnice U Apolin\u00e1\u0159e","twitter_card":"summary_large_image","schema":{"@context":"https:\/\/schema.org","@graph":[{"@type":"WebPage","@id":"https:\/\/apolinar.capta.cz\/vi\/pribehy-pacientu-onko\/","url":"https:\/\/apolinar.capta.cz\/vi\/pribehy-pacientu-onko\/","name":"P\u0159\u00edb\u011bhy pacient\u016f - onko - Porodnice U Apolin\u00e1\u0159e","isPartOf":{"@id":"https:\/\/apolinar.capta.cz\/vi\/#website"},"datePublished":"2023-07-18T21:00:34+00:00","breadcrumb":{"@id":"https:\/\/apolinar.capta.cz\/vi\/pribehy-pacientu-onko\/#breadcrumb"},"inLanguage":"vi-VN","potentialAction":[{"@type":"ReadAction","target":["https:\/\/apolinar.capta.cz\/vi\/pribehy-pacientu-onko\/"]}]},{"@type":"BreadcrumbList","@id":"https:\/\/apolinar.capta.cz\/vi\/pribehy-pacientu-onko\/#breadcrumb","itemListElement":[{"@type":"ListItem","position":1,"name":"Dom\u016f","item":"https:\/\/apolinar.capta.cz\/vi\/"},{"@type":"ListItem","position":2,"name":"P\u0159\u00edb\u011bhy pacient\u016f &#8211; onko"}]},{"@type":"WebSite","@id":"https:\/\/apolinar.capta.cz\/vi\/#website","url":"https:\/\/apolinar.capta.cz\/vi\/","name":"Porodnice U Apolin\u00e1\u0159e","description":"Klinika gynekologie, porodnictv\u00ed a neonatologie 1. LF UK a VFN v Praze","potentialAction":[{"@type":"SearchAction","target":{"@type":"EntryPoint","urlTemplate":"https:\/\/apolinar.capta.cz\/vi\/?s={search_term_string}"},"query-input":{"@type":"PropertyValueSpecification","valueRequired":true,"valueName":"search_term_string"}}],"inLanguage":"vi-VN"}]}},"_links":{"self":[{"href":"https:\/\/apolinar.capta.cz\/vi\/wp-json\/wp\/v2\/pages\/2501","targetHints":{"allow":["GET"]}}],"collection":[{"href":"https:\/\/apolinar.capta.cz\/vi\/wp-json\/wp\/v2\/pages"}],"about":[{"href":"https:\/\/apolinar.capta.cz\/vi\/wp-json\/wp\/v2\/types\/page"}],"author":[{"embeddable":true,"href":"https:\/\/apolinar.capta.cz\/vi\/wp-json\/wp\/v2\/users\/6"}],"replies":[{"embeddable":true,"href":"https:\/\/apolinar.capta.cz\/vi\/wp-json\/wp\/v2\/comments?post=2501"}],"version-history":[{"count":0,"href":"https:\/\/apolinar.capta.cz\/vi\/wp-json\/wp\/v2\/pages\/2501\/revisions"}],"wp:attachment":[{"href":"https:\/\/apolinar.capta.cz\/vi\/wp-json\/wp\/v2\/media?parent=2501"}],"curies":[{"name":"wp","href":"https:\/\/api.w.org\/{rel}","templated":true}]}}