{"id":3052,"date":"2023-08-02T16:43:03","date_gmt":"2023-08-02T14:43:03","guid":{"rendered":"https:\/\/apolinar.eu\/?page_id=3052"},"modified":"2023-08-02T16:43:03","modified_gmt":"2023-08-02T14:43:03","slug":"mamologie","status":"publish","type":"page","link":"https:\/\/apolinar.capta.cz\/vi\/mamologie\/","title":{"rendered":"Mamologie"},"content":{"rendered":"                <!-- TEXT BLOCK -->\r\n        <section\r\n                class=\"pdt-80 pdb-80 \"\r\n            >\r\n            <div class=\"wrapper2 text_block\">\r\n                <h2 class=\"title_h2 text_center_mdm\">Mamologie<\/h2>                                                                                    <h3 class=\"title_h3 text_center_mdm\">N\u00e1\u0161 t\u00fdm zaji\u0161\u0165uje ve spolupr\u00e1ci se souvisej\u00edc\u00edmi obory komplexn\u00ed p\u00e9\u010di o prsy.  Prov\u00e1d\u00edme diagnostiku a l\u00e9\u010dbu nezhoubn\u00fdch i zhoubn\u00fdch onemocn\u011bn\u00ed prsu.  <\/h3>\r\n                                                <div class=\"page_content reset_margins\">\r\n                                                                                        <ul>\n<li>Poskytujeme p\u00e9\u010di i t\u011bhotn\u00fdm a koj\u00edc\u00edm \u017een\u00e1m.<\/li>\n<li>V\u011bnujeme se i \u017een\u00e1m se vz\u00e1cn\u00fdmi nemocemi prsu. Nab\u00edz\u00edme konzultace odborn\u00edk\u016fm v\u0161ech obor\u016f.<\/li>\n<\/ul>\n<p><strong>Opera\u010dn\u00ed l\u00e9\u010dba<\/strong><\/p>\n<p>V r\u00e1mci p\u00e9\u010de o pacientky s karcinomem prsu zaji\u0161\u0165ujeme krom\u011b komplexn\u00ed diagnostiky p\u0159edev\u0161\u00edm opera\u010dn\u00ed l\u00e9\u010dbu. Prov\u00e1d\u00edme cel\u00e9 spektrum opera\u010dn\u00edch v\u00fdkon\u016f, v\u010detn\u011b k\u016f\u017ei \u0161et\u0159\u00edc\u00edch mastektomi\u00ed, c\u00edlen\u00e9 disekce axily, r\u00e1diov\u011b navigovan\u00e9 exstirpace nehmatn\u00fdch okultn\u00edch l\u00e9z\u00ed pomoc\u00ed jodov\u00fdch zrn.<\/p>\n<ul>\n<li>P\u0159\u00edmo na opera\u010dn\u00edch s\u00e1lech je k\u00a0dispozici 3D mamograf s tomosynt\u00e9zou.<\/li>\n<\/ul>\n<p><strong>N\u00e1sledn\u00e1 l\u00e9\u010dba<\/strong><\/p>\n<p>N\u00e1sledn\u00e1 onkologick\u00e1 l\u00e9\u010dba pacientek je zaji\u0161t\u011bna ve spolupr\u00e1ci s onkologickou klinikou na\u0161\u00ed nemocnice.<\/p>\n<p><em>Pozn.: Mu\u017ee na na\u0161\u00ed klinice bohu\u017eel neo\u0161et\u0159ujeme.\u00a0<\/em><\/p>\n<p><strong>Kontakt:<\/strong> Kontaktujte pros\u00edm koordin\u00e1torku na tel.: +420 607 115 051<\/p>\n                                    <\/div>\r\n            <\/div>\r\n        <\/section>\r\n    ","protected":false},"excerpt":{"rendered":"","protected":false},"author":6,"featured_media":0,"parent":0,"menu_order":0,"comment_status":"closed","ping_status":"closed","template":"","meta":{"_acf_changed":false,"footnotes":""},"class_list":["post-3052","page","type-page","status-publish","hentry"],"acf":[],"yoast_head":"<!-- This site is optimized with the Yoast SEO plugin v25.5 - https:\/\/yoast.com\/wordpress\/plugins\/seo\/ -->\n<title>Mamologie - Porodnice U Apolin\u00e1\u0159e<\/title>\n<meta name=\"robots\" content=\"noindex, follow, max-snippet:-1, max-image-preview:large, max-video-preview:-1\" \/>\n<meta property=\"og:locale\" content=\"vi_VN\" \/>\n<meta property=\"og:type\" content=\"article\" \/>\n<meta property=\"og:title\" content=\"Mamologie - Porodnice U Apolin\u00e1\u0159e\" \/>\n<meta property=\"og:url\" content=\"https:\/\/apolinar.capta.cz\/vi\/mamologie\/\" \/>\n<meta property=\"og:site_name\" content=\"Porodnice U Apolin\u00e1\u0159e\" \/>\n<meta name=\"twitter:card\" content=\"summary_large_image\" \/>\n<script type=\"application\/ld+json\" class=\"yoast-schema-graph\">{\"@context\":\"https:\/\/schema.org\",\"@graph\":[{\"@type\":\"WebPage\",\"@id\":\"https:\/\/apolinar.capta.cz\/vi\/mamologie\/\",\"url\":\"https:\/\/apolinar.capta.cz\/vi\/mamologie\/\",\"name\":\"Mamologie - Porodnice U Apolin\u00e1\u0159e\",\"isPartOf\":{\"@id\":\"https:\/\/apolinar.capta.cz\/vi\/#website\"},\"datePublished\":\"2023-08-02T14:43:03+00:00\",\"breadcrumb\":{\"@id\":\"https:\/\/apolinar.capta.cz\/vi\/mamologie\/#breadcrumb\"},\"inLanguage\":\"vi-VN\",\"potentialAction\":[{\"@type\":\"ReadAction\",\"target\":[\"https:\/\/apolinar.capta.cz\/vi\/mamologie\/\"]}]},{\"@type\":\"BreadcrumbList\",\"@id\":\"https:\/\/apolinar.capta.cz\/vi\/mamologie\/#breadcrumb\",\"itemListElement\":[{\"@type\":\"ListItem\",\"position\":1,\"name\":\"Dom\u016f\",\"item\":\"https:\/\/apolinar.capta.cz\/vi\/\"},{\"@type\":\"ListItem\",\"position\":2,\"name\":\"Mamologie\"}]},{\"@type\":\"WebSite\",\"@id\":\"https:\/\/apolinar.capta.cz\/vi\/#website\",\"url\":\"https:\/\/apolinar.capta.cz\/vi\/\",\"name\":\"Porodnice U Apolin\u00e1\u0159e\",\"description\":\"Klinika gynekologie, porodnictv\u00ed a neonatologie 1. LF UK a VFN v Praze\",\"potentialAction\":[{\"@type\":\"SearchAction\",\"target\":{\"@type\":\"EntryPoint\",\"urlTemplate\":\"https:\/\/apolinar.capta.cz\/vi\/?s={search_term_string}\"},\"query-input\":{\"@type\":\"PropertyValueSpecification\",\"valueRequired\":true,\"valueName\":\"search_term_string\"}}],\"inLanguage\":\"vi-VN\"}]}<\/script>\n<!-- \/ Yoast SEO plugin. -->","yoast_head_json":{"title":"Mamologie - Porodnice U Apolin\u00e1\u0159e","robots":{"index":"noindex","follow":"follow","max-snippet":"max-snippet:-1","max-image-preview":"max-image-preview:large","max-video-preview":"max-video-preview:-1"},"og_locale":"vi_VN","og_type":"article","og_title":"Mamologie - Porodnice U Apolin\u00e1\u0159e","og_url":"https:\/\/apolinar.capta.cz\/vi\/mamologie\/","og_site_name":"Porodnice U Apolin\u00e1\u0159e","twitter_card":"summary_large_image","schema":{"@context":"https:\/\/schema.org","@graph":[{"@type":"WebPage","@id":"https:\/\/apolinar.capta.cz\/vi\/mamologie\/","url":"https:\/\/apolinar.capta.cz\/vi\/mamologie\/","name":"Mamologie - Porodnice U Apolin\u00e1\u0159e","isPartOf":{"@id":"https:\/\/apolinar.capta.cz\/vi\/#website"},"datePublished":"2023-08-02T14:43:03+00:00","breadcrumb":{"@id":"https:\/\/apolinar.capta.cz\/vi\/mamologie\/#breadcrumb"},"inLanguage":"vi-VN","potentialAction":[{"@type":"ReadAction","target":["https:\/\/apolinar.capta.cz\/vi\/mamologie\/"]}]},{"@type":"BreadcrumbList","@id":"https:\/\/apolinar.capta.cz\/vi\/mamologie\/#breadcrumb","itemListElement":[{"@type":"ListItem","position":1,"name":"Dom\u016f","item":"https:\/\/apolinar.capta.cz\/vi\/"},{"@type":"ListItem","position":2,"name":"Mamologie"}]},{"@type":"WebSite","@id":"https:\/\/apolinar.capta.cz\/vi\/#website","url":"https:\/\/apolinar.capta.cz\/vi\/","name":"Porodnice U Apolin\u00e1\u0159e","description":"Klinika gynekologie, porodnictv\u00ed a neonatologie 1. LF UK a VFN v Praze","potentialAction":[{"@type":"SearchAction","target":{"@type":"EntryPoint","urlTemplate":"https:\/\/apolinar.capta.cz\/vi\/?s={search_term_string}"},"query-input":{"@type":"PropertyValueSpecification","valueRequired":true,"valueName":"search_term_string"}}],"inLanguage":"vi-VN"}]}},"_links":{"self":[{"href":"https:\/\/apolinar.capta.cz\/vi\/wp-json\/wp\/v2\/pages\/3052","targetHints":{"allow":["GET"]}}],"collection":[{"href":"https:\/\/apolinar.capta.cz\/vi\/wp-json\/wp\/v2\/pages"}],"about":[{"href":"https:\/\/apolinar.capta.cz\/vi\/wp-json\/wp\/v2\/types\/page"}],"author":[{"embeddable":true,"href":"https:\/\/apolinar.capta.cz\/vi\/wp-json\/wp\/v2\/users\/6"}],"replies":[{"embeddable":true,"href":"https:\/\/apolinar.capta.cz\/vi\/wp-json\/wp\/v2\/comments?post=3052"}],"version-history":[{"count":0,"href":"https:\/\/apolinar.capta.cz\/vi\/wp-json\/wp\/v2\/pages\/3052\/revisions"}],"wp:attachment":[{"href":"https:\/\/apolinar.capta.cz\/vi\/wp-json\/wp\/v2\/media?parent=3052"}],"curies":[{"name":"wp","href":"https:\/\/api.w.org\/{rel}","templated":true}]}}