{"id":3418,"date":"2023-08-14T21:14:10","date_gmt":"2023-08-14T19:14:10","guid":{"rendered":"https:\/\/apolinar.eu\/?page_id=3418"},"modified":"2023-08-14T21:14:10","modified_gmt":"2023-08-14T19:14:10","slug":"ultrazvukove-vysetreni-ve-20-%e2%88%9222-tydnu","status":"publish","type":"page","link":"https:\/\/apolinar.capta.cz\/vi\/porodnice\/tehotenstvi\/potrebuji-ultrazvukove-vysetreni-v-tehotenstvi\/ultrazvukove-vysetreni-ve-20-%e2%88%9222-tydnu\/","title":{"rendered":"ULTRAZVUKOV\u00c9 VY\u0160ET\u0158EN\u00cd VE 20.\u221222. T\u00ddDNU"},"content":{"rendered":"                <!-- TEXT BLOCK -->\r\n        <section\r\n                class=\"pdt-80 pdb-40 \"\r\n            >\r\n            <div class=\"wrapper2 text_block\">\r\n                <h2 class=\"title_h2 text_center_mdm\">Ultrazvukov\u00e9 vy\u0161et\u0159en\u00ed ve 20.\u221222. t\u00fddnu<\/h2>                                                                                                <div class=\"page_content reset_margins\">\r\n                                                                                        <p>Podrobn\u00e1 a komplexn\u00ed kontrola anatomie plodu ve 20. a\u017e 22. t\u00fddnu t\u011bhotenstv\u00ed pat\u0159\u00ed k nejd\u016fle\u017eit\u011bj\u0161\u00edm vy\u0161et\u0159en\u00edm v pr\u016fb\u011bhu cel\u00e9ho t\u011bhotenstv\u00ed. Umo\u017e\u0148uje rozpoznat a\u017e 90 % struktur\u00e1ln\u00edch vad plodu a p\u0159\u00edpadn\u00e9 zaost\u00e1v\u00e1n\u00ed r\u016fstu plodu.<\/p>\n<h4><strong>Objednejte se:<\/strong><\/h4>\n<h4>Pond\u011bl\u00ed\u2013\u010dtvrtek: \u00a08:00\u201315:00 hod.<br \/>\nP\u00e1tek: 8:00\u201314:00 hod.<br \/>\nRecepce: +420\u00a0224\u00a0967 273<br \/>\nE-mail: <a href=\"mailto:cfm@vfn.cz\">cfm@vfn.cz<\/a><\/h4>\n                                    <\/div>\r\n            <\/div>\r\n        <\/section>\r\n    \n\n                <!-- TEXT BLOCK -->\r\n        <section\r\n                class=\"pdt-80 pdb-80 bg3\"\r\n            >\r\n            <div class=\"wrapper2 text_block\">\r\n                                                                                                    <h3 class=\"title_h3 text_center_mdm\">Podrobn\u00e9 hodnocen\u00ed morfologie plodu v druh\u00e9m trimestru t\u011bhotenstv\u00ed <\/h3>\r\n                                                <div class=\"page_content reset_margins\">\r\n                                                                                        <h4><u>Cena:<\/u><\/h4>\n<ul>\n<li>1400,- K\u010d jedno\u010detn\u00e9 t\u011bhotenstv\u00ed<\/li>\n<li>1400,- K\u010d v\u00edce\u010detn\u00e9 t\u011bhotenstv\u00ed<\/li>\n<li><strong>P\u0159i vy\u0161et\u0159en\u00ed v I. trimestru lze zakoupit zv\u00fdhodn\u011bn\u00fd bal\u00ed\u010dek na ob\u011b vy\u0161et\u0159en\u00ed za 2.500,- (u\u0161et\u0159\u00edte 300 K\u010d), Platba je vratn\u00e1 pouze v p\u0159\u00edpad\u011b zji\u0161t\u011bn\u00ed neprosperuj\u00edc\u00edho t\u011bhotenstv\u00ed p\u0159i screeningu v I. trimestru. V jin\u00fdch p\u0159\u00edpadech pen\u00edze nevrac\u00edme.<\/strong><\/li>\n<\/ul>\n<p><strong>Uveden\u00e9 specializovan\u00e9 ultrazvukov\u00e9 vy\u0161et\u0159en\u00ed nen\u00ed hrazeno z prost\u0159edk\u016f ve\u0159ejn\u00e9ho zdravotn\u00edho poji\u0161t\u011bn\u00ed.\u00a0<\/strong><strong>Z fondu prevence poji\u0161\u0165oven lze z\u00edskat kompenzaci plateb, dle jejich aktu\u00e1ln\u011b platn\u00fdch podm\u00ednek.<\/strong><\/p>\n<p><strong>Na co se vy\u0161et\u0159en\u00ed zam\u011b\u0159uje? <\/strong><\/p>\n<p>Vy\u0161et\u0159en\u00ed se zam\u011b\u0159uje na detailn\u00ed zobrazen\u00ed jednotliv\u00fdch \u010d\u00e1st\u00ed plodu (mozek, obli\u010dej, kon\u010detiny, p\u00e1te\u0159, srdce, pl\u00edce, org\u00e1ny dutiny b\u0159i\u0161n\u00ed), odchylek v mno\u017estv\u00ed plodov\u00e9 vody, struktury placenty. C\u00edlem je vylou\u010den\u00ed struktur\u00e1ln\u00edch vrozen\u00fdch v\u00fdvojov\u00fdch vad plodupodle nam\u011b\u0159en\u00fdch hodnot pr\u016fm\u011bru a obvodu hlavi\u010dky, obvodu b\u0159\u00ed\u0161ka plodu a d\u00e9lky stehenn\u00ed kosti zadan\u00fdch do po\u010d\u00edta\u010dov\u00e9ho programu. Lze t\u00e9\u017e vypo\u010d\u00edtat odhadovanou hmotnost plodu (s mo\u017enou odchylkou 10\u201315 %) a zkontrolovat norm\u00e1ln\u00ed r\u016fst plodu (\u201ebiometrie\u201c).<\/p>\n<p>I kdy\u017e disponujeme nejlep\u0161\u00edm technick\u00fdm vybaven\u00edm, m\u00e1 ultrazvukov\u00e9 vy\u0161et\u0159en\u00ed sv\u00e9 limity a nen\u00ed schopno v\u017edy odhalit v\u0161echny struktur\u00e1ln\u00ed abnormality plodu. K faktor\u016fm ovliv\u0148uj\u00edc\u00edm kvalitu ultrazvukov\u00e9ho zobrazen\u00ed pat\u0159\u00ed zejm\u00e9na vy\u0161\u0161\u00ed hmotnost t\u011bhotn\u00e9 (obezita) a sn\u00ed\u017een\u00e9 mno\u017estv\u00ed plodov\u00e9 vody.<\/p>\n                                    <\/div>\r\n            <\/div>\r\n        <\/section>\r\n    \n\n    <!-- BLOK K -->\r\n    <section\r\n            class=\"pdt-80 pdb-80 \"\r\n        >\r\n        <div class=\"wrapper2\">\r\n                                                                                            <div class=\"grid small-space\">\r\n                                                                                <!-- ITEM 1 -->\r\n                            <div class=\"col1 bg3 radius10 pd-35 pd-25md observe anim_drop1 anim_delay dflex flex-dir-column offset_dist\">\r\n                                <div class=\"text_block w100p mgb-auto\">\r\n                                    <h3 class=\"title_h3\">Formul\u00e1\u0159 pro poji\u0161\u0165ovnu &#8211; potvrzen\u00ed o uhrazen\u00ed n\u00e1kladu na vy\u0161et\u0159en\u00ed <\/h3>\r\n                                                                                                        <\/div>\r\n                                <div class=\"pdt-20 w100p\">\r\n                                    <div class=\"grid small-space\">\r\n                                        <div class=\"col_default offset_half\">\r\n                                            <a href=\"#\"\r\n                                               title=\"Formul\u00e1\u0159 pro poji\u0161\u0165ovnu - potvrzen\u00ed o uhrazen\u00ed n\u00e1kladu na vy\u0161et\u0159en\u00ed \"\r\n                                               target=\"_blank\"\r\n                                               class=\"btn_basic\">\r\n                                                Zobrazit                                            <\/a>\r\n                                        <\/div>\r\n                                        <div class=\"col_default offset_half\">\r\n                                            <a href=\"#\"\r\n                                               title=\"Formul\u00e1\u0159 pro poji\u0161\u0165ovnu - potvrzen\u00ed o uhrazen\u00ed n\u00e1kladu na vy\u0161et\u0159en\u00ed \"\r\n                                               download\r\n                                               class=\"btn_basic border\">\r\n                                                St\u00e1hnout                                            <\/a>\r\n                                        <\/div>\r\n                                    <\/div>\r\n                                <\/div>\r\n                            <\/div>\r\n                                            <\/div>\r\n                                    <\/div>\r\n    <\/section>\r\n","protected":false},"excerpt":{"rendered":"","protected":false},"author":6,"featured_media":0,"parent":3384,"menu_order":0,"comment_status":"closed","ping_status":"closed","template":"","meta":{"_acf_changed":false,"footnotes":""},"class_list":["post-3418","page","type-page","status-publish","hentry"],"acf":[],"yoast_head":"<!-- This site is optimized with the Yoast SEO plugin v25.5 - https:\/\/yoast.com\/wordpress\/plugins\/seo\/ -->\n<title>ULTRAZVUKOV\u00c9 VY\u0160ET\u0158EN\u00cd VE 20.\u221222. T\u00ddDNU - Porodnice U Apolin\u00e1\u0159e<\/title>\n<meta name=\"robots\" content=\"noindex, follow, max-snippet:-1, max-image-preview:large, max-video-preview:-1\" \/>\n<meta property=\"og:locale\" content=\"vi_VN\" \/>\n<meta property=\"og:type\" content=\"article\" \/>\n<meta property=\"og:title\" content=\"ULTRAZVUKOV\u00c9 VY\u0160ET\u0158EN\u00cd VE 20.\u221222. T\u00ddDNU - Porodnice U Apolin\u00e1\u0159e\" \/>\n<meta property=\"og:url\" content=\"https:\/\/apolinar.capta.cz\/vi\/porodnice\/tehotenstvi\/potrebuji-ultrazvukove-vysetreni-v-tehotenstvi\/ultrazvukove-vysetreni-ve-20-%e2%88%9222-tydnu\/\" \/>\n<meta property=\"og:site_name\" content=\"Porodnice U Apolin\u00e1\u0159e\" \/>\n<meta name=\"twitter:card\" content=\"summary_large_image\" \/>\n<script type=\"application\/ld+json\" class=\"yoast-schema-graph\">{\"@context\":\"https:\/\/schema.org\",\"@graph\":[{\"@type\":\"WebPage\",\"@id\":\"https:\/\/apolinar.capta.cz\/vi\/porodnice\/tehotenstvi\/potrebuji-ultrazvukove-vysetreni-v-tehotenstvi\/ultrazvukove-vysetreni-ve-20-%e2%88%9222-tydnu\/\",\"url\":\"https:\/\/apolinar.capta.cz\/vi\/porodnice\/tehotenstvi\/potrebuji-ultrazvukove-vysetreni-v-tehotenstvi\/ultrazvukove-vysetreni-ve-20-%e2%88%9222-tydnu\/\",\"name\":\"ULTRAZVUKOV\u00c9 VY\u0160ET\u0158EN\u00cd VE 20.\u221222. T\u00ddDNU - Porodnice U Apolin\u00e1\u0159e\",\"isPartOf\":{\"@id\":\"https:\/\/apolinar.capta.cz\/vi\/#website\"},\"datePublished\":\"2023-08-14T19:14:10+00:00\",\"breadcrumb\":{\"@id\":\"https:\/\/apolinar.capta.cz\/vi\/porodnice\/tehotenstvi\/potrebuji-ultrazvukove-vysetreni-v-tehotenstvi\/ultrazvukove-vysetreni-ve-20-%e2%88%9222-tydnu\/#breadcrumb\"},\"inLanguage\":\"vi-VN\",\"potentialAction\":[{\"@type\":\"ReadAction\",\"target\":[\"https:\/\/apolinar.capta.cz\/vi\/porodnice\/tehotenstvi\/potrebuji-ultrazvukove-vysetreni-v-tehotenstvi\/ultrazvukove-vysetreni-ve-20-%e2%88%9222-tydnu\/\"]}]},{\"@type\":\"BreadcrumbList\",\"@id\":\"https:\/\/apolinar.capta.cz\/vi\/porodnice\/tehotenstvi\/potrebuji-ultrazvukove-vysetreni-v-tehotenstvi\/ultrazvukove-vysetreni-ve-20-%e2%88%9222-tydnu\/#breadcrumb\",\"itemListElement\":[{\"@type\":\"ListItem\",\"position\":1,\"name\":\"Dom\u016f\",\"item\":\"https:\/\/apolinar.capta.cz\/vi\/\"},{\"@type\":\"ListItem\",\"position\":2,\"name\":\"Pot\u0159ebuji ultrazvukov\u00e9 vy\u0161et\u0159en\u00ed v t\u011bhotenstv\u00ed\",\"item\":\"https:\/\/apolinar.capta.cz\/vi\/porodnice\/tehotenstvi\/potrebuji-ultrazvukove-vysetreni-v-tehotenstvi\/\"},{\"@type\":\"ListItem\",\"position\":3,\"name\":\"ULTRAZVUKOV\u00c9 VY\u0160ET\u0158EN\u00cd VE 20.\u221222. T\u00ddDNU\"}]},{\"@type\":\"WebSite\",\"@id\":\"https:\/\/apolinar.capta.cz\/vi\/#website\",\"url\":\"https:\/\/apolinar.capta.cz\/vi\/\",\"name\":\"Porodnice U Apolin\u00e1\u0159e\",\"description\":\"Klinika gynekologie, porodnictv\u00ed a neonatologie 1. LF UK a VFN v Praze\",\"potentialAction\":[{\"@type\":\"SearchAction\",\"target\":{\"@type\":\"EntryPoint\",\"urlTemplate\":\"https:\/\/apolinar.capta.cz\/vi\/?s={search_term_string}\"},\"query-input\":{\"@type\":\"PropertyValueSpecification\",\"valueRequired\":true,\"valueName\":\"search_term_string\"}}],\"inLanguage\":\"vi-VN\"}]}<\/script>\n<!-- \/ Yoast SEO plugin. -->","yoast_head_json":{"title":"ULTRAZVUKOV\u00c9 VY\u0160ET\u0158EN\u00cd VE 20.\u221222. T\u00ddDNU - Porodnice U Apolin\u00e1\u0159e","robots":{"index":"noindex","follow":"follow","max-snippet":"max-snippet:-1","max-image-preview":"max-image-preview:large","max-video-preview":"max-video-preview:-1"},"og_locale":"vi_VN","og_type":"article","og_title":"ULTRAZVUKOV\u00c9 VY\u0160ET\u0158EN\u00cd VE 20.\u221222. T\u00ddDNU - Porodnice U Apolin\u00e1\u0159e","og_url":"https:\/\/apolinar.capta.cz\/vi\/porodnice\/tehotenstvi\/potrebuji-ultrazvukove-vysetreni-v-tehotenstvi\/ultrazvukove-vysetreni-ve-20-%e2%88%9222-tydnu\/","og_site_name":"Porodnice U Apolin\u00e1\u0159e","twitter_card":"summary_large_image","schema":{"@context":"https:\/\/schema.org","@graph":[{"@type":"WebPage","@id":"https:\/\/apolinar.capta.cz\/vi\/porodnice\/tehotenstvi\/potrebuji-ultrazvukove-vysetreni-v-tehotenstvi\/ultrazvukove-vysetreni-ve-20-%e2%88%9222-tydnu\/","url":"https:\/\/apolinar.capta.cz\/vi\/porodnice\/tehotenstvi\/potrebuji-ultrazvukove-vysetreni-v-tehotenstvi\/ultrazvukove-vysetreni-ve-20-%e2%88%9222-tydnu\/","name":"ULTRAZVUKOV\u00c9 VY\u0160ET\u0158EN\u00cd VE 20.\u221222. T\u00ddDNU - Porodnice U Apolin\u00e1\u0159e","isPartOf":{"@id":"https:\/\/apolinar.capta.cz\/vi\/#website"},"datePublished":"2023-08-14T19:14:10+00:00","breadcrumb":{"@id":"https:\/\/apolinar.capta.cz\/vi\/porodnice\/tehotenstvi\/potrebuji-ultrazvukove-vysetreni-v-tehotenstvi\/ultrazvukove-vysetreni-ve-20-%e2%88%9222-tydnu\/#breadcrumb"},"inLanguage":"vi-VN","potentialAction":[{"@type":"ReadAction","target":["https:\/\/apolinar.capta.cz\/vi\/porodnice\/tehotenstvi\/potrebuji-ultrazvukove-vysetreni-v-tehotenstvi\/ultrazvukove-vysetreni-ve-20-%e2%88%9222-tydnu\/"]}]},{"@type":"BreadcrumbList","@id":"https:\/\/apolinar.capta.cz\/vi\/porodnice\/tehotenstvi\/potrebuji-ultrazvukove-vysetreni-v-tehotenstvi\/ultrazvukove-vysetreni-ve-20-%e2%88%9222-tydnu\/#breadcrumb","itemListElement":[{"@type":"ListItem","position":1,"name":"Dom\u016f","item":"https:\/\/apolinar.capta.cz\/vi\/"},{"@type":"ListItem","position":2,"name":"Pot\u0159ebuji ultrazvukov\u00e9 vy\u0161et\u0159en\u00ed v t\u011bhotenstv\u00ed","item":"https:\/\/apolinar.capta.cz\/vi\/porodnice\/tehotenstvi\/potrebuji-ultrazvukove-vysetreni-v-tehotenstvi\/"},{"@type":"ListItem","position":3,"name":"ULTRAZVUKOV\u00c9 VY\u0160ET\u0158EN\u00cd VE 20.\u221222. T\u00ddDNU"}]},{"@type":"WebSite","@id":"https:\/\/apolinar.capta.cz\/vi\/#website","url":"https:\/\/apolinar.capta.cz\/vi\/","name":"Porodnice U Apolin\u00e1\u0159e","description":"Klinika gynekologie, porodnictv\u00ed a neonatologie 1. LF UK a VFN v Praze","potentialAction":[{"@type":"SearchAction","target":{"@type":"EntryPoint","urlTemplate":"https:\/\/apolinar.capta.cz\/vi\/?s={search_term_string}"},"query-input":{"@type":"PropertyValueSpecification","valueRequired":true,"valueName":"search_term_string"}}],"inLanguage":"vi-VN"}]}},"_links":{"self":[{"href":"https:\/\/apolinar.capta.cz\/vi\/wp-json\/wp\/v2\/pages\/3418","targetHints":{"allow":["GET"]}}],"collection":[{"href":"https:\/\/apolinar.capta.cz\/vi\/wp-json\/wp\/v2\/pages"}],"about":[{"href":"https:\/\/apolinar.capta.cz\/vi\/wp-json\/wp\/v2\/types\/page"}],"author":[{"embeddable":true,"href":"https:\/\/apolinar.capta.cz\/vi\/wp-json\/wp\/v2\/users\/6"}],"replies":[{"embeddable":true,"href":"https:\/\/apolinar.capta.cz\/vi\/wp-json\/wp\/v2\/comments?post=3418"}],"version-history":[{"count":0,"href":"https:\/\/apolinar.capta.cz\/vi\/wp-json\/wp\/v2\/pages\/3418\/revisions"}],"up":[{"embeddable":true,"href":"https:\/\/apolinar.capta.cz\/vi\/wp-json\/wp\/v2\/pages\/3384"}],"wp:attachment":[{"href":"https:\/\/apolinar.capta.cz\/vi\/wp-json\/wp\/v2\/media?parent=3418"}],"curies":[{"name":"wp","href":"https:\/\/api.w.org\/{rel}","templated":true}]}}