{"id":3473,"date":"2023-08-15T15:31:07","date_gmt":"2023-08-15T13:31:07","guid":{"rendered":"https:\/\/apolinar.eu\/?page_id=3473"},"modified":"2023-08-15T15:31:07","modified_gmt":"2023-08-15T13:31:07","slug":"amniocenteza-odber-plodove-vody","status":"publish","type":"page","link":"https:\/\/apolinar.capta.cz\/vi\/porodnice\/tehotenstvi\/chci-se-objednat-na-invazivni-vysetreni\/amniocenteza-odber-plodove-vody\/","title":{"rendered":"Amniocent\u00e9za &#8211; odb\u011br plodov\u00e9 vody"},"content":{"rendered":"                <!-- TEXT BLOCK -->\r\n        <section\r\n                class=\"pdt-80 pdb-40 \"\r\n            >\r\n            <div class=\"wrapper2 text_block\">\r\n                <h2 class=\"title_h2 text_center_mdm\">Amniocent\u00e9za &#8211; odb\u011br plodov\u00e9 vody<\/h2>                                                                                                <div class=\"page_content reset_margins\">\r\n                                                                                        <p>Plod je v d\u011bloze obklopen plodovou vodou. Odb\u011brem vzorku plodov\u00e9 vody \u2013 amnocent\u00e9zou \u2013 z\u00edsk\u00e1me i odloupan\u00e9 bu\u0148ky plodu, kter\u00e9 mohou b\u00fdt v laboratorn\u00edch podm\u00ednk\u00e1ch namno\u017eeny a vy\u0161et\u0159eny. Ka\u017ed\u00e1 bu\u0148ka lidsk\u00e9ho t\u011bla obsahuje 46 chromozom\u016f, jejich\u017e vy\u0161et\u0159en\u00edm lze v od\u016fvodn\u011bn\u00fdch p\u0159\u00edpadech stanovit, zda plod je nebo nen\u00ed posti\u017een z\u00e1va\u017enou chromozom\u00e1ln\u011b podm\u00edn\u011bnou vadou (nap\u0159. Downovou chorobou). Voda plodov\u00e1 je tak\u00e9 c\u00edlen\u011b vy\u0161et\u0159ena biochemicky a z\u00edskan\u00e1 informace m\u016f\u017ee p\u0159isp\u011bt k vylou\u010den\u00ed n\u011bkter\u00fdch dal\u0161\u00edch vad plodu (nap\u0159. roz\u0161t\u011bpu p\u00e1te\u0159e).<\/p>\n                                    <\/div>\r\n            <\/div>\r\n        <\/section>\r\n    \n\n                <!-- TEXT BLOCK -->\r\n        <section\r\n                class=\"pdt-40 pdb-40 bg3\"\r\n            >\r\n            <div class=\"wrapper2 text_block\">\r\n                                                                                                                <div class=\"page_content reset_margins\">\r\n                                                                                        <h3><strong>Jak odb\u011br plodov\u00e9 vody prob\u00edh\u00e1?<\/strong><\/h3>\n<p>Vy\u0161et\u0159en\u00ed se prov\u00e1d\u00ed za steriln\u00edch podm\u00ednek. T\u011bhotn\u00e1 \u017eena p\u0159i v\u00fdkonu le\u017e\u00ed. Pod kontrolou ultrazvukem se v podb\u0159i\u0161ku p\u00edchne velmi tenkou jehlou na jedno pou\u017eit\u00ed (o pr\u016fm\u011bru 0,7\u20130,9 mm) do d\u011blohy, kde se z\u00edsk\u00e1 n\u011bkolik mililitr\u016f plodov\u00e9 vody. Tu t\u011blo st\u00e1le produkuje, tak\u017ee mno\u017estv\u00ed z\u00edskan\u00e9 k vy\u0161et\u0159en\u00ed se samo rychle dopln\u00ed. Odb\u011br vzorku plodov\u00e9 vody lze p\u0159irovnat k odb\u011bru krve. V\u011bt\u0161ina \u017een ud\u00e1v\u00e1, \u017ee vpich je nebolestiv\u00fd a je vn\u00edm\u00e1n jen jako tup\u00fd tlak. Cel\u00fd z\u00e1krok trv\u00e1 n\u011bkolik minut. Na cestu dom\u016f nem\u00e1te n\u00e1rok na sanitku. Doprovod je ur\u010dit\u011b vhodn\u00fd.<\/p>\n                                    <\/div>\r\n            <\/div>\r\n        <\/section>\r\n    \n\n                <!-- TEXT BLOCK -->\r\n        <section\r\n                class=\"pdt-40 pdb-40 \"\r\n            >\r\n            <div class=\"wrapper2 text_block\">\r\n                                                                                                                <div class=\"page_content reset_margins\">\r\n                                                                                        <h3><strong>Jak se m\u016f\u017eete objednat?<\/strong><\/h3>\n<ul>\n<li>Term\u00edn odb\u011bru plodov\u00e9 vody si dohodnete v na\u0161\u00ed recepci podle v\u00fdsledk\u016f vy\u0161et\u0159en\u00ed a va\u0161ich \u010dasov\u00fdch mo\u017enost\u00ed<\/li>\n<li>Telefonicky na recepci, pond\u011bl\u00ed\u2013\u010dtvrtek 8\u201315 hod., p\u00e1tek 8\u201314 hod., na tel. \u010d\u00edsle <strong>+420 224 967 273<\/strong><\/li>\n<li>E-mailem: <a href=\"mailto:cfm@vfn.cz\">cfm@vfn.cz<\/a><\/li>\n<\/ul>\n                                    <\/div>\r\n            <\/div>\r\n        <\/section>\r\n    \n\n                <!-- TEXT BLOCK -->\r\n        <section\r\n                class=\"pdt-40 pdb-40 bg3\"\r\n            >\r\n            <div class=\"wrapper2 text_block\">\r\n                                                                                                                <div class=\"page_content reset_margins\">\r\n                                                                                        <h3><strong>Jak se na vy\u0161et\u0159en\u00ed p\u0159ipravit?<\/strong><\/h3>\n<p>Amniocent\u00e9zu prov\u00e1d\u00edme ambulantn\u011b. Doma m\u016f\u017eete norm\u00e1ln\u011b posn\u00eddat, nen\u00ed vhodn\u00e9 hladov\u011bt. Tekutiny neomezujte.<\/p>\n<h3><strong>Co vz\u00edt s\u00a0sebou?<\/strong><\/h3>\n<ul>\n<li>P\u0159ezut\u00ed, n\u011bco na p\u0159evle\u010den\u00ed (no\u010dn\u00ed ko\u0161ili, \u017eupan), p\u0159\u00edpadn\u011b sva\u010dinu<\/li>\n<li>Doporu\u010den\u00ed z genetick\u00e9ho odd\u011blen\u00ed k proveden\u00ed v\u00fdkonu ve t\u0159ech kopi\u00edch, p\u0159\u00edpadn\u011b po p\u0159edchoz\u00ed dohod\u011b m\u016f\u017eeme zajistit v den v\u00fdkonu<\/li>\n<li>T\u011bhotenskou legitimaci se z\u00e1znamem o krevn\u00ed skupin\u011b, Rh faktoru a vy\u0161et\u0159en\u00ed protil\u00e1tek v krvi<\/li>\n<\/ul>\n                                    <\/div>\r\n            <\/div>\r\n        <\/section>\r\n    \n\n                <!-- TEXT BLOCK -->\r\n        <section\r\n                class=\"pdt-40 pdb-40 \"\r\n            >\r\n            <div class=\"wrapper2 text_block\">\r\n                                                                                                                <div class=\"page_content reset_margins\">\r\n                                                                                        <h3><strong>Jak se chovat po v\u00fdkonu? <\/strong><\/h3>\n<p>Po z\u00e1kroku doporu\u010dujeme, abyste se dva dny \u0161et\u0159ila, a je mo\u017en\u00e1 a\u017e t\u00fddenn\u00ed pracovn\u00ed neschopnost, kterou v\u0161ak posoud\u00ed v\u00e1\u0161 gynekolog. P\u0159ed odchodem dom\u016f s v\u00e1mi sjedn\u00e1me term\u00edn kontroln\u00edho ultrazvukov\u00e9ho vy\u0161et\u0159en\u00ed.<\/p>\n                                    <\/div>\r\n            <\/div>\r\n        <\/section>\r\n    \n\n                <!-- TEXT BLOCK -->\r\n        <section\r\n                class=\"pdt-40 pdb-40 bg3\"\r\n            >\r\n            <div class=\"wrapper2 text_block\">\r\n                                                                                                                <div class=\"page_content reset_margins\">\r\n                                                                                        <h3><strong>Jak\u00e9 jsou mo\u017en\u00e9 komplikace?<\/strong><\/h3>\n<ul>\n<li>Riziko necht\u011bn\u00e9 ztr\u00e1ty t\u011bhotenstv\u00ed v souvislosti s amniocent\u00e9zou je podle statistick\u00fdch \u00fadaj\u016f 0,11 % (asi 1:1000)<\/li>\n<li>P\u0159echodn\u00e9 d\u011blo\u017en\u00ed kontrakce, odtok vody plodov\u00e9<\/li>\n<\/ul>\n<p>Zcela v\u00fdjime\u010dn\u011b se odb\u011br vzorku vody plodov\u00e9 mus\u00ed opakovat \u2013 p\u0159i kontaminaci vzorku mate\u0159sk\u00fdmi bu\u0148kami \u010di nedostate\u010dn\u00e9m namno\u017een\u00ed bun\u011bk plodu v laboratorn\u00edch podm\u00ednk\u00e1ch.<\/p>\n<h3><strong>Kdy a kde se dozv\u00edm v\u00fdsledky vy\u0161et\u0159en\u00ed?<\/strong><\/h3>\n<p>O v\u00fdsledku chromozom\u00e1ln\u00edho vy\u0161et\u0159en\u00ed plodu se m\u016f\u017eete informovat telefonicky u genetika, kter\u00fd v\u00e1m amniocent\u00e9zu doporu\u010dil. Obvykle je kompletn\u00ed v\u00fdsledek k dispozici do 14 dn\u016f. Takzvan\u00e9 rychl\u00e9 stanoven\u00ed (amnio PCR) poskytuje v\u00fdsledek za 24\u201348 hodin. Domluvte se p\u0159\u00edmo s\u00a0genetikem, kdy budou p\u0159esn\u00e9 v\u00fdsledky. V\u00fdsledek vy\u0161et\u0159en\u00ed obdr\u017e\u00edte p\u0159i osobn\u00ed n\u00e1v\u0161t\u011bv\u011b na ambulanci odd\u011blen\u00ed, kter\u00e9 v\u00fdkon doporu\u010dilo. Do dal\u0161\u00ed p\u00e9\u010de p\u0159i norm\u00e1ln\u00edm n\u00e1lezu budete p\u0159ed\u00e1na sv\u00e9mu o\u0161et\u0159uj\u00edc\u00edmu gynekologovi.<\/p>\n<p>&nbsp;<\/p>\n                                    <\/div>\r\n            <\/div>\r\n        <\/section>\r\n    \n\n                <!-- TEXT BLOCK -->\r\n        <section\r\n                class=\"pdt-40 pdb-80 \"\r\n            >\r\n            <div class=\"wrapper2 text_block\">\r\n                                                                                                                <div class=\"page_content reset_margins\">\r\n                                                                                        <h3><strong>Pro\u010d se n\u011bkdy d\u011bl\u00e1 biopsie choria a jindy amniocent\u00e9za?<\/strong><\/h3>\n<div class=\"table_scroll\"> <table>\n<tbody>\n<tr>\n<td width=\"200\"><strong>Rozd\u00edly<\/strong><\/td>\n<td width=\"200\"><strong>Biopsie choria<\/strong><\/td>\n<td width=\"200\"><strong>Amniocent\u00e9za<\/strong><\/td>\n<\/tr>\n<tr>\n<td width=\"200\">Doba odb\u011bru<\/td>\n<td width=\"200\">10.\u201314. t\u00fdden t\u011bhotenstv\u00ed<\/td>\n<td width=\"200\">od 16. t\u00fddne t\u011bhotenstv\u00ed<\/td>\n<\/tr>\n<tr>\n<td width=\"200\">Riziko v\u00fdkonu<\/td>\n<td width=\"200\">0,22 %<\/td>\n<td width=\"200\">0,11 %<\/td>\n<\/tr>\n<tr>\n<td width=\"200\">V\u00fdsledek<\/td>\n<td width=\"200\">Rychl\u00e9 stanoven\u00ed do 48 hodin<\/td>\n<td width=\"200\">Rychl\u00e9 stanoven\u00ed do 48 hodin<\/td>\n<\/tr>\n<tr>\n<td width=\"200\"><\/td>\n<td width=\"200\">Kultivace klk\u016f 2\u20133 t\u00fddny<\/td>\n<td width=\"200\">kultivace amniocyt\u016f 2\u20133 t\u00fddny po odb\u011bru<\/td>\n<\/tr>\n<tr>\n<td width=\"200\">Optim\u00e1ln\u00ed pro stanoven\u00ed<\/td>\n<td width=\"200\">Po\u010detn\u00ed odchylky chromozom\u016f (nap\u0159. syndromy Down\u016fv, Patau\u016fv, Edwards\u016fv)<\/td>\n<td width=\"200\">Zm\u011bny struktury a po\u010detn\u00ed odchylky chromozom\u016f (delece, translokace, Down\u016fv syndrom aj.)<\/td>\n<\/tr>\n<\/tbody>\n<\/table> <\/div>\n                                    <\/div>\r\n            <\/div>\r\n        <\/section>\r\n    ","protected":false},"excerpt":{"rendered":"","protected":false},"author":6,"featured_media":0,"parent":3464,"menu_order":0,"comment_status":"closed","ping_status":"closed","template":"","meta":{"_acf_changed":false,"footnotes":""},"class_list":["post-3473","page","type-page","status-publish","hentry"],"acf":[],"yoast_head":"<!-- This site is optimized with the Yoast SEO plugin v25.5 - https:\/\/yoast.com\/wordpress\/plugins\/seo\/ -->\n<title>Amniocent\u00e9za - odb\u011br plodov\u00e9 vody - Porodnice U Apolin\u00e1\u0159e<\/title>\n<meta name=\"robots\" content=\"noindex, follow, max-snippet:-1, max-image-preview:large, max-video-preview:-1\" \/>\n<meta property=\"og:locale\" content=\"vi_VN\" \/>\n<meta property=\"og:type\" content=\"article\" \/>\n<meta property=\"og:title\" content=\"Amniocent\u00e9za - odb\u011br plodov\u00e9 vody - Porodnice U Apolin\u00e1\u0159e\" \/>\n<meta property=\"og:url\" content=\"https:\/\/apolinar.capta.cz\/vi\/porodnice\/tehotenstvi\/chci-se-objednat-na-invazivni-vysetreni\/amniocenteza-odber-plodove-vody\/\" \/>\n<meta property=\"og:site_name\" content=\"Porodnice U Apolin\u00e1\u0159e\" \/>\n<meta name=\"twitter:card\" content=\"summary_large_image\" \/>\n<script type=\"application\/ld+json\" class=\"yoast-schema-graph\">{\"@context\":\"https:\/\/schema.org\",\"@graph\":[{\"@type\":\"WebPage\",\"@id\":\"https:\/\/apolinar.capta.cz\/vi\/porodnice\/tehotenstvi\/chci-se-objednat-na-invazivni-vysetreni\/amniocenteza-odber-plodove-vody\/\",\"url\":\"https:\/\/apolinar.capta.cz\/vi\/porodnice\/tehotenstvi\/chci-se-objednat-na-invazivni-vysetreni\/amniocenteza-odber-plodove-vody\/\",\"name\":\"Amniocent\u00e9za - odb\u011br plodov\u00e9 vody - Porodnice U Apolin\u00e1\u0159e\",\"isPartOf\":{\"@id\":\"https:\/\/apolinar.capta.cz\/vi\/#website\"},\"datePublished\":\"2023-08-15T13:31:07+00:00\",\"breadcrumb\":{\"@id\":\"https:\/\/apolinar.capta.cz\/vi\/porodnice\/tehotenstvi\/chci-se-objednat-na-invazivni-vysetreni\/amniocenteza-odber-plodove-vody\/#breadcrumb\"},\"inLanguage\":\"vi-VN\",\"potentialAction\":[{\"@type\":\"ReadAction\",\"target\":[\"https:\/\/apolinar.capta.cz\/vi\/porodnice\/tehotenstvi\/chci-se-objednat-na-invazivni-vysetreni\/amniocenteza-odber-plodove-vody\/\"]}]},{\"@type\":\"BreadcrumbList\",\"@id\":\"https:\/\/apolinar.capta.cz\/vi\/porodnice\/tehotenstvi\/chci-se-objednat-na-invazivni-vysetreni\/amniocenteza-odber-plodove-vody\/#breadcrumb\",\"itemListElement\":[{\"@type\":\"ListItem\",\"position\":1,\"name\":\"Dom\u016f\",\"item\":\"https:\/\/apolinar.capta.cz\/vi\/\"},{\"@type\":\"ListItem\",\"position\":2,\"name\":\"Chci se objednat na diagnostick\u00e9 vy\u0161et\u0159en\u00ed\",\"item\":\"https:\/\/apolinar.capta.cz\/vi\/porodnice\/tehotenstvi\/chci-se-objednat-na-invazivni-vysetreni\/\"},{\"@type\":\"ListItem\",\"position\":3,\"name\":\"Amniocent\u00e9za &#8211; odb\u011br plodov\u00e9 vody\"}]},{\"@type\":\"WebSite\",\"@id\":\"https:\/\/apolinar.capta.cz\/vi\/#website\",\"url\":\"https:\/\/apolinar.capta.cz\/vi\/\",\"name\":\"Porodnice U Apolin\u00e1\u0159e\",\"description\":\"Klinika gynekologie, porodnictv\u00ed a neonatologie 1. LF UK a VFN v Praze\",\"potentialAction\":[{\"@type\":\"SearchAction\",\"target\":{\"@type\":\"EntryPoint\",\"urlTemplate\":\"https:\/\/apolinar.capta.cz\/vi\/?s={search_term_string}\"},\"query-input\":{\"@type\":\"PropertyValueSpecification\",\"valueRequired\":true,\"valueName\":\"search_term_string\"}}],\"inLanguage\":\"vi-VN\"}]}<\/script>\n<!-- \/ Yoast SEO plugin. -->","yoast_head_json":{"title":"Amniocent\u00e9za - odb\u011br plodov\u00e9 vody - Porodnice U Apolin\u00e1\u0159e","robots":{"index":"noindex","follow":"follow","max-snippet":"max-snippet:-1","max-image-preview":"max-image-preview:large","max-video-preview":"max-video-preview:-1"},"og_locale":"vi_VN","og_type":"article","og_title":"Amniocent\u00e9za - odb\u011br plodov\u00e9 vody - Porodnice U Apolin\u00e1\u0159e","og_url":"https:\/\/apolinar.capta.cz\/vi\/porodnice\/tehotenstvi\/chci-se-objednat-na-invazivni-vysetreni\/amniocenteza-odber-plodove-vody\/","og_site_name":"Porodnice U Apolin\u00e1\u0159e","twitter_card":"summary_large_image","schema":{"@context":"https:\/\/schema.org","@graph":[{"@type":"WebPage","@id":"https:\/\/apolinar.capta.cz\/vi\/porodnice\/tehotenstvi\/chci-se-objednat-na-invazivni-vysetreni\/amniocenteza-odber-plodove-vody\/","url":"https:\/\/apolinar.capta.cz\/vi\/porodnice\/tehotenstvi\/chci-se-objednat-na-invazivni-vysetreni\/amniocenteza-odber-plodove-vody\/","name":"Amniocent\u00e9za - odb\u011br plodov\u00e9 vody - Porodnice U Apolin\u00e1\u0159e","isPartOf":{"@id":"https:\/\/apolinar.capta.cz\/vi\/#website"},"datePublished":"2023-08-15T13:31:07+00:00","breadcrumb":{"@id":"https:\/\/apolinar.capta.cz\/vi\/porodnice\/tehotenstvi\/chci-se-objednat-na-invazivni-vysetreni\/amniocenteza-odber-plodove-vody\/#breadcrumb"},"inLanguage":"vi-VN","potentialAction":[{"@type":"ReadAction","target":["https:\/\/apolinar.capta.cz\/vi\/porodnice\/tehotenstvi\/chci-se-objednat-na-invazivni-vysetreni\/amniocenteza-odber-plodove-vody\/"]}]},{"@type":"BreadcrumbList","@id":"https:\/\/apolinar.capta.cz\/vi\/porodnice\/tehotenstvi\/chci-se-objednat-na-invazivni-vysetreni\/amniocenteza-odber-plodove-vody\/#breadcrumb","itemListElement":[{"@type":"ListItem","position":1,"name":"Dom\u016f","item":"https:\/\/apolinar.capta.cz\/vi\/"},{"@type":"ListItem","position":2,"name":"Chci se objednat na diagnostick\u00e9 vy\u0161et\u0159en\u00ed","item":"https:\/\/apolinar.capta.cz\/vi\/porodnice\/tehotenstvi\/chci-se-objednat-na-invazivni-vysetreni\/"},{"@type":"ListItem","position":3,"name":"Amniocent\u00e9za &#8211; odb\u011br plodov\u00e9 vody"}]},{"@type":"WebSite","@id":"https:\/\/apolinar.capta.cz\/vi\/#website","url":"https:\/\/apolinar.capta.cz\/vi\/","name":"Porodnice U Apolin\u00e1\u0159e","description":"Klinika gynekologie, porodnictv\u00ed a neonatologie 1. LF UK a VFN v Praze","potentialAction":[{"@type":"SearchAction","target":{"@type":"EntryPoint","urlTemplate":"https:\/\/apolinar.capta.cz\/vi\/?s={search_term_string}"},"query-input":{"@type":"PropertyValueSpecification","valueRequired":true,"valueName":"search_term_string"}}],"inLanguage":"vi-VN"}]}},"_links":{"self":[{"href":"https:\/\/apolinar.capta.cz\/vi\/wp-json\/wp\/v2\/pages\/3473","targetHints":{"allow":["GET"]}}],"collection":[{"href":"https:\/\/apolinar.capta.cz\/vi\/wp-json\/wp\/v2\/pages"}],"about":[{"href":"https:\/\/apolinar.capta.cz\/vi\/wp-json\/wp\/v2\/types\/page"}],"author":[{"embeddable":true,"href":"https:\/\/apolinar.capta.cz\/vi\/wp-json\/wp\/v2\/users\/6"}],"replies":[{"embeddable":true,"href":"https:\/\/apolinar.capta.cz\/vi\/wp-json\/wp\/v2\/comments?post=3473"}],"version-history":[{"count":0,"href":"https:\/\/apolinar.capta.cz\/vi\/wp-json\/wp\/v2\/pages\/3473\/revisions"}],"up":[{"embeddable":true,"href":"https:\/\/apolinar.capta.cz\/vi\/wp-json\/wp\/v2\/pages\/3464"}],"wp:attachment":[{"href":"https:\/\/apolinar.capta.cz\/vi\/wp-json\/wp\/v2\/media?parent=3473"}],"curies":[{"name":"wp","href":"https:\/\/api.w.org\/{rel}","templated":true}]}}