{"id":3481,"date":"2023-08-15T15:39:28","date_gmt":"2023-08-15T13:39:28","guid":{"rendered":"https:\/\/apolinar.eu\/?page_id=3481"},"modified":"2023-08-15T15:39:28","modified_gmt":"2023-08-15T13:39:28","slug":"biopsie-choria-cvs-chorion-villi-sampling","status":"publish","type":"page","link":"https:\/\/apolinar.capta.cz\/vi\/porodnice\/tehotenstvi\/chci-se-objednat-na-invazivni-vysetreni\/biopsie-choria-cvs-chorion-villi-sampling\/","title":{"rendered":"BIOPSIE CHORIA \u2013 CVS (Chorion Villi Sampling)"},"content":{"rendered":"                <!-- TEXT BLOCK -->\r\n        <section\r\n                class=\"pdt-80 pdb-40 \"\r\n            >\r\n            <div class=\"wrapper2 text_block\">\r\n                <h2 class=\"title_h2 text_center_mdm\">Biopsie choria &#8211; CVS (Chorion Villi Sampling)<\/h2>                                                                                                <div class=\"page_content reset_margins\">\r\n                                                                                        <h3><strong>K \u010demu slou\u017e\u00ed biopsie choria?<\/strong><\/h3>\n<p>Je to prenat\u00e1ln\u011b diagnostick\u00fd test, kter\u00fd odhaluje chromozom\u00e1ln\u00ed abnormality u plodu. K vy\u0161et\u0159en\u00ed se pou\u017e\u00edvaj\u00ed klky, kter\u00e9 tvo\u0159\u00ed tzv. chorion. Z choria se postupem \u010dasu vytvo\u0159\u00ed placenta. Bu\u0148ky choria poskytuj\u00ed informaci obdobnou amniov\u00fdm bu\u0148k\u00e1m z\u00a0plodov\u00e9 vody. CVS se prov\u00e1d\u00ed mezi 10.\u201314. t\u00fddnem t\u011bhotenstv\u00ed.<\/p>\n                                    <\/div>\r\n            <\/div>\r\n        <\/section>\r\n    \n\n                <!-- TEXT BLOCK -->\r\n        <section\r\n                class=\"pdt-40 pdb-40 bg3\"\r\n            >\r\n            <div class=\"wrapper2 text_block\">\r\n                                                                                                                <div class=\"page_content reset_margins\">\r\n                                                                                        <h3><strong>Jak\u00e9 jsou d\u016fvody k\u00a0<\/strong><strong>vy\u0161et\u0159en\u00ed?<\/strong><\/h3>\n<ul>\n<li>Zv\u00fd\u0161en\u00e9 riziko Downova syndromu (trizomie 21) stanoven\u00e9 tzv. kombinovan\u00fdm testem v I. trimestru<\/li>\n<li>Riziko d\u011bdi\u010dn\u00fdch onemocn\u011bn\u00ed (metabolick\u00fdch, chromozom\u00e1ln\u00ed porucha v rodin\u011b, p\u0159edchoz\u00ed plod s chromozom\u00e1ln\u00ed abnormalitou \u010di jinou vrozenou v\u00fdvojovou vadou)<\/li>\n<\/ul>\n                                    <\/div>\r\n            <\/div>\r\n        <\/section>\r\n    \n\n                <!-- TEXT BLOCK -->\r\n        <section\r\n                class=\"pdt-40 pdb-40 \"\r\n            >\r\n            <div class=\"wrapper2 text_block\">\r\n                                                                                                                <div class=\"page_content reset_margins\">\r\n                                                                                        <h3><strong>Jak biopsie choria prob\u00edh\u00e1?<\/strong><\/h3>\n<p>Vy\u0161et\u0159en\u00ed se prov\u00e1d\u00ed za steriln\u00edch podm\u00ednek. T\u011bhotn\u00e1 \u017eena p\u0159i v\u00fdkonu le\u017e\u00ed. Pod kontrolou ultrazvukem se vede vpich v podb\u0159i\u0161ku do d\u011blohy ostrou jehlou na jedno pou\u017eit\u00ed o pr\u016fm\u011bru 1,2 mm. CVS lze p\u0159irovnat k odb\u011bru krve. V\u011bt\u0161ina \u017een ud\u00e1v\u00e1, \u017ee vpich je vn\u00edm\u00e1n jen jako tup\u00fd tlak. Cel\u00fd z\u00e1krok trv\u00e1 n\u011bkolik minut. V\u011bt\u0161ina \u017een neud\u00e1v\u00e1 po v\u00fdkonu \u017e\u00e1dn\u00e9 obt\u00ed\u017ee. Na cestu dom\u016f nen\u00ed n\u00e1rok na sanitku. Doprovod je v\u0161ak ur\u010dit\u011b vhodn\u00fd.<\/p>\n                                    <\/div>\r\n            <\/div>\r\n        <\/section>\r\n    \n\n                <!-- TEXT BLOCK -->\r\n        <section\r\n                class=\"pdt-40 pdb-40 bg3\"\r\n            >\r\n            <div class=\"wrapper2 text_block\">\r\n                                                                                                                <div class=\"page_content reset_margins\">\r\n                                                                                        <h3><strong>Jak se na vy\u0161et\u0159en\u00ed m\u016f\u017eete objednat?<\/strong><\/h3>\n<ul>\n<li>Term\u00edn biopsie choria si dohodnete v na\u0161\u00ed recepci podle v\u00fdsledk\u016f vy\u0161et\u0159en\u00ed a va\u0161ich \u010dasov\u00fdch mo\u017enost\u00ed<\/li>\n<li>V\u017edy pond\u011bl\u00ed\u2013\u010dtvrtek 8\u201315 hod., v\u00a0p\u00e1tek 8\u201314 hod. na tel. \u010d\u00edsle <strong>+420 224 967 273<\/strong><\/li>\n<li>E-mailem: <a href=\"mailto:cfm@vfn.cz\">cfm@vfn.cz<\/a><\/li>\n<\/ul>\n                                    <\/div>\r\n            <\/div>\r\n        <\/section>\r\n    \n\n                <!-- TEXT BLOCK -->\r\n        <section\r\n                class=\"pdt-40 pdb-40 \"\r\n            >\r\n            <div class=\"wrapper2 text_block\">\r\n                                                                                                                <div class=\"page_content reset_margins\">\r\n                                                                                        <h3><strong>Jak se na vy\u0161et\u0159en\u00ed p\u0159ipravit?<\/strong><\/h3>\n<p>Biopsii choria prov\u00e1d\u00edme ambulantn\u011b. Doma m\u016f\u017eete norm\u00e1ln\u011b posn\u00eddat, nen\u00ed vhodn\u00e9 hladov\u011bt. Tekutiny neomezujte.<\/p>\n<h3><strong>Co vz\u00edt s\u00a0sebou?<\/strong><\/h3>\n<ul>\n<li>P\u0159ezut\u00ed, n\u011bco na p\u0159evle\u010den\u00ed (no\u010dn\u00ed ko\u0161ili, \u017eupan), p\u0159\u00edpadn\u011b sva\u010dinu<\/li>\n<li>Doporu\u010den\u00ed z genetick\u00e9ho odd\u011blen\u00ed k proveden\u00ed v\u00fdkonu ve t\u0159ech kopi\u00edch, p\u0159\u00edpadn\u011b po p\u0159edchoz\u00ed dohod\u011b m\u016f\u017eeme zajistit v den v\u00fdkonu<\/li>\n<li>T\u011bhotenskou legitimaci se z\u00e1znamem o krevn\u00ed skupin\u011b, Rh faktoru a vy\u0161et\u0159en\u00ed protil\u00e1tek v\u00a0krvi<\/li>\n<\/ul>\n                                    <\/div>\r\n            <\/div>\r\n        <\/section>\r\n    \n\n                <!-- TEXT BLOCK -->\r\n        <section\r\n                class=\"pdt-40 pdb-40 bg3\"\r\n            >\r\n            <div class=\"wrapper2 text_block\">\r\n                                                                                                                <div class=\"page_content reset_margins\">\r\n                                                                                        <h3><strong>Jak se chovat po v\u00fdkonu?<\/strong><\/h3>\n<p>Po z\u00e1kroku doporu\u010dujeme, abyste se dva dny \u0161et\u0159ila, a je mo\u017en\u00e1 a\u017e t\u00fddenn\u00ed pracovn\u00ed neschopnost, kterou v\u0161ak posoud\u00ed v\u00e1\u0161 gynekolog. P\u0159ed odchodem dom\u016f s v\u00e1mi sjedn\u00e1me term\u00edn kontroln\u00edho ultrazvukov\u00e9ho vy\u0161et\u0159en\u00ed.<\/p>\n<h3><strong>Jak\u00e9 jsou mo\u017en\u00e9 komplikace?<\/strong><\/h3>\n<ul>\n<li>Riziko necht\u011bn\u00e9 ztr\u00e1ty t\u011bhotenstv\u00ed v souvislosti s CVS je podle statistick\u00fdch \u00fadaj\u016f 0,22 % (1 na 500 v\u00fdkon\u016f). Ve zku\u0161en\u00fdch rukou je riziko stejn\u00e9 jako u amniocent\u00e9zy<\/li>\n<li>P\u0159echodn\u00e9 d\u011blo\u017en\u00ed kontrakce, \u0161pin\u011bn\u00ed \u010di krv\u00e1cen\u00ed<\/li>\n<li>V\u00fdjime\u010dn\u011b je nutn\u00e9 opakovat odb\u011br p\u0159i nedostate\u010dn\u00e9m mno\u017estv\u00ed klk\u016f \u010di probl\u00e9mech s namno\u017een\u00edm bun\u011bk plodu v laboratorn\u00edch podm\u00ednk\u00e1ch<\/li>\n<li>Mozaicizmus omezen\u00fd na placentu, kdy je v\u00fdsledek t\u0159eba ov\u011b\u0159it amniocent\u00e9zou (m\u00e9n\u011b ne\u017e 1 % p\u0159\u00edpad\u016f)<\/li>\n<\/ul>\n                                    <\/div>\r\n            <\/div>\r\n        <\/section>\r\n    \n\n                <!-- TEXT BLOCK -->\r\n        <section\r\n                class=\"pdt-40 pdb-40 \"\r\n            >\r\n            <div class=\"wrapper2 text_block\">\r\n                                                                                                                <div class=\"page_content reset_margins\">\r\n                                                                                        <h3><strong>Kdy a kde se dozv\u00edm v\u00fdsledky vy\u0161et\u0159en\u00ed?<\/strong><\/h3>\n<p>O v\u00fdsledku chromozom\u00e1ln\u00edho \u00a0vy\u0161et\u0159en\u00ed plodu se m\u016f\u017eete informovat telefonicky u genetika, kter\u00fd v\u00e1m biopsii choria doporu\u010dil. Obvykle je kompletn\u00ed v\u00fdsledek k dispozici do 14 dn\u016f. Takzvan\u00e9 rychl\u00e9 stanoven\u00ed (amnio PCR) poskytuje v\u00fdsledek za 24\u201348 hodin. Domluvte se p\u0159\u00edmo s\u00a0genetikem, kdy budou p\u0159esn\u00e9 v\u00fdsledky. V\u00fdsledek vy\u0161et\u0159en\u00ed obdr\u017e\u00edte p\u0159i osobn\u00ed n\u00e1v\u0161t\u011bv\u011b na ambulanci odd\u011blen\u00ed, kter\u00e9 v\u00fdkon doporu\u010dilo. Do dal\u0161\u00ed p\u00e9\u010de p\u0159i norm\u00e1ln\u00edm n\u00e1lezu budete p\u0159ed\u00e1na sv\u00e9mu o\u0161et\u0159uj\u00edc\u00edmu gynekologovi.<\/p>\n                                    <\/div>\r\n            <\/div>\r\n        <\/section>\r\n    \n\n                <!-- TEXT BLOCK -->\r\n        <section\r\n                class=\"pdt-40 pdb-80 \"\r\n            >\r\n            <div class=\"wrapper2 text_block\">\r\n                                                                                                                <div class=\"page_content reset_margins\">\r\n                                                                                        <h3><strong>Pro\u010d se n\u011bkdy d\u011bl\u00e1 biopsie choria a jindy amniocent\u00e9za?<\/strong><\/h3>\n<div class=\"table_scroll\"> <table>\n<tbody>\n<tr>\n<td width=\"200\"><strong>Rozd\u00edly<\/strong><\/td>\n<td width=\"200\"><strong>Biopsie choria<\/strong><\/td>\n<td width=\"200\"><strong>Amniocent\u00e9za<\/strong><\/td>\n<\/tr>\n<tr>\n<td width=\"200\">Doba odb\u011bru<\/td>\n<td width=\"200\">10.\u2013-14. t\u00fdden t\u011bhotenstv\u00ed<\/td>\n<td width=\"200\">od 16. t\u00fddne t\u011bhotenstv\u00ed<\/td>\n<\/tr>\n<tr>\n<td width=\"200\">Riziko v\u00fdkonu<\/td>\n<td width=\"200\">0,22 %<\/td>\n<td width=\"200\">0,11 %<\/td>\n<\/tr>\n<tr>\n<td width=\"200\">V\u00fdsledek<\/td>\n<td width=\"200\">Rychl\u00e9 stanoven\u00ed do 48 hodin<\/td>\n<td width=\"200\">Rychl\u00e9 stanoven\u00ed do 48 hodin<\/td>\n<\/tr>\n<tr>\n<td width=\"200\">&nbsp;<\/td>\n<td width=\"200\">Kultivace klk\u016f 2\u20133 t\u00fddny<\/td>\n<td width=\"200\">kultivace amniocyt\u016f 2\u20133 t\u00fddny po odb\u011bru<\/td>\n<\/tr>\n<tr>\n<td width=\"200\">Optim\u00e1ln\u00ed pro stanoven\u00ed<\/td>\n<td width=\"200\">Po\u010detn\u00ed odchylky chromozom\u016f (nap\u0159. syndromy Down\u016fv, Patau\u016fv, Edwards\u016fv)<\/td>\n<td width=\"200\">Zm\u011bny struktury a po\u010detn\u00ed odchylky chromozom\u016f (delece, translokace, Down\u016fv syndrom aj.)<\/td>\n<\/tr>\n<\/tbody>\n<\/table> <\/div>\n                                    <\/div>\r\n            <\/div>\r\n        <\/section>\r\n    ","protected":false},"excerpt":{"rendered":"","protected":false},"author":6,"featured_media":0,"parent":3464,"menu_order":0,"comment_status":"closed","ping_status":"closed","template":"","meta":{"_acf_changed":false,"footnotes":""},"class_list":["post-3481","page","type-page","status-publish","hentry"],"acf":[],"yoast_head":"<!-- This site is optimized with the Yoast SEO plugin v25.5 - https:\/\/yoast.com\/wordpress\/plugins\/seo\/ -->\n<title>BIOPSIE CHORIA \u2013 CVS (Chorion Villi Sampling) - Porodnice U Apolin\u00e1\u0159e<\/title>\n<meta name=\"robots\" content=\"noindex, follow, max-snippet:-1, max-image-preview:large, max-video-preview:-1\" \/>\n<meta property=\"og:locale\" content=\"vi_VN\" \/>\n<meta property=\"og:type\" content=\"article\" \/>\n<meta property=\"og:title\" content=\"BIOPSIE CHORIA \u2013 CVS (Chorion Villi Sampling) - Porodnice U Apolin\u00e1\u0159e\" \/>\n<meta property=\"og:url\" content=\"https:\/\/apolinar.capta.cz\/vi\/porodnice\/tehotenstvi\/chci-se-objednat-na-invazivni-vysetreni\/biopsie-choria-cvs-chorion-villi-sampling\/\" \/>\n<meta property=\"og:site_name\" content=\"Porodnice U Apolin\u00e1\u0159e\" \/>\n<meta name=\"twitter:card\" content=\"summary_large_image\" \/>\n<script type=\"application\/ld+json\" class=\"yoast-schema-graph\">{\"@context\":\"https:\/\/schema.org\",\"@graph\":[{\"@type\":\"WebPage\",\"@id\":\"https:\/\/apolinar.capta.cz\/vi\/porodnice\/tehotenstvi\/chci-se-objednat-na-invazivni-vysetreni\/biopsie-choria-cvs-chorion-villi-sampling\/\",\"url\":\"https:\/\/apolinar.capta.cz\/vi\/porodnice\/tehotenstvi\/chci-se-objednat-na-invazivni-vysetreni\/biopsie-choria-cvs-chorion-villi-sampling\/\",\"name\":\"BIOPSIE CHORIA \u2013 CVS (Chorion Villi Sampling) - Porodnice U Apolin\u00e1\u0159e\",\"isPartOf\":{\"@id\":\"https:\/\/apolinar.capta.cz\/vi\/#website\"},\"datePublished\":\"2023-08-15T13:39:28+00:00\",\"breadcrumb\":{\"@id\":\"https:\/\/apolinar.capta.cz\/vi\/porodnice\/tehotenstvi\/chci-se-objednat-na-invazivni-vysetreni\/biopsie-choria-cvs-chorion-villi-sampling\/#breadcrumb\"},\"inLanguage\":\"vi-VN\",\"potentialAction\":[{\"@type\":\"ReadAction\",\"target\":[\"https:\/\/apolinar.capta.cz\/vi\/porodnice\/tehotenstvi\/chci-se-objednat-na-invazivni-vysetreni\/biopsie-choria-cvs-chorion-villi-sampling\/\"]}]},{\"@type\":\"BreadcrumbList\",\"@id\":\"https:\/\/apolinar.capta.cz\/vi\/porodnice\/tehotenstvi\/chci-se-objednat-na-invazivni-vysetreni\/biopsie-choria-cvs-chorion-villi-sampling\/#breadcrumb\",\"itemListElement\":[{\"@type\":\"ListItem\",\"position\":1,\"name\":\"Dom\u016f\",\"item\":\"https:\/\/apolinar.capta.cz\/vi\/\"},{\"@type\":\"ListItem\",\"position\":2,\"name\":\"Chci se objednat na diagnostick\u00e9 vy\u0161et\u0159en\u00ed\",\"item\":\"https:\/\/apolinar.capta.cz\/vi\/porodnice\/tehotenstvi\/chci-se-objednat-na-invazivni-vysetreni\/\"},{\"@type\":\"ListItem\",\"position\":3,\"name\":\"BIOPSIE CHORIA \u2013 CVS (Chorion Villi Sampling)\"}]},{\"@type\":\"WebSite\",\"@id\":\"https:\/\/apolinar.capta.cz\/vi\/#website\",\"url\":\"https:\/\/apolinar.capta.cz\/vi\/\",\"name\":\"Porodnice U Apolin\u00e1\u0159e\",\"description\":\"Klinika gynekologie, porodnictv\u00ed a neonatologie 1. LF UK a VFN v Praze\",\"potentialAction\":[{\"@type\":\"SearchAction\",\"target\":{\"@type\":\"EntryPoint\",\"urlTemplate\":\"https:\/\/apolinar.capta.cz\/vi\/?s={search_term_string}\"},\"query-input\":{\"@type\":\"PropertyValueSpecification\",\"valueRequired\":true,\"valueName\":\"search_term_string\"}}],\"inLanguage\":\"vi-VN\"}]}<\/script>\n<!-- \/ Yoast SEO plugin. -->","yoast_head_json":{"title":"BIOPSIE CHORIA \u2013 CVS (Chorion Villi Sampling) - Porodnice U Apolin\u00e1\u0159e","robots":{"index":"noindex","follow":"follow","max-snippet":"max-snippet:-1","max-image-preview":"max-image-preview:large","max-video-preview":"max-video-preview:-1"},"og_locale":"vi_VN","og_type":"article","og_title":"BIOPSIE CHORIA \u2013 CVS (Chorion Villi Sampling) - Porodnice U Apolin\u00e1\u0159e","og_url":"https:\/\/apolinar.capta.cz\/vi\/porodnice\/tehotenstvi\/chci-se-objednat-na-invazivni-vysetreni\/biopsie-choria-cvs-chorion-villi-sampling\/","og_site_name":"Porodnice U Apolin\u00e1\u0159e","twitter_card":"summary_large_image","schema":{"@context":"https:\/\/schema.org","@graph":[{"@type":"WebPage","@id":"https:\/\/apolinar.capta.cz\/vi\/porodnice\/tehotenstvi\/chci-se-objednat-na-invazivni-vysetreni\/biopsie-choria-cvs-chorion-villi-sampling\/","url":"https:\/\/apolinar.capta.cz\/vi\/porodnice\/tehotenstvi\/chci-se-objednat-na-invazivni-vysetreni\/biopsie-choria-cvs-chorion-villi-sampling\/","name":"BIOPSIE CHORIA \u2013 CVS (Chorion Villi Sampling) - Porodnice U Apolin\u00e1\u0159e","isPartOf":{"@id":"https:\/\/apolinar.capta.cz\/vi\/#website"},"datePublished":"2023-08-15T13:39:28+00:00","breadcrumb":{"@id":"https:\/\/apolinar.capta.cz\/vi\/porodnice\/tehotenstvi\/chci-se-objednat-na-invazivni-vysetreni\/biopsie-choria-cvs-chorion-villi-sampling\/#breadcrumb"},"inLanguage":"vi-VN","potentialAction":[{"@type":"ReadAction","target":["https:\/\/apolinar.capta.cz\/vi\/porodnice\/tehotenstvi\/chci-se-objednat-na-invazivni-vysetreni\/biopsie-choria-cvs-chorion-villi-sampling\/"]}]},{"@type":"BreadcrumbList","@id":"https:\/\/apolinar.capta.cz\/vi\/porodnice\/tehotenstvi\/chci-se-objednat-na-invazivni-vysetreni\/biopsie-choria-cvs-chorion-villi-sampling\/#breadcrumb","itemListElement":[{"@type":"ListItem","position":1,"name":"Dom\u016f","item":"https:\/\/apolinar.capta.cz\/vi\/"},{"@type":"ListItem","position":2,"name":"Chci se objednat na diagnostick\u00e9 vy\u0161et\u0159en\u00ed","item":"https:\/\/apolinar.capta.cz\/vi\/porodnice\/tehotenstvi\/chci-se-objednat-na-invazivni-vysetreni\/"},{"@type":"ListItem","position":3,"name":"BIOPSIE CHORIA \u2013 CVS (Chorion Villi Sampling)"}]},{"@type":"WebSite","@id":"https:\/\/apolinar.capta.cz\/vi\/#website","url":"https:\/\/apolinar.capta.cz\/vi\/","name":"Porodnice U Apolin\u00e1\u0159e","description":"Klinika gynekologie, porodnictv\u00ed a neonatologie 1. LF UK a VFN v Praze","potentialAction":[{"@type":"SearchAction","target":{"@type":"EntryPoint","urlTemplate":"https:\/\/apolinar.capta.cz\/vi\/?s={search_term_string}"},"query-input":{"@type":"PropertyValueSpecification","valueRequired":true,"valueName":"search_term_string"}}],"inLanguage":"vi-VN"}]}},"_links":{"self":[{"href":"https:\/\/apolinar.capta.cz\/vi\/wp-json\/wp\/v2\/pages\/3481","targetHints":{"allow":["GET"]}}],"collection":[{"href":"https:\/\/apolinar.capta.cz\/vi\/wp-json\/wp\/v2\/pages"}],"about":[{"href":"https:\/\/apolinar.capta.cz\/vi\/wp-json\/wp\/v2\/types\/page"}],"author":[{"embeddable":true,"href":"https:\/\/apolinar.capta.cz\/vi\/wp-json\/wp\/v2\/users\/6"}],"replies":[{"embeddable":true,"href":"https:\/\/apolinar.capta.cz\/vi\/wp-json\/wp\/v2\/comments?post=3481"}],"version-history":[{"count":0,"href":"https:\/\/apolinar.capta.cz\/vi\/wp-json\/wp\/v2\/pages\/3481\/revisions"}],"up":[{"embeddable":true,"href":"https:\/\/apolinar.capta.cz\/vi\/wp-json\/wp\/v2\/pages\/3464"}],"wp:attachment":[{"href":"https:\/\/apolinar.capta.cz\/vi\/wp-json\/wp\/v2\/media?parent=3481"}],"curies":[{"name":"wp","href":"https:\/\/api.w.org\/{rel}","templated":true}]}}