{"id":3989,"date":"2023-09-03T00:25:09","date_gmt":"2023-09-02T22:25:09","guid":{"rendered":"https:\/\/apolinar.eu\/?page_id=3989"},"modified":"2023-09-03T00:25:09","modified_gmt":"2023-09-02T22:25:09","slug":"po-porodu","status":"publish","type":"page","link":"https:\/\/apolinar.capta.cz\/vi\/porodnice\/po-porodu\/","title":{"rendered":"Po porodu"},"content":{"rendered":"                        <div class=\"pdt-80 pdb-80 pdt-40lg pdb-40lg pdt-60md pdb-60md \"\r\n            >\r\n                                                                        <div class=\"wrapper2 mgt-60\">\r\n                        <h2 class=\"title_h3 text_center_mdm\">Po porodu<\/h2>\r\n                                                                            <div class=\"grid small-space mgt-5\">\r\n                                                                    <div class=\"col2 col1_mdm dflex offset anim_delay anim_drop1 observe\">\r\n                                                                                                                                                                                                                                                        <a href=\"https:\/\/apolinar.capta.cz\/porodnice\/po-porodu\/sestinedeli\/\"\r\n                                               class=\"btn_big bg3 text_s18 w100p\">\r\n                                                                                                    <svg class=\"btn_big_arrow sico\">\r\n                                                        <use href=\"https:\/\/apolinar.capta.cz\/wp-content\/themes\/apolinar\/assets\/layout\/icons.svg#s_ar2_r\"\/>\r\n                                                    <\/svg>\r\n                                                    <span> \u0160estined\u011bl\u00ed<\/span>\r\n                                                                                            <\/a>\r\n                                                                            <\/div>\r\n                                                                    <div class=\"col2 col1_mdm dflex offset anim_delay anim_drop1 observe\">\r\n                                                                                                                                                                                                                                                        <a href=\"https:\/\/apolinar.capta.cz\/porodnice\/po-porodu\/strava-v-porodnici\/\"\r\n                                               class=\"btn_big bg3 text_s18 w100p\">\r\n                                                                                                    <svg class=\"btn_big_arrow sico\">\r\n                                                        <use href=\"https:\/\/apolinar.capta.cz\/wp-content\/themes\/apolinar\/assets\/layout\/icons.svg#s_ar2_r\"\/>\r\n                                                    <\/svg>\r\n                                                    <span> Strava v porodnici<\/span>\r\n                                                                                            <\/a>\r\n                                                                            <\/div>\r\n                                                                    <div class=\"col2 col1_mdm dflex offset anim_delay anim_drop1 observe\">\r\n                                                                                                                                                                                                                                                        <a href=\"https:\/\/apolinar.capta.cz\/porodnice\/po-porodu\/navstevy\/\"\r\n                                               class=\"btn_big bg3 text_s18 w100p\">\r\n                                                                                                    <svg class=\"btn_big_arrow sico\">\r\n                                                        <use href=\"https:\/\/apolinar.capta.cz\/wp-content\/themes\/apolinar\/assets\/layout\/icons.svg#s_ar2_r\"\/>\r\n                                                    <\/svg>\r\n                                                    <span> N\u00e1v\u0161t\u011bvy<\/span>\r\n                                                                                            <\/a>\r\n                                                                            <\/div>\r\n                                                                    <div class=\"col2 col1_mdm dflex offset anim_delay anim_drop1 observe\">\r\n                                                                                                                                                                                                                                                        <a href=\"https:\/\/apolinar.capta.cz\/neonatologie\/fyziologicky-novorozenec\/pece-o-novorozence-po-porodu\/\"\r\n                                               class=\"btn_big bg3 text_s18 w100p\">\r\n                                                                                                    <svg class=\"btn_big_arrow sico\">\r\n                                                        <use href=\"https:\/\/apolinar.capta.cz\/wp-content\/themes\/apolinar\/assets\/layout\/icons.svg#s_ar2_r\"\/>\r\n                                                    <\/svg>\r\n                                                    <span> P\u00e9\u010de o novorozence po porodu<\/span>\r\n                                                                                            <\/a>\r\n                                                                            <\/div>\r\n                                                            <\/div>\r\n                                            <\/div>\r\n                                    <\/div>\r\n    ","protected":false},"excerpt":{"rendered":"","protected":false},"author":6,"featured_media":0,"parent":3956,"menu_order":0,"comment_status":"closed","ping_status":"closed","template":"","meta":{"_acf_changed":false,"footnotes":""},"class_list":["post-3989","page","type-page","status-publish","hentry"],"acf":[],"yoast_head":"<!-- This site is optimized with the Yoast SEO plugin v25.5 - https:\/\/yoast.com\/wordpress\/plugins\/seo\/ -->\n<title>Po porodu - Porodnice U Apolin\u00e1\u0159e<\/title>\n<meta name=\"robots\" content=\"noindex, follow, max-snippet:-1, max-image-preview:large, max-video-preview:-1\" \/>\n<meta property=\"og:locale\" content=\"vi_VN\" \/>\n<meta property=\"og:type\" content=\"article\" \/>\n<meta property=\"og:title\" content=\"Po porodu - Porodnice U Apolin\u00e1\u0159e\" \/>\n<meta property=\"og:url\" content=\"https:\/\/apolinar.capta.cz\/vi\/porodnice\/po-porodu\/\" \/>\n<meta property=\"og:site_name\" content=\"Porodnice U Apolin\u00e1\u0159e\" \/>\n<meta name=\"twitter:card\" content=\"summary_large_image\" \/>\n<script type=\"application\/ld+json\" class=\"yoast-schema-graph\">{\"@context\":\"https:\/\/schema.org\",\"@graph\":[{\"@type\":\"WebPage\",\"@id\":\"https:\/\/apolinar.capta.cz\/vi\/porodnice\/po-porodu\/\",\"url\":\"https:\/\/apolinar.capta.cz\/vi\/porodnice\/po-porodu\/\",\"name\":\"Po porodu - Porodnice U Apolin\u00e1\u0159e\",\"isPartOf\":{\"@id\":\"https:\/\/apolinar.capta.cz\/vi\/#website\"},\"datePublished\":\"2023-09-02T22:25:09+00:00\",\"breadcrumb\":{\"@id\":\"https:\/\/apolinar.capta.cz\/vi\/porodnice\/po-porodu\/#breadcrumb\"},\"inLanguage\":\"vi-VN\",\"potentialAction\":[{\"@type\":\"ReadAction\",\"target\":[\"https:\/\/apolinar.capta.cz\/vi\/porodnice\/po-porodu\/\"]}]},{\"@type\":\"BreadcrumbList\",\"@id\":\"https:\/\/apolinar.capta.cz\/vi\/porodnice\/po-porodu\/#breadcrumb\",\"itemListElement\":[{\"@type\":\"ListItem\",\"position\":1,\"name\":\"Dom\u016f\",\"item\":\"https:\/\/apolinar.capta.cz\/vi\/\"},{\"@type\":\"ListItem\",\"position\":2,\"name\":\"Porodnice\",\"item\":\"https:\/\/apolinar.capta.cz\/vi\/porodnice\/\"},{\"@type\":\"ListItem\",\"position\":3,\"name\":\"Po porodu\"}]},{\"@type\":\"WebSite\",\"@id\":\"https:\/\/apolinar.capta.cz\/vi\/#website\",\"url\":\"https:\/\/apolinar.capta.cz\/vi\/\",\"name\":\"Porodnice U Apolin\u00e1\u0159e\",\"description\":\"Klinika gynekologie, porodnictv\u00ed a neonatologie 1. LF UK a VFN v Praze\",\"potentialAction\":[{\"@type\":\"SearchAction\",\"target\":{\"@type\":\"EntryPoint\",\"urlTemplate\":\"https:\/\/apolinar.capta.cz\/vi\/?s={search_term_string}\"},\"query-input\":{\"@type\":\"PropertyValueSpecification\",\"valueRequired\":true,\"valueName\":\"search_term_string\"}}],\"inLanguage\":\"vi-VN\"}]}<\/script>\n<!-- \/ Yoast SEO plugin. -->","yoast_head_json":{"title":"Po porodu - Porodnice U Apolin\u00e1\u0159e","robots":{"index":"noindex","follow":"follow","max-snippet":"max-snippet:-1","max-image-preview":"max-image-preview:large","max-video-preview":"max-video-preview:-1"},"og_locale":"vi_VN","og_type":"article","og_title":"Po porodu - Porodnice U Apolin\u00e1\u0159e","og_url":"https:\/\/apolinar.capta.cz\/vi\/porodnice\/po-porodu\/","og_site_name":"Porodnice U Apolin\u00e1\u0159e","twitter_card":"summary_large_image","schema":{"@context":"https:\/\/schema.org","@graph":[{"@type":"WebPage","@id":"https:\/\/apolinar.capta.cz\/vi\/porodnice\/po-porodu\/","url":"https:\/\/apolinar.capta.cz\/vi\/porodnice\/po-porodu\/","name":"Po porodu - Porodnice U Apolin\u00e1\u0159e","isPartOf":{"@id":"https:\/\/apolinar.capta.cz\/vi\/#website"},"datePublished":"2023-09-02T22:25:09+00:00","breadcrumb":{"@id":"https:\/\/apolinar.capta.cz\/vi\/porodnice\/po-porodu\/#breadcrumb"},"inLanguage":"vi-VN","potentialAction":[{"@type":"ReadAction","target":["https:\/\/apolinar.capta.cz\/vi\/porodnice\/po-porodu\/"]}]},{"@type":"BreadcrumbList","@id":"https:\/\/apolinar.capta.cz\/vi\/porodnice\/po-porodu\/#breadcrumb","itemListElement":[{"@type":"ListItem","position":1,"name":"Dom\u016f","item":"https:\/\/apolinar.capta.cz\/vi\/"},{"@type":"ListItem","position":2,"name":"Porodnice","item":"https:\/\/apolinar.capta.cz\/vi\/porodnice\/"},{"@type":"ListItem","position":3,"name":"Po porodu"}]},{"@type":"WebSite","@id":"https:\/\/apolinar.capta.cz\/vi\/#website","url":"https:\/\/apolinar.capta.cz\/vi\/","name":"Porodnice U Apolin\u00e1\u0159e","description":"Klinika gynekologie, porodnictv\u00ed a neonatologie 1. LF UK a VFN v Praze","potentialAction":[{"@type":"SearchAction","target":{"@type":"EntryPoint","urlTemplate":"https:\/\/apolinar.capta.cz\/vi\/?s={search_term_string}"},"query-input":{"@type":"PropertyValueSpecification","valueRequired":true,"valueName":"search_term_string"}}],"inLanguage":"vi-VN"}]}},"_links":{"self":[{"href":"https:\/\/apolinar.capta.cz\/vi\/wp-json\/wp\/v2\/pages\/3989","targetHints":{"allow":["GET"]}}],"collection":[{"href":"https:\/\/apolinar.capta.cz\/vi\/wp-json\/wp\/v2\/pages"}],"about":[{"href":"https:\/\/apolinar.capta.cz\/vi\/wp-json\/wp\/v2\/types\/page"}],"author":[{"embeddable":true,"href":"https:\/\/apolinar.capta.cz\/vi\/wp-json\/wp\/v2\/users\/6"}],"replies":[{"embeddable":true,"href":"https:\/\/apolinar.capta.cz\/vi\/wp-json\/wp\/v2\/comments?post=3989"}],"version-history":[{"count":0,"href":"https:\/\/apolinar.capta.cz\/vi\/wp-json\/wp\/v2\/pages\/3989\/revisions"}],"up":[{"embeddable":true,"href":"https:\/\/apolinar.capta.cz\/vi\/wp-json\/wp\/v2\/pages\/3956"}],"wp:attachment":[{"href":"https:\/\/apolinar.capta.cz\/vi\/wp-json\/wp\/v2\/media?parent=3989"}],"curies":[{"name":"wp","href":"https:\/\/api.w.org\/{rel}","templated":true}]}}