{"id":4455,"date":"2023-09-20T22:36:21","date_gmt":"2023-09-20T20:36:21","guid":{"rendered":"https:\/\/apolinar.eu\/?page_id=4455"},"modified":"2023-09-20T22:36:21","modified_gmt":"2023-09-20T20:36:21","slug":"diabetologicka-a-interni-ambulance","status":"publish","type":"page","link":"https:\/\/apolinar.capta.cz\/vi\/porodnice\/tehotenstvi\/diabetologicka-a-interni-ambulance\/","title":{"rendered":"Diabetologick\u00e1 a intern\u00ed ambulance"},"content":{"rendered":"                <!-- TEXT BLOCK -->\r\n        <section\r\n                class=\"pdt-80 pdb-40 \"\r\n            >\r\n            <div class=\"wrapper2 text_block\">\r\n                <h1 class=\"title_h2 text_center_mdm\">Diabetologick\u00e1 a intern\u00ed ambulance<\/h1>                                                                                                <div class=\"page_content reset_margins\">\r\n                                                                                        <p>V na\u0161\u00ed diabetologick\u00e9 a intern\u00ed ambulanci pro t\u011bhotn\u00e9 poskytujeme p\u00e9\u010di pacientk\u00e1m s gesta\u010dn\u00edm \u010di jin\u00fdm typem diabetes mellitus. Pe\u010dujeme o \u017eeny s DM 1. typu a DM 2. typu, kter\u00e9 pl\u00e1nuj\u00ed ot\u011bhotn\u011bt (prekoncep\u010dn\u00ed p\u00e9\u010de) nebo jsou t\u011bhotn\u00e9. D\u00e1le o \u017eeny s ostatn\u00edmi intern\u00edmi chorobami.<\/p>\n                                    <\/div>\r\n            <\/div>\r\n        <\/section>\r\n    \n\n                <!-- TEXT BLOCK -->\r\n        <section\r\n                class=\"pdt-40 pdb-40 bg3\"\r\n            >\r\n            <div class=\"wrapper2 text_block\">\r\n                                                                                                                <div class=\"page_content reset_margins\">\r\n                                                                                        <p><strong>Kontaktujte n\u00e1s telefonicky na telefonn\u00edm \u010d\u00edsle: +420 224 967 413 nebo +420 224 967 226.<\/strong><\/p>\n                                    <\/div>\r\n            <\/div>\r\n        <\/section>\r\n    \n\n                <!-- TEXT BLOCK -->\r\n        <section\r\n                class=\"pdt-40 pdb-40 \"\r\n            >\r\n            <div class=\"wrapper2 text_block\">\r\n                                                                                                    <h3 class=\"title_h3 text_center_mdm\">Gesta\u010dn\u00ed diabetes mellitus (t\u011bhotensk\u00e1 cukrovka)<\/h3>\r\n                                                <div class=\"page_content reset_margins\">\r\n                                                                                        <p>Pokud m\u00e1te pozitivn\u00ed screening na t\u011bhotenskou cukrovku, co nejd\u0159\u00edve se objednejte do na\u0161\u00ed diabetologick\u00e9 poradny pro t\u011bhotn\u00e9. Zde V\u00e1s nejprve objedn\u00e1me na skupinovou edukaci (trv\u00e1n\u00ed cca 1,5 hodiny), b\u011bhem kter\u00e9 V\u00e1s pou\u010d\u00edme o zp\u016fsobu vhodn\u00e9ho stravov\u00e1n\u00ed a nau\u010d\u00edme V\u00e1s m\u011b\u0159it se glukometrem.<\/p>\n                                    <\/div>\r\n            <\/div>\r\n        <\/section>\r\n    \n\n    <!-- BLOK K -->\r\n    <section\r\n            class=\"pdt-10 pdb-10 \"\r\n        >\r\n        <div class=\"wrapper2\">\r\n                                                                                            <div class=\"grid small-space\">\r\n                                                                                <!-- ITEM 1 -->\r\n                            <div class=\"col2 col1_mdm bg3 radius10 pd-35 pd-25md observe anim_drop1 anim_delay dflex flex-dir-column offset_dist\">\r\n                                <div class=\"text_block w100p mgb-auto\">\r\n                                    <h3 class=\"title_h3\">V\u00edce o t\u011bhotensk\u00e9 cukrovce<\/h3>\r\n                                                                                                        <\/div>\r\n                                <div class=\"pdt-20 w100p\">\r\n                                    <div class=\"grid small-space\">\r\n                                        <div class=\"col_default offset_half\">\r\n                                            <a href=\"#\"\r\n                                               title=\"V\u00edce o t\u011bhotensk\u00e9 cukrovce\"\r\n                                               target=\"_blank\"\r\n                                               class=\"btn_basic\">\r\n                                                Zobrazit                                            <\/a>\r\n                                        <\/div>\r\n                                        <div class=\"col_default offset_half\">\r\n                                            <a href=\"#\"\r\n                                               title=\"V\u00edce o t\u011bhotensk\u00e9 cukrovce\"\r\n                                               download\r\n                                               class=\"btn_basic border\">\r\n                                                St\u00e1hnout                                            <\/a>\r\n                                        <\/div>\r\n                                    <\/div>\r\n                                <\/div>\r\n                            <\/div>\r\n                                                                                <!-- ITEM 1 -->\r\n                            <div class=\"col2 col1_mdm bg3 radius10 pd-35 pd-25md observe anim_drop1 anim_delay dflex flex-dir-column offset_dist\">\r\n                                <div class=\"text_block w100p mgb-auto\">\r\n                                    <h3 class=\"title_h3\">Formul\u00e1\u0159 na zapisov\u00e1n\u00ed j\u00eddeln\u00ed\u010dku \u017een s GDM<\/h3>\r\n                                                                                                        <\/div>\r\n                                <div class=\"pdt-20 w100p\">\r\n                                    <div class=\"grid small-space\">\r\n                                        <div class=\"col_default offset_half\">\r\n                                            <a href=\"#\"\r\n                                               title=\"Formul\u00e1\u0159 na zapisov\u00e1n\u00ed j\u00eddeln\u00ed\u010dku \u017een s GDM\"\r\n                                               target=\"_blank\"\r\n                                               class=\"btn_basic\">\r\n                                                Zobrazit                                            <\/a>\r\n                                        <\/div>\r\n                                        <div class=\"col_default offset_half\">\r\n                                            <a href=\"#\"\r\n                                               title=\"Formul\u00e1\u0159 na zapisov\u00e1n\u00ed j\u00eddeln\u00ed\u010dku \u017een s GDM\"\r\n                                               download\r\n                                               class=\"btn_basic border\">\r\n                                                St\u00e1hnout                                            <\/a>\r\n                                        <\/div>\r\n                                    <\/div>\r\n                                <\/div>\r\n                            <\/div>\r\n                                            <\/div>\r\n                                    <\/div>\r\n    <\/section>\r\n\n\n                <!-- TEXT BLOCK -->\r\n        <section\r\n                class=\"pdt-40 pdb-40 \"\r\n            >\r\n            <div class=\"wrapper2 text_block\">\r\n                                                                                                    <h3 class=\"title_h3 text_center_mdm\">DM 1. typu a DM 2. typu<\/h3>\r\n                                                <div class=\"page_content reset_margins\">\r\n                                                                                        <p>Pro \u017eeny s DM 1. typu a DM 2. typu je velmi d\u016fle\u017eit\u00e1 v\u00fdborn\u00e1 kompenzace diabetu ji\u017e ot\u011bhotn\u011bn\u00edm. Proto je vhodn\u00e9, aby se na sv\u00e9 t\u011bhotenstv\u00ed p\u0159ipravily v diabetologick\u00e9 poradn\u011b, kter\u00e9 je specializovan\u00e1 na t\u011bhotenstv\u00ed. Pokud pl\u00e1nujete t\u011bhotenstv\u00ed nebo jste ji\u017e t\u011bhotn\u00e1, objednejte se do na\u0161\u00ed poradny.<\/p>\n                                    <\/div>\r\n            <\/div>\r\n        <\/section>\r\n    \n\n    <!-- BLOK K -->\r\n    <section\r\n            class=\"pdt-10 pdb-10 \"\r\n        >\r\n        <div class=\"wrapper2\">\r\n                                                                                            <div class=\"grid small-space\">\r\n                                                                                <!-- ITEM 1 -->\r\n                            <div class=\"col2 col1_mdm bg3 radius10 pd-35 pd-25md observe anim_drop1 anim_delay dflex flex-dir-column offset_dist\">\r\n                                <div class=\"text_block w100p mgb-auto\">\r\n                                    <h3 class=\"title_h3\">V\u00edce informac\u00ed pro \u017eeny s DM1<\/h3>\r\n                                                                                                        <\/div>\r\n                                <div class=\"pdt-20 w100p\">\r\n                                    <div class=\"grid small-space\">\r\n                                        <div class=\"col_default offset_half\">\r\n                                            <a href=\"#\"\r\n                                               title=\"V\u00edce informac\u00ed pro \u017eeny s DM1\"\r\n                                               target=\"_blank\"\r\n                                               class=\"btn_basic\">\r\n                                                Zobrazit                                            <\/a>\r\n                                        <\/div>\r\n                                        <div class=\"col_default offset_half\">\r\n                                            <a href=\"#\"\r\n                                               title=\"V\u00edce informac\u00ed pro \u017eeny s DM1\"\r\n                                               download\r\n                                               class=\"btn_basic border\">\r\n                                                St\u00e1hnout                                            <\/a>\r\n                                        <\/div>\r\n                                    <\/div>\r\n                                <\/div>\r\n                            <\/div>\r\n                                                                                <!-- ITEM 1 -->\r\n                            <div class=\"col2 col1_mdm bg3 radius10 pd-35 pd-25md observe anim_drop1 anim_delay dflex flex-dir-column offset_dist\">\r\n                                <div class=\"text_block w100p mgb-auto\">\r\n                                    <h3 class=\"title_h3\">V\u00edce informac\u00ed pro \u017eeny s DM2<\/h3>\r\n                                                                                                        <\/div>\r\n                                <div class=\"pdt-20 w100p\">\r\n                                    <div class=\"grid small-space\">\r\n                                        <div class=\"col_default offset_half\">\r\n                                            <a href=\"#\"\r\n                                               title=\"V\u00edce informac\u00ed pro \u017eeny s DM2\"\r\n                                               target=\"_blank\"\r\n                                               class=\"btn_basic\">\r\n                                                Zobrazit                                            <\/a>\r\n                                        <\/div>\r\n                                        <div class=\"col_default offset_half\">\r\n                                            <a href=\"#\"\r\n                                               title=\"V\u00edce informac\u00ed pro \u017eeny s DM2\"\r\n                                               download\r\n                                               class=\"btn_basic border\">\r\n                                                St\u00e1hnout                                            <\/a>\r\n                                        <\/div>\r\n                                    <\/div>\r\n                                <\/div>\r\n                            <\/div>\r\n                                            <\/div>\r\n                                    <\/div>\r\n    <\/section>\r\n\n\n                <!-- TEXT BLOCK -->\r\n        <section\r\n                class=\"pdt-40 pdb-40 \"\r\n            >\r\n            <div class=\"wrapper2 text_block\">\r\n                                                                                                    <h3 class=\"title_h3 text_center_mdm\">Hypertenze v t\u011bhotenstv\u00ed<\/h3>\r\n                                                <div class=\"page_content reset_margins\">\r\n                                                                                        <p>V na\u0161\u00ed ambulanci sledujeme t\u011bhotn\u00e9 \u017eeny s chronickou hypertenz\u00ed a hypertenz\u00ed vzniklou b\u011bhem t\u011bhotenstv\u00ed.<\/p>\n                                    <\/div>\r\n            <\/div>\r\n        <\/section>\r\n    \n\n    <!-- BLOK K -->\r\n    <section\r\n            class=\"pdt-10 pdb-80 \"\r\n        >\r\n        <div class=\"wrapper2\">\r\n                                                                                            <div class=\"grid small-space\">\r\n                                                                                <!-- ITEM 1 -->\r\n                            <div class=\"col1 bg3 radius10 pd-35 pd-25md observe anim_drop1 anim_delay dflex flex-dir-column offset_dist\">\r\n                                <div class=\"text_block w100p mgb-auto\">\r\n                                    <h3 class=\"title_h3\">Formul\u00e1\u0159 na m\u011b\u0159en\u00ed krevn\u00edho tlaku<\/h3>\r\n                                                                                                        <\/div>\r\n                                <div class=\"pdt-20 w100p\">\r\n                                    <div class=\"grid small-space\">\r\n                                        <div class=\"col_default offset_half\">\r\n                                            <a href=\"#\"\r\n                                               title=\"Formul\u00e1\u0159 na m\u011b\u0159en\u00ed krevn\u00edho tlaku\"\r\n                                               target=\"_blank\"\r\n                                               class=\"btn_basic\">\r\n                                                Zobrazit                                            <\/a>\r\n                                        <\/div>\r\n                                        <div class=\"col_default offset_half\">\r\n                                            <a href=\"#\"\r\n                                               title=\"Formul\u00e1\u0159 na m\u011b\u0159en\u00ed krevn\u00edho tlaku\"\r\n                                               download\r\n                                               class=\"btn_basic border\">\r\n                                                St\u00e1hnout                                            <\/a>\r\n                                        <\/div>\r\n                                    <\/div>\r\n                                <\/div>\r\n                            <\/div>\r\n                                            <\/div>\r\n                                    <\/div>\r\n    <\/section>\r\n","protected":false},"excerpt":{"rendered":"","protected":false},"author":6,"featured_media":0,"parent":3971,"menu_order":0,"comment_status":"closed","ping_status":"closed","template":"","meta":{"_acf_changed":false,"footnotes":""},"class_list":["post-4455","page","type-page","status-publish","hentry"],"acf":[],"yoast_head":"<!-- This site is optimized with the Yoast SEO plugin v25.5 - https:\/\/yoast.com\/wordpress\/plugins\/seo\/ -->\n<title>Diabetologick\u00e1 a intern\u00ed ambulance - Porodnice U Apolin\u00e1\u0159e<\/title>\n<meta name=\"robots\" content=\"noindex, follow, max-snippet:-1, max-image-preview:large, max-video-preview:-1\" \/>\n<meta property=\"og:locale\" content=\"vi_VN\" \/>\n<meta property=\"og:type\" content=\"article\" \/>\n<meta property=\"og:title\" content=\"Diabetologick\u00e1 a intern\u00ed ambulance - Porodnice U Apolin\u00e1\u0159e\" \/>\n<meta property=\"og:url\" content=\"https:\/\/apolinar.capta.cz\/vi\/porodnice\/tehotenstvi\/diabetologicka-a-interni-ambulance\/\" \/>\n<meta property=\"og:site_name\" content=\"Porodnice U Apolin\u00e1\u0159e\" \/>\n<meta name=\"twitter:card\" content=\"summary_large_image\" \/>\n<script type=\"application\/ld+json\" class=\"yoast-schema-graph\">{\"@context\":\"https:\/\/schema.org\",\"@graph\":[{\"@type\":\"WebPage\",\"@id\":\"https:\/\/apolinar.capta.cz\/vi\/porodnice\/tehotenstvi\/diabetologicka-a-interni-ambulance\/\",\"url\":\"https:\/\/apolinar.capta.cz\/vi\/porodnice\/tehotenstvi\/diabetologicka-a-interni-ambulance\/\",\"name\":\"Diabetologick\u00e1 a intern\u00ed ambulance - Porodnice U Apolin\u00e1\u0159e\",\"isPartOf\":{\"@id\":\"https:\/\/apolinar.capta.cz\/vi\/#website\"},\"datePublished\":\"2023-09-20T20:36:21+00:00\",\"breadcrumb\":{\"@id\":\"https:\/\/apolinar.capta.cz\/vi\/porodnice\/tehotenstvi\/diabetologicka-a-interni-ambulance\/#breadcrumb\"},\"inLanguage\":\"vi-VN\",\"potentialAction\":[{\"@type\":\"ReadAction\",\"target\":[\"https:\/\/apolinar.capta.cz\/vi\/porodnice\/tehotenstvi\/diabetologicka-a-interni-ambulance\/\"]}]},{\"@type\":\"BreadcrumbList\",\"@id\":\"https:\/\/apolinar.capta.cz\/vi\/porodnice\/tehotenstvi\/diabetologicka-a-interni-ambulance\/#breadcrumb\",\"itemListElement\":[{\"@type\":\"ListItem\",\"position\":1,\"name\":\"Dom\u016f\",\"item\":\"https:\/\/apolinar.capta.cz\/vi\/\"},{\"@type\":\"ListItem\",\"position\":2,\"name\":\"Porodnice\",\"item\":\"https:\/\/apolinar.capta.cz\/vi\/porodnice\/\"},{\"@type\":\"ListItem\",\"position\":3,\"name\":\"T\u011bhotenstv\u00ed\",\"item\":\"https:\/\/apolinar.capta.cz\/vi\/porodnice\/tehotenstvi\/\"},{\"@type\":\"ListItem\",\"position\":4,\"name\":\"Diabetologick\u00e1 a intern\u00ed ambulance\"}]},{\"@type\":\"WebSite\",\"@id\":\"https:\/\/apolinar.capta.cz\/vi\/#website\",\"url\":\"https:\/\/apolinar.capta.cz\/vi\/\",\"name\":\"Porodnice U Apolin\u00e1\u0159e\",\"description\":\"Klinika gynekologie, porodnictv\u00ed a neonatologie 1. LF UK a VFN v Praze\",\"potentialAction\":[{\"@type\":\"SearchAction\",\"target\":{\"@type\":\"EntryPoint\",\"urlTemplate\":\"https:\/\/apolinar.capta.cz\/vi\/?s={search_term_string}\"},\"query-input\":{\"@type\":\"PropertyValueSpecification\",\"valueRequired\":true,\"valueName\":\"search_term_string\"}}],\"inLanguage\":\"vi-VN\"}]}<\/script>\n<!-- \/ Yoast SEO plugin. -->","yoast_head_json":{"title":"Diabetologick\u00e1 a intern\u00ed ambulance - Porodnice U Apolin\u00e1\u0159e","robots":{"index":"noindex","follow":"follow","max-snippet":"max-snippet:-1","max-image-preview":"max-image-preview:large","max-video-preview":"max-video-preview:-1"},"og_locale":"vi_VN","og_type":"article","og_title":"Diabetologick\u00e1 a intern\u00ed ambulance - Porodnice U Apolin\u00e1\u0159e","og_url":"https:\/\/apolinar.capta.cz\/vi\/porodnice\/tehotenstvi\/diabetologicka-a-interni-ambulance\/","og_site_name":"Porodnice U Apolin\u00e1\u0159e","twitter_card":"summary_large_image","schema":{"@context":"https:\/\/schema.org","@graph":[{"@type":"WebPage","@id":"https:\/\/apolinar.capta.cz\/vi\/porodnice\/tehotenstvi\/diabetologicka-a-interni-ambulance\/","url":"https:\/\/apolinar.capta.cz\/vi\/porodnice\/tehotenstvi\/diabetologicka-a-interni-ambulance\/","name":"Diabetologick\u00e1 a intern\u00ed ambulance - Porodnice U Apolin\u00e1\u0159e","isPartOf":{"@id":"https:\/\/apolinar.capta.cz\/vi\/#website"},"datePublished":"2023-09-20T20:36:21+00:00","breadcrumb":{"@id":"https:\/\/apolinar.capta.cz\/vi\/porodnice\/tehotenstvi\/diabetologicka-a-interni-ambulance\/#breadcrumb"},"inLanguage":"vi-VN","potentialAction":[{"@type":"ReadAction","target":["https:\/\/apolinar.capta.cz\/vi\/porodnice\/tehotenstvi\/diabetologicka-a-interni-ambulance\/"]}]},{"@type":"BreadcrumbList","@id":"https:\/\/apolinar.capta.cz\/vi\/porodnice\/tehotenstvi\/diabetologicka-a-interni-ambulance\/#breadcrumb","itemListElement":[{"@type":"ListItem","position":1,"name":"Dom\u016f","item":"https:\/\/apolinar.capta.cz\/vi\/"},{"@type":"ListItem","position":2,"name":"Porodnice","item":"https:\/\/apolinar.capta.cz\/vi\/porodnice\/"},{"@type":"ListItem","position":3,"name":"T\u011bhotenstv\u00ed","item":"https:\/\/apolinar.capta.cz\/vi\/porodnice\/tehotenstvi\/"},{"@type":"ListItem","position":4,"name":"Diabetologick\u00e1 a intern\u00ed ambulance"}]},{"@type":"WebSite","@id":"https:\/\/apolinar.capta.cz\/vi\/#website","url":"https:\/\/apolinar.capta.cz\/vi\/","name":"Porodnice U Apolin\u00e1\u0159e","description":"Klinika gynekologie, porodnictv\u00ed a neonatologie 1. LF UK a VFN v Praze","potentialAction":[{"@type":"SearchAction","target":{"@type":"EntryPoint","urlTemplate":"https:\/\/apolinar.capta.cz\/vi\/?s={search_term_string}"},"query-input":{"@type":"PropertyValueSpecification","valueRequired":true,"valueName":"search_term_string"}}],"inLanguage":"vi-VN"}]}},"_links":{"self":[{"href":"https:\/\/apolinar.capta.cz\/vi\/wp-json\/wp\/v2\/pages\/4455","targetHints":{"allow":["GET"]}}],"collection":[{"href":"https:\/\/apolinar.capta.cz\/vi\/wp-json\/wp\/v2\/pages"}],"about":[{"href":"https:\/\/apolinar.capta.cz\/vi\/wp-json\/wp\/v2\/types\/page"}],"author":[{"embeddable":true,"href":"https:\/\/apolinar.capta.cz\/vi\/wp-json\/wp\/v2\/users\/6"}],"replies":[{"embeddable":true,"href":"https:\/\/apolinar.capta.cz\/vi\/wp-json\/wp\/v2\/comments?post=4455"}],"version-history":[{"count":0,"href":"https:\/\/apolinar.capta.cz\/vi\/wp-json\/wp\/v2\/pages\/4455\/revisions"}],"up":[{"embeddable":true,"href":"https:\/\/apolinar.capta.cz\/vi\/wp-json\/wp\/v2\/pages\/3971"}],"wp:attachment":[{"href":"https:\/\/apolinar.capta.cz\/vi\/wp-json\/wp\/v2\/media?parent=4455"}],"curies":[{"name":"wp","href":"https:\/\/api.w.org\/{rel}","templated":true}]}}