{"id":5744,"date":"2023-12-07T16:07:12","date_gmt":"2023-12-07T15:07:12","guid":{"rendered":"https:\/\/apolinar.eu\/?page_id=5744"},"modified":"2023-12-07T16:07:12","modified_gmt":"2023-12-07T15:07:12","slug":"mam-problemy-s-kojenim","status":"publish","type":"page","link":"https:\/\/apolinar.capta.cz\/vi\/neonatologie\/mam-problemy-s-kojenim\/","title":{"rendered":"M\u00e1m probl\u00e9my s kojen\u00edm"},"content":{"rendered":"                <!-- TEXT BLOCK -->\r\n        <section\r\n                class=\"pdt-70 pdb-30 \"\r\n            >\r\n            <div class=\"wrapper2 text_block\">\r\n                <h2 class=\"title_h2 text_center_mdm\">M\u00e1m probl\u00e9my s kojen\u00edm<\/h2>                                                                                                <div class=\"page_content reset_margins\">\r\n                                                        <\/div>\r\n            <\/div>\r\n        <\/section>\r\n    \n\n                <!-- TEXT BLOCK -->\r\n        <section\r\n                class=\"pdt-20 pdb-20 bg3\"\r\n            >\r\n            <div class=\"wrapper2 text_block\">\r\n                                                                                                                <div class=\"page_content reset_margins\">\r\n                                                                                        <div class=\"x_elementToProof\">Pokud se po propu\u0161t\u011bn\u00ed dom\u016f z porodnice nec\u00edt\u00edte v kojen\u00ed jist\u00e1 nebo se v pr\u016fb\u011bhu \u010dasu vyskytnou probl\u00e9my, se kter\u00fdmi si nebudete v\u011bd\u011bt rady, obra\u0165te se na na\u0161\u00ed lakta\u010dn\u00ed poradnu, kde se V\u00e1m budeme individu\u00e1ln\u011b v\u011bnovat.<\/div>\n<h4>Nav\u0161tivte na\u0161\u00ed lakta\u010dn\u00ed poradnu:<\/h4>\n                                    <\/div>\r\n            <\/div>\r\n        <\/section>\r\n    \n\n                <div class=\"pdt-40 pdb-80 pdt-30lg pdb-60lg \"\r\n            >\r\n            <div class=\"wrapper2\">\r\n                <div class=\"box_text\">\r\n                    <div class=\"grid align-center small-space\">\r\n                        <div class=\"box_text_text col2 col1_mdm observe anim_drop1 anim_delay\">\r\n                                                        <div class=\"page_content reset_margins with_list_symbol mgt-35\">\r\n                                <ul>\n<li><strong>NAPI\u0160TE N\u00c1M:<\/strong><br \/>\n<a href=\"mailto:laktacniporadna@vfn.cz\">laktacniporadna@vfn.cz<\/a><\/li>\n<li><strong>ZAVOLEJTE N\u00c1M:<\/strong><br \/>\n+420 725 965 159<br \/>\nPO &#8211; P\u00c1 8:00 &#8211; 9:30<\/li>\n<li><strong>P\u0158IJ\u010eTE OSOBN\u011a ZA N\u00c1MI (v\u017edy po domluv\u011b):<\/strong><br \/>\nPO, ST, P\u00c1: 8:00 &#8211; 9:30<\/li>\n<\/ul>\n                            <\/div>\r\n                        <\/div>\r\n                        <div class=\"box_text_image hide_mdm col2\">\r\n                            <div class=\"item_decor observe anim_image1 anim_delay\">\r\n                                <div>\r\n                                    <svg class=\"sico color3 toanim_bg\">\r\n                                        <use href=\"https:\/\/apolinar.capta.cz\/wp-content\/themes\/apolinar\/assets\/layout\/icons.svg#s_ls\"\/>\r\n                                    <\/svg>\r\n                                                                                                                <div class=\"toanim_img\">\r\n                                            <img decoding=\"async\" src=\"https:\/\/apolinar.capta.cz\/wp-content\/uploads\/2023\/06\/l5.svg\" class=\"attachment-contact_image size-contact_image\" alt=\"\" \/>                                        <\/div>\r\n                                                                    <\/div>\r\n                            <\/div>\r\n                        <\/div>\r\n                    <\/div>\r\n                <\/div>\r\n            <\/div>\r\n        <\/div>\r\n    \n\n    <!-- BLOK K -->\r\n    <section\r\n            class=\"pdt-40 pdb-80 \"\r\n        >\r\n        <div class=\"wrapper2\">\r\n                                                                                            <div class=\"grid small-space\">\r\n                                                                                <!-- ITEM 1 -->\r\n                            <div class=\"col1 bg3 radius10 pd-35 pd-25md observe anim_drop1 anim_delay dflex flex-dir-column offset_dist\">\r\n                                <div class=\"text_block w100p mgb-auto\">\r\n                                    <h3 class=\"title_h3\">Pom\u00e1h\u00e1me mamink\u00e1m s kojen\u00edm<\/h3>\r\n                                                                                                                <div class=\"page_content reset_margins\">\r\n                                            <p>V\u00edce o lakta\u010dn\u00ed poradn\u011b<\/p>\r\n                                        <\/div>\r\n                                                                    <\/div>\r\n                                <div class=\"pdt-20 w100p\">\r\n                                    <div class=\"grid small-space\">\r\n                                        <div class=\"col_default offset_half\">\r\n                                            <a href=\"#\"\r\n                                               title=\"Pom\u00e1h\u00e1me mamink\u00e1m s kojen\u00edm\"\r\n                                               target=\"_blank\"\r\n                                               class=\"btn_basic\">\r\n                                                Zobrazit                                            <\/a>\r\n                                        <\/div>\r\n                                        <div class=\"col_default offset_half\">\r\n                                            <a href=\"#\"\r\n                                               title=\"Pom\u00e1h\u00e1me mamink\u00e1m s kojen\u00edm\"\r\n                                               download\r\n                                               class=\"btn_basic border\">\r\n                                                St\u00e1hnout                                            <\/a>\r\n                                        <\/div>\r\n                                    <\/div>\r\n                                <\/div>\r\n                            <\/div>\r\n                                            <\/div>\r\n                                    <\/div>\r\n    <\/section>\r\n","protected":false},"excerpt":{"rendered":"","protected":false},"author":6,"featured_media":0,"parent":4003,"menu_order":0,"comment_status":"closed","ping_status":"closed","template":"","meta":{"_acf_changed":false,"footnotes":""},"class_list":["post-5744","page","type-page","status-publish","hentry"],"acf":[],"yoast_head":"<!-- This site is optimized with the Yoast SEO plugin v25.5 - https:\/\/yoast.com\/wordpress\/plugins\/seo\/ -->\n<title>M\u00e1m probl\u00e9my s kojen\u00edm - Porodnice U Apolin\u00e1\u0159e<\/title>\n<meta name=\"robots\" content=\"noindex, follow, max-snippet:-1, max-image-preview:large, max-video-preview:-1\" \/>\n<meta property=\"og:locale\" content=\"vi_VN\" \/>\n<meta property=\"og:type\" content=\"article\" \/>\n<meta property=\"og:title\" content=\"M\u00e1m probl\u00e9my s kojen\u00edm - Porodnice U Apolin\u00e1\u0159e\" \/>\n<meta property=\"og:url\" content=\"https:\/\/apolinar.capta.cz\/vi\/neonatologie\/mam-problemy-s-kojenim\/\" \/>\n<meta property=\"og:site_name\" content=\"Porodnice U Apolin\u00e1\u0159e\" \/>\n<meta name=\"twitter:card\" content=\"summary_large_image\" \/>\n<script type=\"application\/ld+json\" class=\"yoast-schema-graph\">{\"@context\":\"https:\/\/schema.org\",\"@graph\":[{\"@type\":\"WebPage\",\"@id\":\"https:\/\/apolinar.capta.cz\/vi\/neonatologie\/mam-problemy-s-kojenim\/\",\"url\":\"https:\/\/apolinar.capta.cz\/vi\/neonatologie\/mam-problemy-s-kojenim\/\",\"name\":\"M\u00e1m probl\u00e9my s kojen\u00edm - Porodnice U Apolin\u00e1\u0159e\",\"isPartOf\":{\"@id\":\"https:\/\/apolinar.capta.cz\/vi\/#website\"},\"datePublished\":\"2023-12-07T15:07:12+00:00\",\"breadcrumb\":{\"@id\":\"https:\/\/apolinar.capta.cz\/vi\/neonatologie\/mam-problemy-s-kojenim\/#breadcrumb\"},\"inLanguage\":\"vi-VN\",\"potentialAction\":[{\"@type\":\"ReadAction\",\"target\":[\"https:\/\/apolinar.capta.cz\/vi\/neonatologie\/mam-problemy-s-kojenim\/\"]}]},{\"@type\":\"BreadcrumbList\",\"@id\":\"https:\/\/apolinar.capta.cz\/vi\/neonatologie\/mam-problemy-s-kojenim\/#breadcrumb\",\"itemListElement\":[{\"@type\":\"ListItem\",\"position\":1,\"name\":\"Dom\u016f\",\"item\":\"https:\/\/apolinar.capta.cz\/vi\/\"},{\"@type\":\"ListItem\",\"position\":2,\"name\":\"Neonatologie\",\"item\":\"https:\/\/apolinar.capta.cz\/vi\/neonatologie\/\"},{\"@type\":\"ListItem\",\"position\":3,\"name\":\"M\u00e1m probl\u00e9my s kojen\u00edm\"}]},{\"@type\":\"WebSite\",\"@id\":\"https:\/\/apolinar.capta.cz\/vi\/#website\",\"url\":\"https:\/\/apolinar.capta.cz\/vi\/\",\"name\":\"Porodnice U Apolin\u00e1\u0159e\",\"description\":\"Klinika gynekologie, porodnictv\u00ed a neonatologie 1. LF UK a VFN v Praze\",\"potentialAction\":[{\"@type\":\"SearchAction\",\"target\":{\"@type\":\"EntryPoint\",\"urlTemplate\":\"https:\/\/apolinar.capta.cz\/vi\/?s={search_term_string}\"},\"query-input\":{\"@type\":\"PropertyValueSpecification\",\"valueRequired\":true,\"valueName\":\"search_term_string\"}}],\"inLanguage\":\"vi-VN\"}]}<\/script>\n<!-- \/ Yoast SEO plugin. -->","yoast_head_json":{"title":"M\u00e1m probl\u00e9my s kojen\u00edm - Porodnice U Apolin\u00e1\u0159e","robots":{"index":"noindex","follow":"follow","max-snippet":"max-snippet:-1","max-image-preview":"max-image-preview:large","max-video-preview":"max-video-preview:-1"},"og_locale":"vi_VN","og_type":"article","og_title":"M\u00e1m probl\u00e9my s kojen\u00edm - Porodnice U Apolin\u00e1\u0159e","og_url":"https:\/\/apolinar.capta.cz\/vi\/neonatologie\/mam-problemy-s-kojenim\/","og_site_name":"Porodnice U Apolin\u00e1\u0159e","twitter_card":"summary_large_image","schema":{"@context":"https:\/\/schema.org","@graph":[{"@type":"WebPage","@id":"https:\/\/apolinar.capta.cz\/vi\/neonatologie\/mam-problemy-s-kojenim\/","url":"https:\/\/apolinar.capta.cz\/vi\/neonatologie\/mam-problemy-s-kojenim\/","name":"M\u00e1m probl\u00e9my s kojen\u00edm - Porodnice U Apolin\u00e1\u0159e","isPartOf":{"@id":"https:\/\/apolinar.capta.cz\/vi\/#website"},"datePublished":"2023-12-07T15:07:12+00:00","breadcrumb":{"@id":"https:\/\/apolinar.capta.cz\/vi\/neonatologie\/mam-problemy-s-kojenim\/#breadcrumb"},"inLanguage":"vi-VN","potentialAction":[{"@type":"ReadAction","target":["https:\/\/apolinar.capta.cz\/vi\/neonatologie\/mam-problemy-s-kojenim\/"]}]},{"@type":"BreadcrumbList","@id":"https:\/\/apolinar.capta.cz\/vi\/neonatologie\/mam-problemy-s-kojenim\/#breadcrumb","itemListElement":[{"@type":"ListItem","position":1,"name":"Dom\u016f","item":"https:\/\/apolinar.capta.cz\/vi\/"},{"@type":"ListItem","position":2,"name":"Neonatologie","item":"https:\/\/apolinar.capta.cz\/vi\/neonatologie\/"},{"@type":"ListItem","position":3,"name":"M\u00e1m probl\u00e9my s kojen\u00edm"}]},{"@type":"WebSite","@id":"https:\/\/apolinar.capta.cz\/vi\/#website","url":"https:\/\/apolinar.capta.cz\/vi\/","name":"Porodnice U Apolin\u00e1\u0159e","description":"Klinika gynekologie, porodnictv\u00ed a neonatologie 1. LF UK a VFN v Praze","potentialAction":[{"@type":"SearchAction","target":{"@type":"EntryPoint","urlTemplate":"https:\/\/apolinar.capta.cz\/vi\/?s={search_term_string}"},"query-input":{"@type":"PropertyValueSpecification","valueRequired":true,"valueName":"search_term_string"}}],"inLanguage":"vi-VN"}]}},"_links":{"self":[{"href":"https:\/\/apolinar.capta.cz\/vi\/wp-json\/wp\/v2\/pages\/5744","targetHints":{"allow":["GET"]}}],"collection":[{"href":"https:\/\/apolinar.capta.cz\/vi\/wp-json\/wp\/v2\/pages"}],"about":[{"href":"https:\/\/apolinar.capta.cz\/vi\/wp-json\/wp\/v2\/types\/page"}],"author":[{"embeddable":true,"href":"https:\/\/apolinar.capta.cz\/vi\/wp-json\/wp\/v2\/users\/6"}],"replies":[{"embeddable":true,"href":"https:\/\/apolinar.capta.cz\/vi\/wp-json\/wp\/v2\/comments?post=5744"}],"version-history":[{"count":0,"href":"https:\/\/apolinar.capta.cz\/vi\/wp-json\/wp\/v2\/pages\/5744\/revisions"}],"up":[{"embeddable":true,"href":"https:\/\/apolinar.capta.cz\/vi\/wp-json\/wp\/v2\/pages\/4003"}],"wp:attachment":[{"href":"https:\/\/apolinar.capta.cz\/vi\/wp-json\/wp\/v2\/media?parent=5744"}],"curies":[{"name":"wp","href":"https:\/\/api.w.org\/{rel}","templated":true}]}}