{"id":6094,"date":"2023-12-18T08:11:33","date_gmt":"2023-12-18T07:11:33","guid":{"rendered":"https:\/\/apolinar.eu\/?page_id=6094"},"modified":"2023-12-18T08:11:33","modified_gmt":"2023-12-18T07:11:33","slug":"gynekologicke-ambulance-na-fakultni-poliklinice","status":"publish","type":"page","link":"https:\/\/apolinar.capta.cz\/vi\/gynekologie\/gynekologicke-ambulance-na-fakultni-poliklinice\/","title":{"rendered":"Gynekologick\u00e9 ambulance na Fakultn\u00ed poliklinice"},"content":{"rendered":"                <!-- TEXT BLOCK -->\r\n        <section\r\n                class=\"pdt-80 pdb-40 \"\r\n            >\r\n            <div class=\"wrapper2 text_block\">\r\n                <h1 class=\"title_h2 text_center_mdm\">Gynekologick\u00e9 ambulance na Fakultn\u00ed poliklinice<\/h1>                                                                                                <div class=\"page_content reset_margins\">\r\n                                                        <\/div>\r\n            <\/div>\r\n        <\/section>\r\n    \n\n                <!-- TEXT BLOCK -->\r\n        <section\r\n                class=\"pdt-20 pdb-20 bg3\"\r\n            >\r\n            <div class=\"wrapper2 text_block\">\r\n                                                                                                                <div class=\"page_content reset_margins\">\r\n                                                                                        <h3><b>MUDr. Natalia Jan\u010d\u00e1rkov\u00e1, Ph.D.<\/b><\/h3>\n<p><strong>Ordinaci gynekologick\u00e9 ambulance najdete<\/strong> v\u00a0r\u00e1mci are\u00e1lu Fakultn\u00ed polikliniky VFN v\u00a0<strong>BUDOV\u011a C1 (A) ST\u0158ED, 2. PATRO<\/strong>.<\/p>\n<p><strong>Objednejte se na tel.:<\/strong> +420 224 966 624, +420 224 966 643<\/p>\n                                    <\/div>\r\n            <\/div>\r\n        <\/section>\r\n    \n\n                <!-- TEXT BLOCK -->\r\n        <section\r\n                class=\"pdt-40 pdb-40 \"\r\n            >\r\n            <div class=\"wrapper2 text_block\">\r\n                                                                                                                <div class=\"page_content reset_margins\">\r\n                                                                                        <p>Pracovi\u0161t\u011b na Fakultn\u00ed poliklinice se zab\u00fdv\u00e1 prim\u00e1rn\u00ed gynekologickou p\u00e9\u010d\u00ed, nab\u00edz\u00ed konzili\u00e1rn\u00ed vy\u0161et\u0159en\u00ed pro pacientky VFN, d\u00e1le nab\u00edz\u00ed slu\u017eby Centra onkologick\u00e9 prevence (kolposkopick\u00e1 expert\u00edza). Sou\u010dasn\u011b zaji\u0161\u0165uje gynekologicko-porodnickou p\u00e9\u010di pro zam\u011bstnankyn\u011b VFN a 1. LF UK.<br \/>\n<strong>Do ambulance je mo\u017en\u00e9 se registrovat k praktick\u00e9mu gynekologovi.<\/strong><\/p>\n<p>V pracovn\u00edch dnech od pond\u011bl\u00ed do p\u00e1tku funguje provoz ambulance prioritn\u011b pro objednan\u00e9 pacientky, lze prov\u00e9st vy\u0161et\u0159en\u00ed i pacientky bez objedn\u00e1n\u00ed, ale pouze s doporu\u010den\u00edm od registruj\u00edc\u00edho gynekologa a bez garance d\u00e9lky \u010dek\u00e1n\u00ed. Doporu\u010den\u00ed by nem\u011blo b\u00fdt star\u0161\u00ed ne\u017e jeden m\u011bs\u00edc.<br \/>\n<strong>D\u00e1le je t\u0159eba se prok\u00e1zat:<\/strong><\/p>\n<ul>\n<li>platnou karti\u010dkou zdravotn\u00edho poji\u0161t\u011bn\u00ed<\/li>\n<li>ob\u010dansk\u00fdm pr\u016fkazem<\/li>\n<\/ul>\n<p><strong>Objedn\u00e1n\u00ed:<\/strong><\/p>\n<ul>\n<li>telefonicky<\/li>\n<li>p\u0159es <a href=\"https:\/\/webdiar.vfn.cz\/webdiar\/Tree.aspx?pracoviste=531\" target=\"_blank\" rel=\"noopener\">webdi\u00e1\u0159<\/a> (zat\u00edm pouze Ambulance \u010d. 2, pouze na st\u0159edu)<\/li>\n<\/ul>\n<p>Bez doporu\u010den\u00ed je mo\u017en\u00e9 na ambulanci o\u0161et\u0159it pouze pacientky s akutn\u00edmi obt\u00ed\u017eemi (neodkladn\u00e9, \u017eivot ohro\u017euj\u00edc\u00ed stavy, kdy hroz\u00ed nebezpe\u010d\u00ed z prodlen\u00ed).<\/p>\n<p>Po skon\u010den\u00ed pracovn\u00ed doby, v noci, o v\u00edkendech a sv\u00e1tc\u00edch je zaji\u0161t\u011bna dostupnost gynekologick\u00e9 p\u00e9\u010de v are\u00e1lu <strong>Kliniky gynekologie, porodnictv\u00ed a neonatologie \u2013 Apolin\u00e1\u0159sk\u00e1 18. Praha 2.<\/strong><\/p>\n                                    <\/div>\r\n            <\/div>\r\n        <\/section>\r\n    \n\n    <!-- BLOK I - Neonatologie -->\r\n    <section\r\n            class=\"pdt-40 pdb-80 \"\r\n        >\r\n        <div class=\"wrapper2\">\r\n            <div class=\"grid small-space\">\r\n                <!-- LEFT SIDE -->\r\n                <div class=\"text_block col_equal col1_lgm pdr-20 pd-0lg observe anim_drop1 anim_delay\">\r\n                    <h2 class=\"title_h3 \">OBJEDN\u00c1N\u00cd do gynekologick\u00e9 ambulance na Fakultn\u00ed poliklinice<\/h2>                    <div class=\"tags responsive text_w500\">\r\n                        <div class=\"inner\">\r\n                                                                                                                                                <a href=\"tel:+420224966643\">+420 224 966 643<\/a>\r\n                                                                                                                    <span>Karlovo n\u00e1m. 32, 128 08 Praha 2, (Fakultn\u00ed poliklinika)<\/span>\r\n                                                    <\/div>\r\n                    <\/div>\r\n                    <div class=\"page_content reset_margins\">\r\n                                            <\/div>\r\n                                                        <\/div>\r\n                <!-- RIGHT SIDE -->\r\n                <div class=\"col_default w370_lg col1_lgm list_items mgt-40lg observe anim_drop1 anim_delay\">\r\n                    <div class=\"bg3 radius10 pd-30 pd-25md\">\r\n                        <h3 class=\"title_h5 color2 text_uc text_w500\">\r\n                            Ordina\u010dn\u00ed hodiny                        <\/h3>\r\n                                                                            <table class=\"table_hours text_s16 mgt-10\">\r\n                                                                    <tr>\r\n                                        <th scope=\"row\">Pond\u011bl\u00ed<\/th>\r\n                                                                                    <td>7:30 -15:30<\/td>\r\n                                                                            <\/tr>\r\n                                                                    <tr>\r\n                                        <th scope=\"row\">Uter\u00fd<\/th>\r\n                                                                                    <td>7:30 -15:30<\/td>\r\n                                                                            <\/tr>\r\n                                                                    <tr>\r\n                                        <th scope=\"row\">St\u0159eda<\/th>\r\n                                                                                    <td>7:30 &#8211; 17:00<\/td>\r\n                                                                            <\/tr>\r\n                                                                    <tr>\r\n                                        <th scope=\"row\">\u010ctvrtek<\/th>\r\n                                                                                    <td>7:30 &#8211; 17:00<\/td>\r\n                                                                            <\/tr>\r\n                                                                    <tr>\r\n                                        <th scope=\"row\">P\u00e1tek<\/th>\r\n                                                                                    <td>7:30 &#8211; 13:30<\/td>\r\n                                                                            <\/tr>\r\n                                                            <\/table>\r\n                                            <\/div>\r\n                <\/div>\r\n            <\/div>\r\n        <\/div>\r\n    <\/section>\r\n\n\n                <!-- TEXT BLOCK -->\r\n        <section\r\n                class=\"pdt-40 pdb-40 bg3\"\r\n            >\r\n            <div class=\"wrapper2 text_block\">\r\n                                                                                                    <h3 class=\"title_h3 text_center_mdm\">Vyberte si pr\u00e9miovou fyzioterapii za dostupn\u00e9 ceny \u2013 Fyzio Medico Clinic<\/h3>\r\n                                                <div class=\"page_content reset_margins\">\r\n                                                                                        <p>V Fyzio Medico Clinic v\u00e1s \u010dek\u00e1 t\u00fdm usm\u011bvav\u00fdch fyzioterapeut\u016f, kte\u0159\u00ed v\u00e1m nab\u00eddnou p\u0159\u00e1telskou a cenov\u011b dostupnou p\u00e9\u010di. P\u0159ij\u010fte za n\u00e1mi a objevte rychlou, empatickou slu\u017ebu, kde je va\u0161e pohoda na\u0161\u00ed prioritou. A\u0165 \u0159e\u0161\u00edte jakoukoliv v\u00fdzvu, my v\u00e1m poskytneme efektivn\u00ed terapii ji\u017e do 48 hodin. Sta\u0148te se sou\u010d\u00e1st\u00ed na\u0161\u00ed komunity, kde v\u00e1s \u010dek\u00e1 nejen profesion\u00e1ln\u00ed pomoc, ale i \u00fasm\u011bv a pochopen\u00ed.<\/p>\n<p><a href=\"https:\/\/www.fyziomedico.cz\/\" target=\"_blank\" rel=\"noopener\">FYZIOMEDICO<\/a><\/p>\n<p>&nbsp;<\/p>\n<p><img loading=\"lazy\" decoding=\"async\" class=\"wp-image-10116 aligncenter\" src=\"https:\/\/apolinar.capta.cz\/wp-content\/uploads\/2024\/09\/FMC_apolinar_2-300x150.jpg\" alt=\"\" width=\"742\" height=\"371\" \/><\/p>\n                                    <\/div>\r\n            <\/div>\r\n        <\/section>\r\n    ","protected":false},"excerpt":{"rendered":"","protected":false},"author":6,"featured_media":0,"parent":4067,"menu_order":0,"comment_status":"closed","ping_status":"closed","template":"","meta":{"_acf_changed":false,"footnotes":""},"class_list":["post-6094","page","type-page","status-publish","hentry"],"acf":[],"yoast_head":"<!-- This site is optimized with the Yoast SEO plugin v25.5 - https:\/\/yoast.com\/wordpress\/plugins\/seo\/ -->\n<title>Gynekologick\u00e9 ambulance na Fakultn\u00ed poliklinice - Porodnice U Apolin\u00e1\u0159e<\/title>\n<meta name=\"robots\" content=\"noindex, follow, max-snippet:-1, max-image-preview:large, max-video-preview:-1\" \/>\n<meta property=\"og:locale\" content=\"vi_VN\" \/>\n<meta property=\"og:type\" content=\"article\" \/>\n<meta property=\"og:title\" content=\"Gynekologick\u00e9 ambulance na Fakultn\u00ed poliklinice - Porodnice U Apolin\u00e1\u0159e\" \/>\n<meta property=\"og:url\" content=\"https:\/\/apolinar.capta.cz\/vi\/gynekologie\/gynekologicke-ambulance-na-fakultni-poliklinice\/\" \/>\n<meta property=\"og:site_name\" content=\"Porodnice U Apolin\u00e1\u0159e\" \/>\n<meta name=\"twitter:card\" content=\"summary_large_image\" \/>\n<script type=\"application\/ld+json\" class=\"yoast-schema-graph\">{\"@context\":\"https:\/\/schema.org\",\"@graph\":[{\"@type\":\"WebPage\",\"@id\":\"https:\/\/apolinar.capta.cz\/vi\/gynekologie\/gynekologicke-ambulance-na-fakultni-poliklinice\/\",\"url\":\"https:\/\/apolinar.capta.cz\/vi\/gynekologie\/gynekologicke-ambulance-na-fakultni-poliklinice\/\",\"name\":\"Gynekologick\u00e9 ambulance na Fakultn\u00ed poliklinice - Porodnice U Apolin\u00e1\u0159e\",\"isPartOf\":{\"@id\":\"https:\/\/apolinar.capta.cz\/vi\/#website\"},\"datePublished\":\"2023-12-18T07:11:33+00:00\",\"breadcrumb\":{\"@id\":\"https:\/\/apolinar.capta.cz\/vi\/gynekologie\/gynekologicke-ambulance-na-fakultni-poliklinice\/#breadcrumb\"},\"inLanguage\":\"vi-VN\",\"potentialAction\":[{\"@type\":\"ReadAction\",\"target\":[\"https:\/\/apolinar.capta.cz\/vi\/gynekologie\/gynekologicke-ambulance-na-fakultni-poliklinice\/\"]}]},{\"@type\":\"BreadcrumbList\",\"@id\":\"https:\/\/apolinar.capta.cz\/vi\/gynekologie\/gynekologicke-ambulance-na-fakultni-poliklinice\/#breadcrumb\",\"itemListElement\":[{\"@type\":\"ListItem\",\"position\":1,\"name\":\"Dom\u016f\",\"item\":\"https:\/\/apolinar.capta.cz\/vi\/\"},{\"@type\":\"ListItem\",\"position\":2,\"name\":\"Gynekologie\",\"item\":\"https:\/\/apolinar.capta.cz\/vi\/gynekologie\/\"},{\"@type\":\"ListItem\",\"position\":3,\"name\":\"Gynekologick\u00e9 ambulance na Fakultn\u00ed poliklinice\"}]},{\"@type\":\"WebSite\",\"@id\":\"https:\/\/apolinar.capta.cz\/vi\/#website\",\"url\":\"https:\/\/apolinar.capta.cz\/vi\/\",\"name\":\"Porodnice U Apolin\u00e1\u0159e\",\"description\":\"Klinika gynekologie, porodnictv\u00ed a neonatologie 1. LF UK a VFN v Praze\",\"potentialAction\":[{\"@type\":\"SearchAction\",\"target\":{\"@type\":\"EntryPoint\",\"urlTemplate\":\"https:\/\/apolinar.capta.cz\/vi\/?s={search_term_string}\"},\"query-input\":{\"@type\":\"PropertyValueSpecification\",\"valueRequired\":true,\"valueName\":\"search_term_string\"}}],\"inLanguage\":\"vi-VN\"}]}<\/script>\n<!-- \/ Yoast SEO plugin. -->","yoast_head_json":{"title":"Gynekologick\u00e9 ambulance na Fakultn\u00ed poliklinice - Porodnice U Apolin\u00e1\u0159e","robots":{"index":"noindex","follow":"follow","max-snippet":"max-snippet:-1","max-image-preview":"max-image-preview:large","max-video-preview":"max-video-preview:-1"},"og_locale":"vi_VN","og_type":"article","og_title":"Gynekologick\u00e9 ambulance na Fakultn\u00ed poliklinice - Porodnice U Apolin\u00e1\u0159e","og_url":"https:\/\/apolinar.capta.cz\/vi\/gynekologie\/gynekologicke-ambulance-na-fakultni-poliklinice\/","og_site_name":"Porodnice U Apolin\u00e1\u0159e","twitter_card":"summary_large_image","schema":{"@context":"https:\/\/schema.org","@graph":[{"@type":"WebPage","@id":"https:\/\/apolinar.capta.cz\/vi\/gynekologie\/gynekologicke-ambulance-na-fakultni-poliklinice\/","url":"https:\/\/apolinar.capta.cz\/vi\/gynekologie\/gynekologicke-ambulance-na-fakultni-poliklinice\/","name":"Gynekologick\u00e9 ambulance na Fakultn\u00ed poliklinice - Porodnice U Apolin\u00e1\u0159e","isPartOf":{"@id":"https:\/\/apolinar.capta.cz\/vi\/#website"},"datePublished":"2023-12-18T07:11:33+00:00","breadcrumb":{"@id":"https:\/\/apolinar.capta.cz\/vi\/gynekologie\/gynekologicke-ambulance-na-fakultni-poliklinice\/#breadcrumb"},"inLanguage":"vi-VN","potentialAction":[{"@type":"ReadAction","target":["https:\/\/apolinar.capta.cz\/vi\/gynekologie\/gynekologicke-ambulance-na-fakultni-poliklinice\/"]}]},{"@type":"BreadcrumbList","@id":"https:\/\/apolinar.capta.cz\/vi\/gynekologie\/gynekologicke-ambulance-na-fakultni-poliklinice\/#breadcrumb","itemListElement":[{"@type":"ListItem","position":1,"name":"Dom\u016f","item":"https:\/\/apolinar.capta.cz\/vi\/"},{"@type":"ListItem","position":2,"name":"Gynekologie","item":"https:\/\/apolinar.capta.cz\/vi\/gynekologie\/"},{"@type":"ListItem","position":3,"name":"Gynekologick\u00e9 ambulance na Fakultn\u00ed poliklinice"}]},{"@type":"WebSite","@id":"https:\/\/apolinar.capta.cz\/vi\/#website","url":"https:\/\/apolinar.capta.cz\/vi\/","name":"Porodnice U Apolin\u00e1\u0159e","description":"Klinika gynekologie, porodnictv\u00ed a neonatologie 1. LF UK a VFN v Praze","potentialAction":[{"@type":"SearchAction","target":{"@type":"EntryPoint","urlTemplate":"https:\/\/apolinar.capta.cz\/vi\/?s={search_term_string}"},"query-input":{"@type":"PropertyValueSpecification","valueRequired":true,"valueName":"search_term_string"}}],"inLanguage":"vi-VN"}]}},"_links":{"self":[{"href":"https:\/\/apolinar.capta.cz\/vi\/wp-json\/wp\/v2\/pages\/6094","targetHints":{"allow":["GET"]}}],"collection":[{"href":"https:\/\/apolinar.capta.cz\/vi\/wp-json\/wp\/v2\/pages"}],"about":[{"href":"https:\/\/apolinar.capta.cz\/vi\/wp-json\/wp\/v2\/types\/page"}],"author":[{"embeddable":true,"href":"https:\/\/apolinar.capta.cz\/vi\/wp-json\/wp\/v2\/users\/6"}],"replies":[{"embeddable":true,"href":"https:\/\/apolinar.capta.cz\/vi\/wp-json\/wp\/v2\/comments?post=6094"}],"version-history":[{"count":0,"href":"https:\/\/apolinar.capta.cz\/vi\/wp-json\/wp\/v2\/pages\/6094\/revisions"}],"up":[{"embeddable":true,"href":"https:\/\/apolinar.capta.cz\/vi\/wp-json\/wp\/v2\/pages\/4067"}],"wp:attachment":[{"href":"https:\/\/apolinar.capta.cz\/vi\/wp-json\/wp\/v2\/media?parent=6094"}],"curies":[{"name":"wp","href":"https:\/\/api.w.org\/{rel}","templated":true}]}}