{"id":9336,"date":"2024-07-23T12:51:51","date_gmt":"2024-07-23T10:51:51","guid":{"rendered":"https:\/\/apolinar.eu\/?page_id=9336"},"modified":"2024-07-23T12:51:51","modified_gmt":"2024-07-23T10:51:51","slug":"o-nas-2","status":"publish","type":"page","link":"https:\/\/apolinar.capta.cz\/vi\/centrum-asistovane-reprodukce\/o-nas-2\/","title":{"rendered":"O n\u00e1s"},"content":{"rendered":"                <!-- TEXT BLOCK -->\r\n        <section\r\n                class=\"pdt-80 pdb-40 \"\r\n            >\r\n            <div class=\"wrapper2 text_block\">\r\n                <h2 class=\"title_h2 text_center_mdm\">O n\u00e1s<\/h2>                                                                                                <div class=\"page_content reset_margins\">\r\n                                                                                        <ul>\n<li>\u0160pi\u010dkov\u00e1 p\u00e9\u010de v oblasti asistovan\u00e9 reprodukce<\/li>\n<li>Nejv\u011bt\u0161\u00ed st\u00e1tn\u00ed IVF centrum v \u010cR s v\u00edce ne\u017e 30letou tradic\u00ed<\/li>\n<\/ul>\n<p>&nbsp;<\/p>\n                                    <\/div>\r\n            <\/div>\r\n        <\/section>\r\n    \n\n                <!-- TEXT BLOCK -->\r\n        <section\r\n                class=\"pdt-40 pdb-40 bg3\"\r\n            >\r\n            <div class=\"wrapper2 text_block\">\r\n                                                                                                                <div class=\"page_content reset_margins\">\r\n                                                                                        <h3><a href=\"https:\/\/youtu.be\/iOw69xykds4\" target=\"_blank\" rel=\"noopener\"><img loading=\"lazy\" decoding=\"async\" class=\"size-full wp-image-10354 alignleft\" src=\"https:\/\/apolinar.capta.cz\/wp-content\/uploads\/2024\/10\/Snimek-obrazovky-2024-10-11-115807.png\" alt=\"\" width=\"171\" height=\"124\" \/>POD\u00cdVEJTE SE, JAK TO U N\u00c1S VYPAD\u00c1.\u00a0<\/a><\/h3>\n                                    <\/div>\r\n            <\/div>\r\n        <\/section>\r\n    \n\n                <!-- TEXT BLOCK -->\r\n        <section\r\n                class=\"pdt-40 pdb-40 \"\r\n            >\r\n            <div class=\"wrapper2 text_block\">\r\n                                                                                                    <h3 class=\"title_h3 text_center_mdm\">Komplexn\u00ed p\u00e9\u010de pro p\u00e1ry s probl\u00e9my s plodnost\u00ed<\/h3>\r\n                                                <div class=\"page_content reset_margins\">\r\n                                                                                        <p>Na\u0161e IVF centrum je sou\u010d\u00e1st\u00ed Kliniky gynekologie, porodnictv\u00ed a neonatologie 1. LF UK a VFN v Praze. Poskytujeme komplexn\u00ed p\u00e9\u010di v oblasti l\u00e9\u010dby neplodnosti a navazujeme na dal\u0161\u00ed gynekologick\u00e9 specializace, jako jsou:<\/p>\n<ul>\n<li>L\u00e9\u010dba myom\u016f a endometri\u00f3zy<\/li>\n<li>P\u00e9\u010de o onkologick\u00e9 pacientky<\/li>\n<li>T\u011bhotensk\u00e1 poradna a \u010dasn\u00fd screening vrozen\u00fdch vad<\/li>\n<\/ul>\n                                    <\/div>\r\n            <\/div>\r\n        <\/section>\r\n    \n\n                <!-- TEXT BLOCK -->\r\n        <section\r\n                class=\"pdt-40 pdb-40 bg3\"\r\n            >\r\n            <div class=\"wrapper2 text_block\">\r\n                                                                                                    <h3 class=\"title_h3 text_center_mdm\">Modern\u00ed metody a \u0161pi\u010dkov\u00ed odborn\u00edci<\/h3>\r\n                                                <div class=\"page_content reset_margins\">\r\n                                                                                        <ul>\n<li>Pracujeme v souladu s nejnov\u011bj\u0161\u00edmi v\u011bdeck\u00fdmi poznatky a doporu\u010den\u00edmi Evropsk\u00e9 spole\u010dnosti pro asistovanou reprodukci (ESHRE).<\/li>\n<li>O na\u0161e pacienty se star\u00e1 t\u00fdm zku\u0161en\u00fdch l\u00e9ka\u0159\u016f s atestac\u00ed z reproduk\u010dn\u00ed medic\u00edny, embryologov\u00e9 s ESHRE certifikac\u00ed a specialist\u00e9 na klinickou embryologii.<\/li>\n<li>Poskytujeme superkonzili\u00e1rn\u00ed l\u00e9\u010dbu pro pacientky polymorbidn\u00ed a s intern\u00edmi onemocn\u011bn\u00edmi, kter\u00e9 pot\u0159ebuj\u00ed p\u00e9\u010di ve zdravotnick\u00e9m za\u0159\u00edzen\u00ed vy\u0161\u0161\u00edho typu.<\/li>\n<\/ul>\n                                    <\/div>\r\n            <\/div>\r\n        <\/section>\r\n    \n\n                <!-- TEXT BLOCK -->\r\n        <section\r\n                class=\"pdt-40 pdb-40 \"\r\n            >\r\n            <div class=\"wrapper2 text_block\">\r\n                                                                                                    <h3 class=\"title_h3 text_center_mdm\">Individu\u00e1ln\u00ed p\u0159\u00edstup a zachov\u00e1n\u00ed plodnosti<\/h3>\r\n                                                <div class=\"page_content reset_margins\">\r\n                                                                                        <p>Ka\u017ed\u00fd p\u00e1r je jedine\u010dn\u00fd \u2013 v\u0161echna fyzik\u00e1ln\u00ed i laboratorn\u00ed vy\u0161et\u0159en\u00ed p\u0159izp\u016fsobujeme individu\u00e1ln\u00edm pot\u0159eb\u00e1m. Nab\u00edz\u00edme v\u0161echny metody zachov\u00e1n\u00ed fertility pro \u017eeny i mu\u017ee p\u0159ed onkologickou l\u00e9\u010dbou:<\/p>\n<ul>\n<li>Mra\u017een\u00ed oocyt\u016f, spermi\u00ed a embry\u00ed<\/li>\n<li>Konzervace ovari\u00e1ln\u00ed a testikul\u00e1rn\u00ed tk\u00e1n\u011b<\/li>\n<\/ul>\n                                    <\/div>\r\n            <\/div>\r\n        <\/section>\r\n    \n\n                <!-- TEXT BLOCK -->\r\n        <section\r\n                class=\"pdt-40 pdb-80 bg3\"\r\n            >\r\n            <div class=\"wrapper2 text_block\">\r\n                                                                                                    <h3 class=\"title_h3 text_center_mdm\">Hled\u00e1me d\u00e1rkyn\u011b vaj\u00ed\u010dek a d\u00e1rce spermi\u00ed<\/h3>\r\n                                                <div class=\"page_content reset_margins\">\r\n                                                                                        <ul>\n<li>D\u00e1rcovsk\u00fd program pomoci neplodn\u00fdm p\u00e1r\u016fm \u2013 pom\u00e1h\u00e1me t\u011bm, kte\u0159\u00ed kv\u016fli zdravotn\u00edm d\u016fvod\u016fm nemohou m\u00edt vlastn\u00ed d\u011bti (nap\u0159. po onkologick\u00e9 l\u00e9\u010db\u011b, l\u00e9\u010db\u011b endometri\u00f3zy nebo p\u0159i autoimunitn\u00edch onemocn\u011bn\u00edch).<\/li>\n<li>Spermabanka \u2013 disponujeme vlastn\u00ed spermabankou se zaru\u010denou kvalitou spermi\u00ed.<\/li>\n<li>D\u00e1rkyn\u011b oocyt\u016f \u2013 hled\u00e1me vhodn\u00e9 d\u00e1rkyn\u011b vaj\u00ed\u010dek pro na\u0161e pacientky.<\/li>\n<\/ul>\n<p><strong>Chcete se dozv\u011bd\u011bt v\u00edce o d\u00e1rcovsk\u00e9m programu? <\/strong><\/p>\n<p>&nbsp;<\/p>\n                                    <\/div>\r\n            <\/div>\r\n        <\/section>\r\n    \n\n    <!-- BLOK K -->\r\n    <section\r\n            class=\"pdt-40 pdb-80 \"\r\n        >\r\n        <div class=\"wrapper2\">\r\n                                                                                            <div class=\"grid small-space\">\r\n                                                                                <!-- ITEM 1 -->\r\n                            <div class=\"col1 bg3 radius10 pd-35 pd-25md observe anim_drop1 anim_delay dflex flex-dir-column offset_dist\">\r\n                                <div class=\"text_block w100p mgb-auto\">\r\n                                    <h3 class=\"title_h3\">V\u00fdro\u010dn\u00ed zpr\u00e1va tk\u00e1\u0148ov\u00e9ho za\u0159\u00edzen\u00ed za rok 2024<\/h3>\r\n                                                                                                                <div class=\"page_content reset_margins\">\r\n                                            <p>Reproduk\u010dn\u00ed bu\u0148ky<\/p>\r\n                                        <\/div>\r\n                                                                    <\/div>\r\n                                <div class=\"pdt-20 w100p\">\r\n                                    <div class=\"grid small-space\">\r\n                                        <div class=\"col_default offset_half\">\r\n                                            <a href=\"#\"\r\n                                               title=\"V\u00fdro\u010dn\u00ed zpr\u00e1va tk\u00e1\u0148ov\u00e9ho za\u0159\u00edzen\u00ed za rok 2024\"\r\n                                               target=\"_blank\"\r\n                                               class=\"btn_basic\">\r\n                                                Zobrazit                                            <\/a>\r\n                                        <\/div>\r\n                                        <div class=\"col_default offset_half\">\r\n                                            <a href=\"#\"\r\n                                               title=\"V\u00fdro\u010dn\u00ed zpr\u00e1va tk\u00e1\u0148ov\u00e9ho za\u0159\u00edzen\u00ed za rok 2024\"\r\n                                               download\r\n                                               class=\"btn_basic border\">\r\n                                                St\u00e1hnout                                            <\/a>\r\n                                        <\/div>\r\n                                    <\/div>\r\n                                <\/div>\r\n                            <\/div>\r\n                                            <\/div>\r\n                                    <\/div>\r\n    <\/section>\r\n","protected":false},"excerpt":{"rendered":"","protected":false},"author":6,"featured_media":0,"parent":9356,"menu_order":0,"comment_status":"closed","ping_status":"closed","template":"","meta":{"_acf_changed":false,"footnotes":""},"class_list":["post-9336","page","type-page","status-publish","hentry"],"acf":[],"yoast_head":"<!-- This site is optimized with the Yoast SEO plugin v25.5 - https:\/\/yoast.com\/wordpress\/plugins\/seo\/ -->\n<title>O n\u00e1s - Porodnice U Apolin\u00e1\u0159e<\/title>\n<meta name=\"robots\" content=\"noindex, follow, max-snippet:-1, max-image-preview:large, max-video-preview:-1\" \/>\n<meta property=\"og:locale\" content=\"vi_VN\" \/>\n<meta property=\"og:type\" content=\"article\" \/>\n<meta property=\"og:title\" content=\"O n\u00e1s - Porodnice U Apolin\u00e1\u0159e\" \/>\n<meta property=\"og:url\" content=\"https:\/\/apolinar.capta.cz\/vi\/centrum-asistovane-reprodukce\/o-nas-2\/\" \/>\n<meta property=\"og:site_name\" content=\"Porodnice U Apolin\u00e1\u0159e\" \/>\n<meta name=\"twitter:card\" content=\"summary_large_image\" \/>\n<script type=\"application\/ld+json\" class=\"yoast-schema-graph\">{\"@context\":\"https:\/\/schema.org\",\"@graph\":[{\"@type\":\"WebPage\",\"@id\":\"https:\/\/apolinar.capta.cz\/vi\/centrum-asistovane-reprodukce\/o-nas-2\/\",\"url\":\"https:\/\/apolinar.capta.cz\/vi\/centrum-asistovane-reprodukce\/o-nas-2\/\",\"name\":\"O n\u00e1s - Porodnice U Apolin\u00e1\u0159e\",\"isPartOf\":{\"@id\":\"https:\/\/apolinar.capta.cz\/vi\/#website\"},\"datePublished\":\"2024-07-23T10:51:51+00:00\",\"breadcrumb\":{\"@id\":\"https:\/\/apolinar.capta.cz\/vi\/centrum-asistovane-reprodukce\/o-nas-2\/#breadcrumb\"},\"inLanguage\":\"vi-VN\",\"potentialAction\":[{\"@type\":\"ReadAction\",\"target\":[\"https:\/\/apolinar.capta.cz\/vi\/centrum-asistovane-reprodukce\/o-nas-2\/\"]}]},{\"@type\":\"BreadcrumbList\",\"@id\":\"https:\/\/apolinar.capta.cz\/vi\/centrum-asistovane-reprodukce\/o-nas-2\/#breadcrumb\",\"itemListElement\":[{\"@type\":\"ListItem\",\"position\":1,\"name\":\"Dom\u016f\",\"item\":\"https:\/\/apolinar.capta.cz\/vi\/\"},{\"@type\":\"ListItem\",\"position\":2,\"name\":\"O n\u00e1s\"}]},{\"@type\":\"WebSite\",\"@id\":\"https:\/\/apolinar.capta.cz\/vi\/#website\",\"url\":\"https:\/\/apolinar.capta.cz\/vi\/\",\"name\":\"Porodnice U Apolin\u00e1\u0159e\",\"description\":\"Klinika gynekologie, porodnictv\u00ed a neonatologie 1. LF UK a VFN v Praze\",\"potentialAction\":[{\"@type\":\"SearchAction\",\"target\":{\"@type\":\"EntryPoint\",\"urlTemplate\":\"https:\/\/apolinar.capta.cz\/vi\/?s={search_term_string}\"},\"query-input\":{\"@type\":\"PropertyValueSpecification\",\"valueRequired\":true,\"valueName\":\"search_term_string\"}}],\"inLanguage\":\"vi-VN\"}]}<\/script>\n<!-- \/ Yoast SEO plugin. -->","yoast_head_json":{"title":"O n\u00e1s - Porodnice U Apolin\u00e1\u0159e","robots":{"index":"noindex","follow":"follow","max-snippet":"max-snippet:-1","max-image-preview":"max-image-preview:large","max-video-preview":"max-video-preview:-1"},"og_locale":"vi_VN","og_type":"article","og_title":"O n\u00e1s - Porodnice U Apolin\u00e1\u0159e","og_url":"https:\/\/apolinar.capta.cz\/vi\/centrum-asistovane-reprodukce\/o-nas-2\/","og_site_name":"Porodnice U Apolin\u00e1\u0159e","twitter_card":"summary_large_image","schema":{"@context":"https:\/\/schema.org","@graph":[{"@type":"WebPage","@id":"https:\/\/apolinar.capta.cz\/vi\/centrum-asistovane-reprodukce\/o-nas-2\/","url":"https:\/\/apolinar.capta.cz\/vi\/centrum-asistovane-reprodukce\/o-nas-2\/","name":"O n\u00e1s - Porodnice U Apolin\u00e1\u0159e","isPartOf":{"@id":"https:\/\/apolinar.capta.cz\/vi\/#website"},"datePublished":"2024-07-23T10:51:51+00:00","breadcrumb":{"@id":"https:\/\/apolinar.capta.cz\/vi\/centrum-asistovane-reprodukce\/o-nas-2\/#breadcrumb"},"inLanguage":"vi-VN","potentialAction":[{"@type":"ReadAction","target":["https:\/\/apolinar.capta.cz\/vi\/centrum-asistovane-reprodukce\/o-nas-2\/"]}]},{"@type":"BreadcrumbList","@id":"https:\/\/apolinar.capta.cz\/vi\/centrum-asistovane-reprodukce\/o-nas-2\/#breadcrumb","itemListElement":[{"@type":"ListItem","position":1,"name":"Dom\u016f","item":"https:\/\/apolinar.capta.cz\/vi\/"},{"@type":"ListItem","position":2,"name":"O n\u00e1s"}]},{"@type":"WebSite","@id":"https:\/\/apolinar.capta.cz\/vi\/#website","url":"https:\/\/apolinar.capta.cz\/vi\/","name":"Porodnice U Apolin\u00e1\u0159e","description":"Klinika gynekologie, porodnictv\u00ed a neonatologie 1. LF UK a VFN v Praze","potentialAction":[{"@type":"SearchAction","target":{"@type":"EntryPoint","urlTemplate":"https:\/\/apolinar.capta.cz\/vi\/?s={search_term_string}"},"query-input":{"@type":"PropertyValueSpecification","valueRequired":true,"valueName":"search_term_string"}}],"inLanguage":"vi-VN"}]}},"_links":{"self":[{"href":"https:\/\/apolinar.capta.cz\/vi\/wp-json\/wp\/v2\/pages\/9336","targetHints":{"allow":["GET"]}}],"collection":[{"href":"https:\/\/apolinar.capta.cz\/vi\/wp-json\/wp\/v2\/pages"}],"about":[{"href":"https:\/\/apolinar.capta.cz\/vi\/wp-json\/wp\/v2\/types\/page"}],"author":[{"embeddable":true,"href":"https:\/\/apolinar.capta.cz\/vi\/wp-json\/wp\/v2\/users\/6"}],"replies":[{"embeddable":true,"href":"https:\/\/apolinar.capta.cz\/vi\/wp-json\/wp\/v2\/comments?post=9336"}],"version-history":[{"count":0,"href":"https:\/\/apolinar.capta.cz\/vi\/wp-json\/wp\/v2\/pages\/9336\/revisions"}],"up":[{"embeddable":true,"href":"https:\/\/apolinar.capta.cz\/vi\/wp-json\/wp\/v2\/pages\/9356"}],"wp:attachment":[{"href":"https:\/\/apolinar.capta.cz\/vi\/wp-json\/wp\/v2\/media?parent=9336"}],"curies":[{"name":"wp","href":"https:\/\/api.w.org\/{rel}","templated":true}]}}