{"id":9356,"date":"2024-07-23T13:01:26","date_gmt":"2024-07-23T11:01:26","guid":{"rendered":"https:\/\/apolinar.eu\/?page_id=9356"},"modified":"2024-07-23T13:01:26","modified_gmt":"2024-07-23T11:01:26","slug":"centrum-asistovane-reprodukce","status":"publish","type":"page","link":"https:\/\/apolinar.capta.cz\/vi\/centrum-asistovane-reprodukce\/","title":{"rendered":"Centrum asistovan\u00e9 reprodukce"},"content":{"rendered":"                        <div class=\"pdt-80 pdb-80 pdt-40lg pdb-40lg pdt-60md pdb-60md \"\r\n            >\r\n                                                                        <div class=\"wrapper2 mgt-60\">\r\n                        <h2 class=\"title_h3 text_center_mdm\">Centrum asistovan\u00e9 reprodukce<\/h2>\r\n                                                                            <div class=\"grid small-space mgt-5\">\r\n                                                                    <div class=\"col2 col1_mdm dflex offset anim_delay anim_drop1 observe\">\r\n                                                                                                                                                                                                                                                        <a href=\"https:\/\/apolinar.capta.cz\/centrum-asistovane-reprodukce\/o-nas-2\/\"\r\n                                               class=\"btn_big bg3 text_s18 w100p\">\r\n                                                                                                    <svg class=\"btn_big_arrow sico\">\r\n                                                        <use href=\"https:\/\/apolinar.capta.cz\/wp-content\/themes\/apolinar\/assets\/layout\/icons.svg#s_ar2_r\"\/>\r\n                                                    <\/svg>\r\n                                                    <span> O n\u00e1s<\/span>\r\n                                                                                            <\/a>\r\n                                                                            <\/div>\r\n                                                                    <div class=\"col2 col1_mdm dflex offset anim_delay anim_drop1 observe\">\r\n                                                                                                                                                                                                                                                        <a href=\"https:\/\/apolinar.capta.cz\/centrum-asistovane-reprodukce\/prakticke-informace\/\"\r\n                                               class=\"btn_big bg3 text_s18 w100p\">\r\n                                                                                                    <svg class=\"btn_big_arrow sico\">\r\n                                                        <use href=\"https:\/\/apolinar.capta.cz\/wp-content\/themes\/apolinar\/assets\/layout\/icons.svg#s_ar2_r\"\/>\r\n                                                    <\/svg>\r\n                                                    <span> Praktick\u00e9 informace<\/span>\r\n                                                                                            <\/a>\r\n                                                                            <\/div>\r\n                                                                    <div class=\"col2 col1_mdm dflex offset anim_delay anim_drop1 observe\">\r\n                                                                                                                                                                                                                                                        <a href=\"https:\/\/apolinar.capta.cz\/centrum-asistovane-reprodukce\/poskytovana-pece\/\"\r\n                                               class=\"btn_big bg3 text_s18 w100p\">\r\n                                                                                                    <svg class=\"btn_big_arrow sico\">\r\n                                                        <use href=\"https:\/\/apolinar.capta.cz\/wp-content\/themes\/apolinar\/assets\/layout\/icons.svg#s_ar2_r\"\/>\r\n                                                    <\/svg>\r\n                                                    <span> Poskytovan\u00e1 p\u00e9\u010de<\/span>\r\n                                                                                            <\/a>\r\n                                                                            <\/div>\r\n                                                                    <div class=\"col2 col1_mdm dflex offset anim_delay anim_drop1 observe\">\r\n                                                                                                                                                                                                                                                        <a href=\"https:\/\/apolinar.capta.cz\/centrum-asistovane-reprodukce\/spoluprace\/\"\r\n                                               class=\"btn_big bg3 text_s18 w100p\">\r\n                                                                                                    <svg class=\"btn_big_arrow sico\">\r\n                                                        <use href=\"https:\/\/apolinar.capta.cz\/wp-content\/themes\/apolinar\/assets\/layout\/icons.svg#s_ar2_r\"\/>\r\n                                                    <\/svg>\r\n                                                    <span> Spolupr\u00e1ce<\/span>\r\n                                                                                            <\/a>\r\n                                                                            <\/div>\r\n                                                                    <div class=\"col2 col1_mdm dflex offset anim_delay anim_drop1 observe\">\r\n                                                                                                                                                                                                                                                        <a href=\"https:\/\/apolinar.capta.cz\/centrum-asistovane-reprodukce\/casto-kladene-otazky\/\"\r\n                                               class=\"btn_big bg3 text_s18 w100p\">\r\n                                                                                                    <svg class=\"btn_big_arrow sico\">\r\n                                                        <use href=\"https:\/\/apolinar.capta.cz\/wp-content\/themes\/apolinar\/assets\/layout\/icons.svg#s_ar2_r\"\/>\r\n                                                    <\/svg>\r\n                                                    <span> \u010casto kladen\u00e9 ot\u00e1zky<\/span>\r\n                                                                                            <\/a>\r\n                                                                            <\/div>\r\n                                                            <\/div>\r\n                                            <\/div>\r\n                                    <\/div>\r\n    ","protected":false},"excerpt":{"rendered":"","protected":false},"author":6,"featured_media":0,"parent":0,"menu_order":0,"comment_status":"closed","ping_status":"closed","template":"","meta":{"_acf_changed":false,"footnotes":""},"class_list":["post-9356","page","type-page","status-publish","hentry"],"acf":[],"yoast_head":"<!-- This site is optimized with the Yoast SEO plugin v25.5 - https:\/\/yoast.com\/wordpress\/plugins\/seo\/ -->\n<title>Centrum asistovan\u00e9 reprodukce - Porodnice U Apolin\u00e1\u0159e<\/title>\n<meta name=\"robots\" content=\"noindex, follow, max-snippet:-1, max-image-preview:large, max-video-preview:-1\" \/>\n<meta property=\"og:locale\" content=\"vi_VN\" \/>\n<meta property=\"og:type\" content=\"article\" \/>\n<meta property=\"og:title\" content=\"Centrum asistovan\u00e9 reprodukce - Porodnice U Apolin\u00e1\u0159e\" \/>\n<meta property=\"og:url\" content=\"https:\/\/apolinar.capta.cz\/vi\/centrum-asistovane-reprodukce\/\" \/>\n<meta property=\"og:site_name\" content=\"Porodnice U Apolin\u00e1\u0159e\" \/>\n<meta name=\"twitter:card\" content=\"summary_large_image\" \/>\n<script type=\"application\/ld+json\" class=\"yoast-schema-graph\">{\"@context\":\"https:\/\/schema.org\",\"@graph\":[{\"@type\":\"WebPage\",\"@id\":\"https:\/\/apolinar.capta.cz\/vi\/centrum-asistovane-reprodukce\/\",\"url\":\"https:\/\/apolinar.capta.cz\/vi\/centrum-asistovane-reprodukce\/\",\"name\":\"Centrum asistovan\u00e9 reprodukce - Porodnice U Apolin\u00e1\u0159e\",\"isPartOf\":{\"@id\":\"https:\/\/apolinar.capta.cz\/vi\/#website\"},\"datePublished\":\"2024-07-23T11:01:26+00:00\",\"breadcrumb\":{\"@id\":\"https:\/\/apolinar.capta.cz\/vi\/centrum-asistovane-reprodukce\/#breadcrumb\"},\"inLanguage\":\"vi-VN\",\"potentialAction\":[{\"@type\":\"ReadAction\",\"target\":[\"https:\/\/apolinar.capta.cz\/vi\/centrum-asistovane-reprodukce\/\"]}]},{\"@type\":\"BreadcrumbList\",\"@id\":\"https:\/\/apolinar.capta.cz\/vi\/centrum-asistovane-reprodukce\/#breadcrumb\",\"itemListElement\":[{\"@type\":\"ListItem\",\"position\":1,\"name\":\"Dom\u016f\",\"item\":\"https:\/\/apolinar.capta.cz\/vi\/\"},{\"@type\":\"ListItem\",\"position\":2,\"name\":\"Centrum asistovan\u00e9 reprodukce\"}]},{\"@type\":\"WebSite\",\"@id\":\"https:\/\/apolinar.capta.cz\/vi\/#website\",\"url\":\"https:\/\/apolinar.capta.cz\/vi\/\",\"name\":\"Porodnice U Apolin\u00e1\u0159e\",\"description\":\"Klinika gynekologie, porodnictv\u00ed a neonatologie 1. LF UK a VFN v Praze\",\"potentialAction\":[{\"@type\":\"SearchAction\",\"target\":{\"@type\":\"EntryPoint\",\"urlTemplate\":\"https:\/\/apolinar.capta.cz\/vi\/?s={search_term_string}\"},\"query-input\":{\"@type\":\"PropertyValueSpecification\",\"valueRequired\":true,\"valueName\":\"search_term_string\"}}],\"inLanguage\":\"vi-VN\"}]}<\/script>\n<!-- \/ Yoast SEO plugin. -->","yoast_head_json":{"title":"Centrum asistovan\u00e9 reprodukce - Porodnice U Apolin\u00e1\u0159e","robots":{"index":"noindex","follow":"follow","max-snippet":"max-snippet:-1","max-image-preview":"max-image-preview:large","max-video-preview":"max-video-preview:-1"},"og_locale":"vi_VN","og_type":"article","og_title":"Centrum asistovan\u00e9 reprodukce - Porodnice U Apolin\u00e1\u0159e","og_url":"https:\/\/apolinar.capta.cz\/vi\/centrum-asistovane-reprodukce\/","og_site_name":"Porodnice U Apolin\u00e1\u0159e","twitter_card":"summary_large_image","schema":{"@context":"https:\/\/schema.org","@graph":[{"@type":"WebPage","@id":"https:\/\/apolinar.capta.cz\/vi\/centrum-asistovane-reprodukce\/","url":"https:\/\/apolinar.capta.cz\/vi\/centrum-asistovane-reprodukce\/","name":"Centrum asistovan\u00e9 reprodukce - Porodnice U Apolin\u00e1\u0159e","isPartOf":{"@id":"https:\/\/apolinar.capta.cz\/vi\/#website"},"datePublished":"2024-07-23T11:01:26+00:00","breadcrumb":{"@id":"https:\/\/apolinar.capta.cz\/vi\/centrum-asistovane-reprodukce\/#breadcrumb"},"inLanguage":"vi-VN","potentialAction":[{"@type":"ReadAction","target":["https:\/\/apolinar.capta.cz\/vi\/centrum-asistovane-reprodukce\/"]}]},{"@type":"BreadcrumbList","@id":"https:\/\/apolinar.capta.cz\/vi\/centrum-asistovane-reprodukce\/#breadcrumb","itemListElement":[{"@type":"ListItem","position":1,"name":"Dom\u016f","item":"https:\/\/apolinar.capta.cz\/vi\/"},{"@type":"ListItem","position":2,"name":"Centrum asistovan\u00e9 reprodukce"}]},{"@type":"WebSite","@id":"https:\/\/apolinar.capta.cz\/vi\/#website","url":"https:\/\/apolinar.capta.cz\/vi\/","name":"Porodnice U Apolin\u00e1\u0159e","description":"Klinika gynekologie, porodnictv\u00ed a neonatologie 1. LF UK a VFN v Praze","potentialAction":[{"@type":"SearchAction","target":{"@type":"EntryPoint","urlTemplate":"https:\/\/apolinar.capta.cz\/vi\/?s={search_term_string}"},"query-input":{"@type":"PropertyValueSpecification","valueRequired":true,"valueName":"search_term_string"}}],"inLanguage":"vi-VN"}]}},"_links":{"self":[{"href":"https:\/\/apolinar.capta.cz\/vi\/wp-json\/wp\/v2\/pages\/9356","targetHints":{"allow":["GET"]}}],"collection":[{"href":"https:\/\/apolinar.capta.cz\/vi\/wp-json\/wp\/v2\/pages"}],"about":[{"href":"https:\/\/apolinar.capta.cz\/vi\/wp-json\/wp\/v2\/types\/page"}],"author":[{"embeddable":true,"href":"https:\/\/apolinar.capta.cz\/vi\/wp-json\/wp\/v2\/users\/6"}],"replies":[{"embeddable":true,"href":"https:\/\/apolinar.capta.cz\/vi\/wp-json\/wp\/v2\/comments?post=9356"}],"version-history":[{"count":0,"href":"https:\/\/apolinar.capta.cz\/vi\/wp-json\/wp\/v2\/pages\/9356\/revisions"}],"wp:attachment":[{"href":"https:\/\/apolinar.capta.cz\/vi\/wp-json\/wp\/v2\/media?parent=9356"}],"curies":[{"name":"wp","href":"https:\/\/api.w.org\/{rel}","templated":true}]}}