{"id":9677,"date":"2024-08-15T13:54:43","date_gmt":"2024-08-15T11:54:43","guid":{"rendered":"https:\/\/apolinar.eu\/?page_id=9677"},"modified":"2024-08-15T13:54:43","modified_gmt":"2024-08-15T11:54:43","slug":"spoluprace","status":"publish","type":"page","link":"https:\/\/apolinar.capta.cz\/vi\/centrum-asistovane-reprodukce\/spoluprace\/","title":{"rendered":"Spolupr\u00e1ce"},"content":{"rendered":"                <!-- TEXT BLOCK -->\r\n        <section\r\n                class=\"pdt-40 pdb-40 \"\r\n            >\r\n            <div class=\"wrapper2 text_block\">\r\n                <h2 class=\"title_h2 text_center_mdm\">Urologick\u00e1 klinika VFN<\/h2>                                                                                    <h3 class=\"title_h3 text_center_mdm\">Ke Karlovu 6, 128 00 Praha 2 \u2013 Nov\u00e9 M\u011bsto<\/h3>\r\n                                                <div class=\"page_content reset_margins\">\r\n                                                                                        <p>Je komplexn\u00edm l\u00e9\u010debn\u00fdm, v\u00fdukov\u00fdm a v\u011bdeck\u00fdm pracovi\u0161t\u011bm v oboru urologie.<\/p>\n<p><a href=\"https:\/\/www.vfn.cz\/pacienti\/kliniky-ustavy\/urologicka-klinika\/1000\/\">https:\/\/www.vfn.cz\/pacienti\/kliniky-ustavy\/urologicka-klinika\/1000\/<\/a><\/p>\n<p><strong>Dlouhodob\u011b spolupracujeme v n\u00e1sleduj\u00edc\u00edch oblastech:<\/strong><\/p>\n<ul>\n<li>Ambulantn\u00ed l\u00e9\u010dba u mu\u017e\u016f s poruchami plodnosti.<\/li>\n<li>U mu\u017e\u016f bez p\u0159\u00edtomnosti spermi\u00ed v ejakul\u00e1tu operativn\u00ed v\u00fdkony MESA (z\u00edsk\u00e1n\u00ed aspir\u00e1tu z nadvarlete) a\/nebo TESE (vyjmut\u00ed semenotvorn\u00fdch kan\u00e1lk\u016f z varlete). Takto z\u00edskan\u00e9 spermie se pot\u00e9 pou\u017eij\u00ed v na\u0161em centru pro mimot\u011bln\u00ed oplozen\u00ed.<\/li>\n<\/ul>\n                                    <\/div>\r\n            <\/div>\r\n        <\/section>\r\n    \n\n                <!-- TEXT BLOCK -->\r\n        <section\r\n                class=\"pdt-40 pdb-40 bg3\"\r\n            >\r\n            <div class=\"wrapper2 text_block\">\r\n                <h2 class=\"title_h2 text_center_mdm\">\u00dastav biologie a l\u00e9ka\u0159sk\u00e9 genetiky 1.LF UK a VFN<\/h2>                                                                                    <h3 class=\"title_h3 text_center_mdm\">Purky\u0148\u016fv \u00fastav, Albertov 2048\/4, 128 00 Praha 2 \u2013 Nov\u00e9 M\u011bsto<\/h3>\r\n                                                <div class=\"page_content reset_margins\">\r\n                                                                                        <p>Zaji\u0161\u0165uje komplexn\u00ed genetickou diagnostiku a p\u00e9\u010di pro pacienty.<\/p>\n<p><a href=\"https:\/\/ublg.lf1.cuni.cz\/kontaktni-informace\">https:\/\/ublg.lf1.cuni.cz\/kontaktni-informace<\/a><\/p>\n<p>Dlouhodob\u011b spolupracujeme v n\u00e1sleduj\u00edc\u00edch oblastech:<\/p>\n<ul>\n<li>Genetick\u00e9 konzultace a vy\u0161et\u0159en\u00ed pro p\u00e1ry se snahou ot\u011bhotn\u011bt.<\/li>\n<li>Indikace pro prov\u00e1d\u011bn\u00ed preimplanta\u010dn\u00edho genetick\u00e9ho testov\u00e1n\u00ed (PGT)<\/li>\n<li>Genetick\u00e1 konzultace a vy\u0161et\u0159en\u00ed alogenn\u00edch d\u00e1rc\u016f z\u00e1rode\u010dn\u00fdch bun\u011bk<\/li>\n<\/ul>\n                                    <\/div>\r\n            <\/div>\r\n        <\/section>\r\n    \n\n                <!-- TEXT BLOCK -->\r\n        <section\r\n                class=\"pdt-80 pdb-80 \"\r\n            >\r\n            <div class=\"wrapper2 text_block\">\r\n                <h2 class=\"title_h2 text_center_mdm\">\u00dastav l\u00e9ka\u0159sk\u00e9 biochemie a laboratorn\u00ed diagnostiky VFN<\/h2>                                                                                    <h3 class=\"title_h3 text_center_mdm\">U Nemocnice 499\/2, 128 08 Praha 2<\/h3>\r\n                                                <div class=\"page_content reset_margins\">\r\n                                                                                        <p><a href=\"https:\/\/www.vfn.cz\/pacienti\/kliniky-ustavy\/ustav-lekarske-biochemie-a-laboratorni-diagnostiky\/\">https:\/\/www.vfn.cz\/pacienti\/kliniky-ustavy\/ustav-lekarske-biochemie-a-laboratorni-diagnostiky\/<\/a><\/p>\n<p>Prov\u00e1d\u00ed mimo jin\u00e9 klinicko-biochemick\u00e1, mikrobiologick\u00e1, imunologick\u00e1, alergologick\u00e1, s\u00e9rologick\u00e1, hematologick\u00e1 vy\u0161et\u0159en\u00ed.<\/p>\n<p>Dlouhodob\u011b spolupracujeme p\u0159edev\u0161\u00edm s odd\u011blen\u00edm Klinick\u00e1 biochemie a s\u00e9rologie vn\u00e1sleduj\u00edc\u00edch oblastech:<\/p>\n<ul>\n<li>S\u00e9rologick\u00e1 i jin\u00e1 vy\u0161et\u0159en\u00ed mu\u017e\u016f i \u017een, kte\u0159\u00ed podstupuj\u00ed n\u011bkterou z metod asistovan\u00e9 reprodukce<\/li>\n<li>S\u00e9rologick\u00e1 vy\u0161et\u0159en\u00ed alogenn\u00edch d\u00e1rc\u016f z\u00e1rode\u010dn\u00fdch bun\u011bk<\/li>\n<\/ul>\n<p>V r\u00e1mci na\u0161\u00ed kliniky v p\u0159\u00edpad\u011b pot\u0159eby nab\u00edz\u00edme:<\/p>\n<ul>\n<li>psychologickou podporu klinick\u00e9 psycholo\u017eky PhDr. \u0160\u00e1rky Slab\u00e9, Ph. D. (tel.\u010d. 224 967 430)<\/li>\n<li>nutri\u010dn\u00ed terapii Lenky K\u0159\u00ed\u017eanov\u00e9 (tel.\u010d. 224 969 238)<\/li>\n<\/ul>\n                                    <\/div>\r\n            <\/div>\r\n        <\/section>\r\n    ","protected":false},"excerpt":{"rendered":"","protected":false},"author":6,"featured_media":0,"parent":9356,"menu_order":0,"comment_status":"closed","ping_status":"closed","template":"","meta":{"_acf_changed":false,"footnotes":""},"class_list":["post-9677","page","type-page","status-publish","hentry"],"acf":[],"yoast_head":"<!-- This site is optimized with the Yoast SEO plugin v25.5 - https:\/\/yoast.com\/wordpress\/plugins\/seo\/ -->\n<title>Spolupr\u00e1ce - Porodnice U Apolin\u00e1\u0159e<\/title>\n<meta name=\"robots\" content=\"noindex, follow, max-snippet:-1, max-image-preview:large, max-video-preview:-1\" \/>\n<meta property=\"og:locale\" content=\"vi_VN\" \/>\n<meta property=\"og:type\" content=\"article\" \/>\n<meta property=\"og:title\" content=\"Spolupr\u00e1ce - Porodnice U Apolin\u00e1\u0159e\" \/>\n<meta property=\"og:url\" content=\"https:\/\/apolinar.capta.cz\/vi\/centrum-asistovane-reprodukce\/spoluprace\/\" \/>\n<meta property=\"og:site_name\" content=\"Porodnice U Apolin\u00e1\u0159e\" \/>\n<meta name=\"twitter:card\" content=\"summary_large_image\" \/>\n<script type=\"application\/ld+json\" class=\"yoast-schema-graph\">{\"@context\":\"https:\/\/schema.org\",\"@graph\":[{\"@type\":\"WebPage\",\"@id\":\"https:\/\/apolinar.capta.cz\/vi\/centrum-asistovane-reprodukce\/spoluprace\/\",\"url\":\"https:\/\/apolinar.capta.cz\/vi\/centrum-asistovane-reprodukce\/spoluprace\/\",\"name\":\"Spolupr\u00e1ce - Porodnice U Apolin\u00e1\u0159e\",\"isPartOf\":{\"@id\":\"https:\/\/apolinar.capta.cz\/vi\/#website\"},\"datePublished\":\"2024-08-15T11:54:43+00:00\",\"breadcrumb\":{\"@id\":\"https:\/\/apolinar.capta.cz\/vi\/centrum-asistovane-reprodukce\/spoluprace\/#breadcrumb\"},\"inLanguage\":\"vi-VN\",\"potentialAction\":[{\"@type\":\"ReadAction\",\"target\":[\"https:\/\/apolinar.capta.cz\/vi\/centrum-asistovane-reprodukce\/spoluprace\/\"]}]},{\"@type\":\"BreadcrumbList\",\"@id\":\"https:\/\/apolinar.capta.cz\/vi\/centrum-asistovane-reprodukce\/spoluprace\/#breadcrumb\",\"itemListElement\":[{\"@type\":\"ListItem\",\"position\":1,\"name\":\"Dom\u016f\",\"item\":\"https:\/\/apolinar.capta.cz\/vi\/\"},{\"@type\":\"ListItem\",\"position\":2,\"name\":\"Centrum asistovan\u00e9 reprodukce\",\"item\":\"https:\/\/apolinar.capta.cz\/vi\/centrum-asistovane-reprodukce\/\"},{\"@type\":\"ListItem\",\"position\":3,\"name\":\"Spolupr\u00e1ce\"}]},{\"@type\":\"WebSite\",\"@id\":\"https:\/\/apolinar.capta.cz\/vi\/#website\",\"url\":\"https:\/\/apolinar.capta.cz\/vi\/\",\"name\":\"Porodnice U Apolin\u00e1\u0159e\",\"description\":\"Klinika gynekologie, porodnictv\u00ed a neonatologie 1. LF UK a VFN v Praze\",\"potentialAction\":[{\"@type\":\"SearchAction\",\"target\":{\"@type\":\"EntryPoint\",\"urlTemplate\":\"https:\/\/apolinar.capta.cz\/vi\/?s={search_term_string}\"},\"query-input\":{\"@type\":\"PropertyValueSpecification\",\"valueRequired\":true,\"valueName\":\"search_term_string\"}}],\"inLanguage\":\"vi-VN\"}]}<\/script>\n<!-- \/ Yoast SEO plugin. -->","yoast_head_json":{"title":"Spolupr\u00e1ce - Porodnice U Apolin\u00e1\u0159e","robots":{"index":"noindex","follow":"follow","max-snippet":"max-snippet:-1","max-image-preview":"max-image-preview:large","max-video-preview":"max-video-preview:-1"},"og_locale":"vi_VN","og_type":"article","og_title":"Spolupr\u00e1ce - Porodnice U Apolin\u00e1\u0159e","og_url":"https:\/\/apolinar.capta.cz\/vi\/centrum-asistovane-reprodukce\/spoluprace\/","og_site_name":"Porodnice U Apolin\u00e1\u0159e","twitter_card":"summary_large_image","schema":{"@context":"https:\/\/schema.org","@graph":[{"@type":"WebPage","@id":"https:\/\/apolinar.capta.cz\/vi\/centrum-asistovane-reprodukce\/spoluprace\/","url":"https:\/\/apolinar.capta.cz\/vi\/centrum-asistovane-reprodukce\/spoluprace\/","name":"Spolupr\u00e1ce - Porodnice U Apolin\u00e1\u0159e","isPartOf":{"@id":"https:\/\/apolinar.capta.cz\/vi\/#website"},"datePublished":"2024-08-15T11:54:43+00:00","breadcrumb":{"@id":"https:\/\/apolinar.capta.cz\/vi\/centrum-asistovane-reprodukce\/spoluprace\/#breadcrumb"},"inLanguage":"vi-VN","potentialAction":[{"@type":"ReadAction","target":["https:\/\/apolinar.capta.cz\/vi\/centrum-asistovane-reprodukce\/spoluprace\/"]}]},{"@type":"BreadcrumbList","@id":"https:\/\/apolinar.capta.cz\/vi\/centrum-asistovane-reprodukce\/spoluprace\/#breadcrumb","itemListElement":[{"@type":"ListItem","position":1,"name":"Dom\u016f","item":"https:\/\/apolinar.capta.cz\/vi\/"},{"@type":"ListItem","position":2,"name":"Centrum asistovan\u00e9 reprodukce","item":"https:\/\/apolinar.capta.cz\/vi\/centrum-asistovane-reprodukce\/"},{"@type":"ListItem","position":3,"name":"Spolupr\u00e1ce"}]},{"@type":"WebSite","@id":"https:\/\/apolinar.capta.cz\/vi\/#website","url":"https:\/\/apolinar.capta.cz\/vi\/","name":"Porodnice U Apolin\u00e1\u0159e","description":"Klinika gynekologie, porodnictv\u00ed a neonatologie 1. LF UK a VFN v Praze","potentialAction":[{"@type":"SearchAction","target":{"@type":"EntryPoint","urlTemplate":"https:\/\/apolinar.capta.cz\/vi\/?s={search_term_string}"},"query-input":{"@type":"PropertyValueSpecification","valueRequired":true,"valueName":"search_term_string"}}],"inLanguage":"vi-VN"}]}},"_links":{"self":[{"href":"https:\/\/apolinar.capta.cz\/vi\/wp-json\/wp\/v2\/pages\/9677","targetHints":{"allow":["GET"]}}],"collection":[{"href":"https:\/\/apolinar.capta.cz\/vi\/wp-json\/wp\/v2\/pages"}],"about":[{"href":"https:\/\/apolinar.capta.cz\/vi\/wp-json\/wp\/v2\/types\/page"}],"author":[{"embeddable":true,"href":"https:\/\/apolinar.capta.cz\/vi\/wp-json\/wp\/v2\/users\/6"}],"replies":[{"embeddable":true,"href":"https:\/\/apolinar.capta.cz\/vi\/wp-json\/wp\/v2\/comments?post=9677"}],"version-history":[{"count":0,"href":"https:\/\/apolinar.capta.cz\/vi\/wp-json\/wp\/v2\/pages\/9677\/revisions"}],"up":[{"embeddable":true,"href":"https:\/\/apolinar.capta.cz\/vi\/wp-json\/wp\/v2\/pages\/9356"}],"wp:attachment":[{"href":"https:\/\/apolinar.capta.cz\/vi\/wp-json\/wp\/v2\/media?parent=9677"}],"curies":[{"name":"wp","href":"https:\/\/api.w.org\/{rel}","templated":true}]}}