{"id":9932,"date":"2024-09-06T10:37:23","date_gmt":"2024-09-06T08:37:23","guid":{"rendered":"https:\/\/apolinar.eu\/?page_id=9932"},"modified":"2024-09-06T10:37:23","modified_gmt":"2024-09-06T08:37:23","slug":"informace-pred-planovanou-onkogynekologickou-operaci","status":"publish","type":"page","link":"https:\/\/apolinar.capta.cz\/vi\/gynekologie\/onkogynekologie-2\/informace-pred-planovanou-onkogynekologickou-operaci\/","title":{"rendered":"INFORMACE P\u0158ED PL\u00c1NOVANOU ONKOGYNEKOLOGICKOU OPERAC\u00cd"},"content":{"rendered":"                <!-- TEXT BLOCK -->\r\n        <section\r\n                class=\"pdt-80 pdb-40 \"\r\n            >\r\n            <div class=\"wrapper2 text_block\">\r\n                <h2 class=\"title_h2 text_center_mdm\">Informace p\u0159ed pl\u00e1novanou onkogynekologickou operac\u00ed<\/h2>                                                                                                <div class=\"page_content reset_margins\">\r\n                                                                                        <p>V\u00e1\u017een\u00e1 pan\u00ed, v\u00e1\u017een\u00e1 sle\u010dno,<\/p>\n<p><strong>k hospitalizaci se dostavte jeden den p\u0159ed pl\u00e1novanou operac\u00ed na odd\u011blen\u00ed Onkogynekologie.<\/strong><\/p>\n<p>N\u00e1sleduj\u00edc\u00ed \u0159\u00e1dky by V\u00e1m odpov\u00ed na nejd\u016fle\u017eit\u011bj\u0161\u00ed ot\u00e1zky p\u0159ed n\u00e1stupem do nemocnice k operaci a usnadn\u00ed p\u0159edopera\u010dn\u00ed p\u00e9\u010di.<\/p>\n<p><strong>C\u00edlem indika\u010dn\u00edho vy\u0161et\u0159en\u00ed bylo kone\u010dn\u00e9 rozhodnut\u00ed o typu a rozsahu opera\u010dn\u00edho z\u00e1kroku.<\/strong> Nav\u00edc prob\u011bhla i konzultace se specialistou na onemocn\u011bn\u00ed vnit\u0159n\u00edch org\u00e1n\u016f (internistou) a anesteziologem, kte\u0159\u00ed s V\u00e1mi probrali n\u011bkter\u00e9 aspekty p\u0159edopera\u010dn\u00ed p\u00e9\u010de a mo\u017enosti, jak budete p\u0159i operaci zaji\u0161t\u011bna a usp\u00e1na. L\u00e9ka\u0159 z Onkogynekologick\u00e9ho odd\u011blen\u00ed s V\u00e1mi sepsal p\u0159ehled \u00fadaj\u016f o Va\u0161\u00ed zdravotn\u00ed historii a p\u0159edal V\u00e1m Informovan\u00fd souhlas s operac\u00ed.<\/p>\n<p>Term\u00edn operace je v\u017edy stanoven po vy\u0161et\u0159en\u00ed v\u0161ech pacientek s ohledem na z\u00e1va\u017enost jejich stavu. Na\u0161\u00ed snahou je co nej\u010dasn\u011bj\u0161\u00ed term\u00edn operace, p\u0159esto se m\u016f\u017ee st\u00e1t, \u017ee na operaci bude nutn\u00e9 po\u010dkat.<\/p>\n<p>Opera\u010dn\u00ed pl\u00e1n s rozpisem v\u0161ech pacientek, kter\u00e9 budou operov\u00e1ny v n\u00e1sleduj\u00edc\u00edm t\u00fddnu, bude k dispozici v p\u00e1tek po 13. hodin\u011b. Informace o n\u00e1stupu k operaci a dni operace V\u00e1m podaj\u00ed sestry z<strong> Onkogynekologick\u00e9ho odd\u011blen\u00ed, kter\u00fdm proto volejte v p\u00e1tek po 13. hodin\u011b (l\u00e9pe i pozd\u011bji) na tel. 224 967 440.<\/strong> P\u0159ipravte si tu\u017eku a pap\u00edr na p\u0159\u00edpadn\u00e9 pozn\u00e1mky. Za pacientky star\u0161\u00ed nebo obt\u00ed\u017en\u011b sly\u0161\u00edc\u00ed mohou telefonovat rodinn\u00ed p\u0159\u00edslu\u0161n\u00edci. Nebude-li V\u00e1\u0161 opera\u010dn\u00ed z\u00e1krok napl\u00e1nov\u00e1n na n\u00e1sleduj\u00edc\u00ed t\u00fdden, je nutn\u00e9 zavolat <strong>op\u011bt za t\u00fdden v p\u00e1tek po 13. hodin\u011b<\/strong> na uveden\u00e9 telefonn\u00ed \u010d\u00edslo a zjistit, zda je term\u00edn ji\u017e stanoven.<\/p>\n<p>V p\u0159\u00edpad\u011b, \u017ee z konzultace vyplynula nutnost doplnit n\u011bkter\u00e1 dal\u0161\u00ed vy\u0161et\u0159en\u00ed, zajist\u011bte je co nej\u010dasn\u011bji, aby byla k n\u00e1stupu do nemocnice k dispozici.<\/p>\n                                    <\/div>\r\n            <\/div>\r\n        <\/section>\r\n    \n\n                <div class=\"pdt-40 pdb-40 bg3\"\r\n            >\r\n            <div class=\"wrapper2 anim_delay anim_drop1 observe\">\r\n                                <div class=\"page_content reset_margins mgt-30\">\r\n                                                                                        <h3><img loading=\"lazy\" decoding=\"async\" class=\"alignnone size-full wp-image-10354\" src=\"https:\/\/apolinar.capta.cz\/wp-content\/uploads\/2024\/10\/Snimek-obrazovky-2024-10-11-115807.png\" alt=\"\" width=\"171\" height=\"124\" \/> <a href=\"https:\/\/youtu.be\/d8T4hOmrI2c\" target=\"_blank\" rel=\"noopener\">POD\u00cdVEJTE SE, JAK TO U N\u00c1S VYPAD\u00c1.<\/a><\/h3>\n                                    <\/div>\r\n            <\/div>\r\n        <\/div>\r\n    \n\n    <!-- ACCORD -->\r\n    <section\r\n            class=\"pdt-80 pdb-80 \"\r\n        >\r\n        <div class=\"wrapper2 anim_delay anim_drop1 observe\">\r\n            <h2 class=\"title_h3 \">Nadstandardn\u00ed slu\u017eby na onkogynekologick\u00e9m odd\u011blen\u00ed:<\/h2>                                        <div class=\"accord mgt-30\">\r\n                                            <!-- ITEM -->\r\n                        <div class=\"item_accord item\">\r\n                            <a href=\"#\" role=\"button\" class=\"item_accord_head head\">\r\n                                <h3 class=\"item_accord_title\">Nadstandardn\u00ed pokoj<\/h3>\r\n                                <div class=\"item_accord_arrow\">\r\n                                    <svg class=\"sicofill\">\r\n                                        <use href=\"https:\/\/apolinar.capta.cz\/wp-content\/themes\/apolinar\/assets\/layout\/icons.svg#s_ar2_d\"\/>\r\n                                    <\/svg>\r\n                                <\/div>\r\n                            <\/a>\r\n                            <div class=\"expand\">\r\n                                <div class=\"item_accord_inner page_content reset_margins\">\r\n                                                                                                                                                        <p>Onkogynekologick\u00e9 odd\u011blen\u00ed je vybaveno jedn\u00edm nadstandardn\u00edm pokojem. Jedn\u00e1 se o jednol\u016f\u017ekov\u00fd pokoj, kter\u00fd je vybaven televiz\u00ed a ledni\u010dkou. Samoz\u0159ejmost\u00ed je bezplatn\u00fd p\u0159\u00edstup na bezdr\u00e1tovou s\u00ed\u0165 a bl\u00edzk\u00fd vstup na rozlehlou zahradu, kter\u00e1 je odd\u011blena od ru\u0161iv\u00e9ho pra\u017esk\u00e9ho prost\u0159ed\u00ed. Na pokoji je rovn\u011b\u017e rozkl\u00e1dac\u00ed k\u0159eslo, kter\u00e9 m\u016f\u017ee po domluv\u011b vyu\u017e\u00edt V\u00e1\u0161 doprovod. Rezervaci pokoje bohu\u017eel nen\u00ed mo\u017en\u00e9 garantovat. M\u016f\u017ee se st\u00e1t, \u017ee V\u00e1mi rezervovan\u00fd pokoj nebude vzhledem k provozu na odd\u011blen\u00ed k dispozici.<\/p>\n                                                                    <\/div>\r\n                            <\/div>\r\n                        <\/div>\r\n                                            <!-- ITEM -->\r\n                        <div class=\"item_accord item\">\r\n                            <a href=\"#\" role=\"button\" class=\"item_accord_head head\">\r\n                                <h3 class=\"item_accord_title\">Nadstandardn\u00ed doprovod k opera\u010dn\u00edmu v\u00fdkonu<\/h3>\r\n                                <div class=\"item_accord_arrow\">\r\n                                    <svg class=\"sicofill\">\r\n                                        <use href=\"https:\/\/apolinar.capta.cz\/wp-content\/themes\/apolinar\/assets\/layout\/icons.svg#s_ar2_d\"\/>\r\n                                    <\/svg>\r\n                                <\/div>\r\n                            <\/a>\r\n                            <div class=\"expand\">\r\n                                <div class=\"item_accord_inner page_content reset_margins\">\r\n                                                                                                                                                        <p>Doprovod bl\u00edzk\u00e9 osoby k opera\u010dn\u00edmu v\u00fdkonu v\u00fdznamn\u00fdm zp\u016fsobem p\u0159isp\u00edv\u00e1 ke sn\u00ed\u017een\u00ed stresu pacientky. Z toho d\u016fvodu umo\u017e\u0148ujeme p\u0159\u00edtomnost doprovodu i na opera\u010dn\u00edm s\u00e1le<\/p>\n<p>p\u0159ed zah\u00e1jen\u00edm samotn\u00e9 operace. V r\u00e1mci t\u00e9to nadstandardn\u00ed slu\u017eby poskytujeme doprovod a\u017e na opera\u010dn\u00ed s\u00e1l, mo\u017enost str\u00e1vit dobu operace v soukrom\u00ed vybaven\u00e9 knihovny kliniky, konzultaci p\u0159ednosty kliniky, prim\u00e1\u0159e \u010di vedouc\u00edho l\u00e9ka\u0159e v p\u0159\u00edpad\u011b komplikac\u00ed \u010di nepl\u00e1novan\u00e9ho prodlou\u017een\u00ed trv\u00e1n\u00ed operace a konzultaci vedouc\u00edho l\u00e9ka\u0159e po skon\u010den\u00ed v\u00fdkonu.<\/p>\n<p>Pokud m\u00e1te o n\u011bkterou nadstandardn\u00ed slu\u017ebu z\u00e1jem, nahlaste toto pros\u00edm sest\u0159e na Onkogynekologick\u00e9m odd\u011blen\u00ed v p\u00e1tek, kdy V\u00e1m byl sd\u011blen typ a rozsah operace (onkogynekologick\u00e9 indikace). V r\u00e1mci n\u00e1sledn\u00e9ho p\u00e1te\u010dn\u00edho telefon\u00e1tu (kdy V\u00e1m bude sd\u011blen p\u0159esn\u00fd term\u00edn operace) V\u00e1m bude potvrzeno, jestli pro V\u00e1s bude nadstandardn\u00ed pokoj k dispozici. Po ukon\u010den\u00ed hospitalizace dostanete od sester Onkogynekologick\u00e9ho odd\u011blen\u00ed potvrzen\u00ed s \u010d\u00e1stkou, kterou n\u00e1sledn\u011b zaplat\u00edte na pokladn\u011b kliniky.<\/p>\n<p>Bli\u017e\u0161\u00ed informace o cen\u00e1ch zm\u00edn\u011bn\u00fdch nadstandardn\u00edch slu\u017eeb najdete na webov\u00fdch str\u00e1nk\u00e1ch VFN v sekci pro pacienty (Informace pro pacienty \u2192 Cen\u00edky v\u00fdkon\u016f).<\/p>\n                                                                    <\/div>\r\n                            <\/div>\r\n                        <\/div>\r\n                                    <\/div>\r\n                    <\/div>\r\n    <\/section>\r\n\n\n                <!-- TEXT BLOCK -->\r\n        <section\r\n                class=\"pdt-40 pdb-40 bg3\"\r\n            >\r\n            <div class=\"wrapper2 text_block\">\r\n                <h2 class=\"title_h2 text_center_mdm\">P\u0159edopera\u010dn\u00ed p\u0159\u00edprava za\u010d\u00edn\u00e1 ji\u017e doma<\/h2>                                                                                    <h3 class=\"title_h3 text_center_mdm\">Minim\u00e1ln\u011b p\u011bt dn\u00ed p\u0159ed operac\u00ed dodr\u017eujte n\u00e1sleduj\u00edc\u00ed pokyny:<\/h3>\r\n                                                <div class=\"page_content reset_margins\">\r\n                                                                                        <ol>\n<li>Zvy\u0161te sv\u016fj denn\u00ed p\u0159\u00edjem tekutin na minim\u00e1ln\u011b 3 litry.<\/li>\n<li>Trp\u00edte-li z\u00e1cpou, zakupte si v l\u00e9k\u00e1rn\u011b p\u0159\u00edpravek Lactulosa a u\u017e\u00edvejte 3x denn\u011b jednu pol\u00e9vkovou l\u017e\u00edci.<\/li>\n<li>Jako sou\u010d\u00e1st prevence tromb\u00f3zy a embolie je nutn\u00e9 m\u00edt k operaci speci\u00e1ln\u00ed elastick\u00e9 pun\u010dochy. Bez takov\u00fdch pun\u010doch nen\u00ed mo\u017en\u00e9 prov\u00e9st \u017e\u00e1dnou operaci v celkov\u00e9 nark\u00f3ze. Stehenn\u00ed pun\u010dochy lze zakoupit v l\u00e9k\u00e1rn\u011b podle pokyn\u016f zdravotnick\u00fdch pracovn\u00edk\u016f \u2013 obdr\u017e\u00edte informa\u010dn\u00ed let\u00e1\u010dek.<\/li>\n<li>Pokud jste v minulosti prod\u011blala \u017eiln\u00ed onemocn\u011bn\u00ed (z\u00e1n\u011bt \u017eil doln\u00edch kon\u010detin, tromb\u00f3zu nebo embolii), po\u017e\u00e1dejte sv\u00e9ho praktick\u00e9ho l\u00e9ka\u0159e o vystaven\u00ed poukazu na protitrombotick\u00e9 pun\u010dochy. Ty si pak m\u016f\u017eete vyzvednout v prodejn\u011b zdravotnick\u00fdch pot\u0159eb v m\u00edst\u011b bydli\u0161t\u011b.<\/li>\n<\/ol>\n                                    <\/div>\r\n            <\/div>\r\n        <\/section>\r\n    \n\n                <!-- TEXT BLOCK -->\r\n        <section\r\n                class=\"pdt-40 pdb-40 \"\r\n            >\r\n            <div class=\"wrapper2 text_block\">\r\n                                                                                                    <h3 class=\"title_h3 text_center_mdm\">Den p\u0159ed n\u00e1stupem do nemocnice:<\/h3>\r\n                                                <div class=\"page_content reset_margins\">\r\n                                                                                        <ol>\n<li><strong>Nela\u010dn\u011bte!<\/strong><\/li>\n<li>Nad\u00e1le pijte dostatek tekutin.<\/li>\n<li>Ve\u010der si pe\u010dliv\u011b vymyjte a vy\u010dist\u011bte pupe\u010dn\u00ed jizvu (\u201epup\u00edk\u201c) a odlakujte si nehty. M\u00e1te-li nehty um\u011bl\u00e9, je nutn\u00e9 odstranit um\u011bl\u00fd nehet minim\u00e1ln\u011b na 1 prstu.<\/li>\n<li>M\u016f\u017eete si sama oholit ochlupen\u00ed v intimn\u00edch parti\u00edch a v podb\u0159i\u0161ku. V opa\u010dn\u00e9m p\u0159\u00edpad\u011b tak u\u010din\u00ed o\u0161et\u0159ovatelka v den p\u0159ijet\u00ed.<\/li>\n<li>Domluvte si se sv\u00fdmi bl\u00edzk\u00fdmi \u201eheslo\u201c pro pod\u00e1v\u00e1n\u00ed informac\u00ed o Va\u0161em zdravotn\u00edm stavu po telefonu, kter\u00e9 n\u00e1m sd\u011bl\u00edte v den p\u0159ijet\u00ed. Bez znalosti tohoto hesla bychom nemohli Va\u0161e bl\u00edzk\u00e9 informovat.<\/li>\n<\/ol>\n                                    <\/div>\r\n            <\/div>\r\n        <\/section>\r\n    \n\n                <!-- TEXT BLOCK -->\r\n        <section\r\n                class=\"pdt-40 pdb-40 bg3\"\r\n            >\r\n            <div class=\"wrapper2 text_block\">\r\n                                                                                                    <h3 class=\"title_h3 text_center_mdm\">R\u00e1no v den n\u00e1stupu do nemocnice:<\/h3>\r\n                                                <div class=\"page_content reset_margins\">\r\n                                                                                        <ol>\n<li>Lehce<strong> posn\u00eddejte. Nela\u010dn\u011bte!<\/strong> Nad\u00e1le pijte dostatek <strong>tekutin<\/strong>. M\u016f\u017eete tak\u00e9 po\u017e\u00edt n\u011bkter\u00fd z v\u00fd\u0161e uveden\u00fdch potravinov\u00fdch dopl\u0148k\u016f.<\/li>\n<li>Nezapome\u0148te si s sebou p\u0159ibalit <strong>osobn\u00ed doklady<\/strong> \u2013 ob\u010dansk\u00fd <strong>pr\u016fkaz<\/strong> (nebo jin\u00fd platn\u00fd doklad toto\u017enosti, nap\u0159. cestovn\u00ed pas), platn\u00fd evropsk\u00fd pr\u016fkaz zdravotn\u00edho poji\u0161t\u011bn\u00ed <strong>(karti\u010dku poji\u0161t\u011bnce)<\/strong> a vypln\u011bn\u00e9 v\u0161echny <strong>formul\u00e1\u0159e<\/strong>, kter\u00e9 jste dostala v ambulanci p\u0159i rozhodnut\u00ed o operaci (pe\u010dliv\u011b vypl\u0148te zejm\u00e9na Souhlas s hospitalizac\u00ed \u2013 kontakty na Va\u0161e bl\u00edzk\u00e9 osoby).<\/li>\n<li>Ve\u0161ker\u00e9 <strong>l\u00e9ky, kter\u00e9 u\u017e\u00edv\u00e1te,<\/strong> si vezm\u011bte s sebou v mno\u017estv\u00ed dosta\u010duj\u00edc\u00edm na celou p\u0159edpokl\u00e1danou dobu hospitalizace a v origin\u00e1ln\u00edm balen\u00ed (krabi\u010dky nebo jednotliv\u00e9 blistry \/ plat\u00ed\u010dka), nenoste l\u00e9ky v d\u00e1vkova\u010di:\n<ol>\n<li>odevzd\u00e1te je p\u0159ij\u00edmac\u00ed sest\u0159e,<\/li>\n<li>budou ulo\u017eeny ve zvl\u00e1\u0161tn\u00edm obalu s uveden\u00edm Va\u0161eho jm\u00e9na,<\/li>\n<li>pod\u00e1vat V\u00e1m je bude person\u00e1l spolu s ostatn\u00edmi ordinovan\u00fdmi l\u00e9ky,<\/li>\n<li>p\u0159i odchodu dom\u016f V\u00e1m bude zbyl\u00e1 \u010d\u00e1st l\u00e9k\u016f vr\u00e1cena.<\/li>\n<\/ol>\n<\/li>\n<li>Vezm\u011bte si s sebou <strong>no\u010dn\u00ed ko\u0161ili, \u017eupan, p\u0159ez\u016fvky, toaletn\u00ed pot\u0159eby, ru\u010dn\u00edk,<\/strong> malou (nap\u0159. igelitovou) ta\u0161ku (do n\u00ed si v den operace ulo\u017e\u00edte nejnutn\u011bj\u0161\u00ed v\u011bci, ostatn\u00ed z\u016fst\u00e1vaj\u00ed na odd\u011blen\u00ed).<\/li>\n<li>Doma nechte v\u0161echny <strong>cennosti<\/strong>, platebn\u00ed karty, odlo\u017ete v\u0161echny \u0161perky v\u010detn\u011b piercingu. Neli\u010dte se.<\/li>\n<li>Vezm\u011bte si s sebou rozhodnut\u00ed o do\u010dasn\u00e9 pracovn\u00ed neschopnosti \u2013 vytisknut\u00fd d\u00edl \u201e<strong>eNeschopenky<\/strong>\u201c, byla-li vystavena p\u0159ed p\u0159ijet\u00edm, pokud pot\u0159ebujete &#8220;eNeschopenku&#8221; vystavit, p\u0159ipravte si:\n<ol>\n<li><strong>p\u0159esnou adresu m\u00edsta pobytu v dob\u011b neschopnosti<\/strong> (li\u0161\u00ed-li se od adresy trval\u00e9ho bydli\u0161t\u011b),<\/li>\n<li><strong>\u00faplnou adresu zam\u011bstnavatele,<\/strong><\/li>\n<li><strong>jm\u00e9no a kompletn\u00ed adresu Va\u0161eho obvodn\u00edho gynekologa.<\/strong><\/li>\n<\/ol>\n<\/li>\n<\/ol>\n                                    <\/div>\r\n            <\/div>\r\n        <\/section>\r\n    \n\n                <!-- TEXT BLOCK -->\r\n        <section\r\n                class=\"pdt-40 pdb-40 \"\r\n            >\r\n            <div class=\"wrapper2 text_block\">\r\n                                                                                                    <h3 class=\"title_h3 text_center_mdm\">Prevence vzniku ne\u017e\u00e1douc\u00edch krevn\u00edch sra\u017eenin (tromb\u00f3zy) a plicn\u00ed embolie<\/h3>\r\n                                                <div class=\"page_content reset_margins\">\r\n                                                                                        <p>Krom\u011b elastick\u00fdch pun\u010doch je po slo\u017eit\u00fdch operac\u00edch pro zhoubn\u00fd n\u00e1dor a u rizikov\u00fdch pacientek s anamn\u00e9zou tromb\u00f3zy nebo embolie nezbytn\u00e1 prodlou\u017een\u00e1 aplikace injek\u010dn\u00edch prepar\u00e1t\u016f proti nadm\u011brn\u00e9mu krevn\u00edmu sr\u00e1\u017een\u00ed (Clexane, Fraxiparine, Inhixa apod.). Obvykl\u00e1 doba preventivn\u00ed aplikace je 28 dn\u00ed po operaci. Z nemocnice budete vybavena na 3 dny a dal\u0161\u00ed<\/p>\n<p>p\u0159edpis l\u00e9k\u016f V\u00e1m zajist\u00ed praktick\u00fd l\u00e9ka\u0159, p\u0159\u00edpadn\u011b na\u0161e intern\u00ed ambulance. B\u011bhem hospitalizace V\u00e1m v\u0161ak nem\u016f\u017ee b\u00fdt vystaven l\u00e9k na recept, s v\u00fdhodou je proto zajistit si n\u011bkter\u00fd z uveden\u00fdch l\u00e9k\u016f je\u0161t\u011b p\u0159ed n\u00e1stupem do nemocnice. Aplikace l\u00e9k\u016f je jednoduch\u00e1 a v\u011bt\u0161ina pacientek ji zvl\u00e1dne sama.<\/p>\n<p>&nbsp;<\/p>\n<p>V p\u0159\u00edpad\u011b jak\u00fdchkoliv dotaz\u016f se obra\u0165te na l\u00e9ka\u0159e a sestry <strong>Onkogynekologick\u00e9 ambulance na tel. 224 967 481 nebo l\u016f\u017ekov\u00e9ho Onkogynekologick\u00e9ho odd\u011blen\u00ed na tel. 224 967 440 a 224 967 451.<\/strong><\/p>\n                                    <\/div>\r\n            <\/div>\r\n        <\/section>\r\n    \n\n                <!-- TEXT BLOCK -->\r\n        <section\r\n                class=\"pdt-40 pdb-40 bg3\"\r\n            >\r\n            <div class=\"wrapper2 text_block\">\r\n                                                                                                                <div class=\"page_content reset_margins\">\r\n                                                                                        <p>V\u00edce informac\u00ed k hospitalizaci najdete ve Vnit\u0159n\u00edm \u0159\u00e1du VFN zde: <a href=\"https:\/\/www.vfn.cz\/pacienti\/vnitrni-rad-vfn\/.\">https:\/\/www.vfn.cz\/pacienti\/vnitrni-rad-vfn\/.<\/a><\/p>\n<p><strong>Za pracovn\u00edky KGPN VFN Praha a 1. LF UK:<\/strong><\/p>\n<p><span style=\"text-decoration: underline;\">prof. MUDr. David Cibula, CSc.<\/span> \u2013 p\u0159ednosta Kliniky gynekologie, porodnictv\u00ed a neonatologie a vedouc\u00ed l\u00e9ka\u0159 oboru onkogynekologie<\/p>\n<p><span style=\"text-decoration: underline;\">prof. MUDr. Ji\u0159\u00ed Sl\u00e1ma, Ph.D.<\/span> \u2013 z\u00e1stupce p\u0159ednosty Kliniky gynekologie, porodnictv\u00ed a neonatologie a vedouc\u00ed l\u00e9ka\u0159 Onkogynekologick\u00e9ho odd\u011blen\u00ed<\/p>\n                                    <\/div>\r\n            <\/div>\r\n        <\/section>\r\n    ","protected":false},"excerpt":{"rendered":"","protected":false},"author":6,"featured_media":0,"parent":8471,"menu_order":0,"comment_status":"closed","ping_status":"closed","template":"","meta":{"_acf_changed":false,"footnotes":""},"class_list":["post-9932","page","type-page","status-publish","hentry"],"acf":[],"yoast_head":"<!-- This site is optimized with the Yoast SEO plugin v25.5 - https:\/\/yoast.com\/wordpress\/plugins\/seo\/ -->\n<title>INFORMACE P\u0158ED PL\u00c1NOVANOU ONKOGYNEKOLOGICKOU OPERAC\u00cd - Porodnice U Apolin\u00e1\u0159e<\/title>\n<meta name=\"robots\" content=\"noindex, follow, max-snippet:-1, max-image-preview:large, max-video-preview:-1\" \/>\n<meta property=\"og:locale\" content=\"vi_VN\" \/>\n<meta property=\"og:type\" content=\"article\" \/>\n<meta property=\"og:title\" content=\"INFORMACE P\u0158ED PL\u00c1NOVANOU ONKOGYNEKOLOGICKOU OPERAC\u00cd - Porodnice U Apolin\u00e1\u0159e\" \/>\n<meta property=\"og:url\" content=\"https:\/\/apolinar.capta.cz\/vi\/gynekologie\/onkogynekologie-2\/informace-pred-planovanou-onkogynekologickou-operaci\/\" \/>\n<meta property=\"og:site_name\" content=\"Porodnice U Apolin\u00e1\u0159e\" \/>\n<meta name=\"twitter:card\" content=\"summary_large_image\" \/>\n<script type=\"application\/ld+json\" class=\"yoast-schema-graph\">{\"@context\":\"https:\/\/schema.org\",\"@graph\":[{\"@type\":\"WebPage\",\"@id\":\"https:\/\/apolinar.capta.cz\/vi\/gynekologie\/onkogynekologie-2\/informace-pred-planovanou-onkogynekologickou-operaci\/\",\"url\":\"https:\/\/apolinar.capta.cz\/vi\/gynekologie\/onkogynekologie-2\/informace-pred-planovanou-onkogynekologickou-operaci\/\",\"name\":\"INFORMACE P\u0158ED PL\u00c1NOVANOU ONKOGYNEKOLOGICKOU OPERAC\u00cd - Porodnice U Apolin\u00e1\u0159e\",\"isPartOf\":{\"@id\":\"https:\/\/apolinar.capta.cz\/vi\/#website\"},\"datePublished\":\"2024-09-06T08:37:23+00:00\",\"breadcrumb\":{\"@id\":\"https:\/\/apolinar.capta.cz\/vi\/gynekologie\/onkogynekologie-2\/informace-pred-planovanou-onkogynekologickou-operaci\/#breadcrumb\"},\"inLanguage\":\"vi-VN\",\"potentialAction\":[{\"@type\":\"ReadAction\",\"target\":[\"https:\/\/apolinar.capta.cz\/vi\/gynekologie\/onkogynekologie-2\/informace-pred-planovanou-onkogynekologickou-operaci\/\"]}]},{\"@type\":\"BreadcrumbList\",\"@id\":\"https:\/\/apolinar.capta.cz\/vi\/gynekologie\/onkogynekologie-2\/informace-pred-planovanou-onkogynekologickou-operaci\/#breadcrumb\",\"itemListElement\":[{\"@type\":\"ListItem\",\"position\":1,\"name\":\"Dom\u016f\",\"item\":\"https:\/\/apolinar.capta.cz\/vi\/\"},{\"@type\":\"ListItem\",\"position\":2,\"name\":\"Gynekologie\",\"item\":\"https:\/\/apolinar.capta.cz\/vi\/gynekologie\/\"},{\"@type\":\"ListItem\",\"position\":3,\"name\":\"Onkogynekologie\",\"item\":\"https:\/\/apolinar.capta.cz\/vi\/gynekologie\/onkogynekologie-2\/\"},{\"@type\":\"ListItem\",\"position\":4,\"name\":\"INFORMACE P\u0158ED PL\u00c1NOVANOU ONKOGYNEKOLOGICKOU OPERAC\u00cd\"}]},{\"@type\":\"WebSite\",\"@id\":\"https:\/\/apolinar.capta.cz\/vi\/#website\",\"url\":\"https:\/\/apolinar.capta.cz\/vi\/\",\"name\":\"Porodnice U Apolin\u00e1\u0159e\",\"description\":\"Klinika gynekologie, porodnictv\u00ed a neonatologie 1. LF UK a VFN v Praze\",\"potentialAction\":[{\"@type\":\"SearchAction\",\"target\":{\"@type\":\"EntryPoint\",\"urlTemplate\":\"https:\/\/apolinar.capta.cz\/vi\/?s={search_term_string}\"},\"query-input\":{\"@type\":\"PropertyValueSpecification\",\"valueRequired\":true,\"valueName\":\"search_term_string\"}}],\"inLanguage\":\"vi-VN\"}]}<\/script>\n<!-- \/ Yoast SEO plugin. -->","yoast_head_json":{"title":"INFORMACE P\u0158ED PL\u00c1NOVANOU ONKOGYNEKOLOGICKOU OPERAC\u00cd - Porodnice U Apolin\u00e1\u0159e","robots":{"index":"noindex","follow":"follow","max-snippet":"max-snippet:-1","max-image-preview":"max-image-preview:large","max-video-preview":"max-video-preview:-1"},"og_locale":"vi_VN","og_type":"article","og_title":"INFORMACE P\u0158ED PL\u00c1NOVANOU ONKOGYNEKOLOGICKOU OPERAC\u00cd - Porodnice U Apolin\u00e1\u0159e","og_url":"https:\/\/apolinar.capta.cz\/vi\/gynekologie\/onkogynekologie-2\/informace-pred-planovanou-onkogynekologickou-operaci\/","og_site_name":"Porodnice U Apolin\u00e1\u0159e","twitter_card":"summary_large_image","schema":{"@context":"https:\/\/schema.org","@graph":[{"@type":"WebPage","@id":"https:\/\/apolinar.capta.cz\/vi\/gynekologie\/onkogynekologie-2\/informace-pred-planovanou-onkogynekologickou-operaci\/","url":"https:\/\/apolinar.capta.cz\/vi\/gynekologie\/onkogynekologie-2\/informace-pred-planovanou-onkogynekologickou-operaci\/","name":"INFORMACE P\u0158ED PL\u00c1NOVANOU ONKOGYNEKOLOGICKOU OPERAC\u00cd - Porodnice U Apolin\u00e1\u0159e","isPartOf":{"@id":"https:\/\/apolinar.capta.cz\/vi\/#website"},"datePublished":"2024-09-06T08:37:23+00:00","breadcrumb":{"@id":"https:\/\/apolinar.capta.cz\/vi\/gynekologie\/onkogynekologie-2\/informace-pred-planovanou-onkogynekologickou-operaci\/#breadcrumb"},"inLanguage":"vi-VN","potentialAction":[{"@type":"ReadAction","target":["https:\/\/apolinar.capta.cz\/vi\/gynekologie\/onkogynekologie-2\/informace-pred-planovanou-onkogynekologickou-operaci\/"]}]},{"@type":"BreadcrumbList","@id":"https:\/\/apolinar.capta.cz\/vi\/gynekologie\/onkogynekologie-2\/informace-pred-planovanou-onkogynekologickou-operaci\/#breadcrumb","itemListElement":[{"@type":"ListItem","position":1,"name":"Dom\u016f","item":"https:\/\/apolinar.capta.cz\/vi\/"},{"@type":"ListItem","position":2,"name":"Gynekologie","item":"https:\/\/apolinar.capta.cz\/vi\/gynekologie\/"},{"@type":"ListItem","position":3,"name":"Onkogynekologie","item":"https:\/\/apolinar.capta.cz\/vi\/gynekologie\/onkogynekologie-2\/"},{"@type":"ListItem","position":4,"name":"INFORMACE P\u0158ED PL\u00c1NOVANOU ONKOGYNEKOLOGICKOU OPERAC\u00cd"}]},{"@type":"WebSite","@id":"https:\/\/apolinar.capta.cz\/vi\/#website","url":"https:\/\/apolinar.capta.cz\/vi\/","name":"Porodnice U Apolin\u00e1\u0159e","description":"Klinika gynekologie, porodnictv\u00ed a neonatologie 1. LF UK a VFN v Praze","potentialAction":[{"@type":"SearchAction","target":{"@type":"EntryPoint","urlTemplate":"https:\/\/apolinar.capta.cz\/vi\/?s={search_term_string}"},"query-input":{"@type":"PropertyValueSpecification","valueRequired":true,"valueName":"search_term_string"}}],"inLanguage":"vi-VN"}]}},"_links":{"self":[{"href":"https:\/\/apolinar.capta.cz\/vi\/wp-json\/wp\/v2\/pages\/9932","targetHints":{"allow":["GET"]}}],"collection":[{"href":"https:\/\/apolinar.capta.cz\/vi\/wp-json\/wp\/v2\/pages"}],"about":[{"href":"https:\/\/apolinar.capta.cz\/vi\/wp-json\/wp\/v2\/types\/page"}],"author":[{"embeddable":true,"href":"https:\/\/apolinar.capta.cz\/vi\/wp-json\/wp\/v2\/users\/6"}],"replies":[{"embeddable":true,"href":"https:\/\/apolinar.capta.cz\/vi\/wp-json\/wp\/v2\/comments?post=9932"}],"version-history":[{"count":0,"href":"https:\/\/apolinar.capta.cz\/vi\/wp-json\/wp\/v2\/pages\/9932\/revisions"}],"up":[{"embeddable":true,"href":"https:\/\/apolinar.capta.cz\/vi\/wp-json\/wp\/v2\/pages\/8471"}],"wp:attachment":[{"href":"https:\/\/apolinar.capta.cz\/vi\/wp-json\/wp\/v2\/media?parent=9932"}],"curies":[{"name":"wp","href":"https:\/\/api.w.org\/{rel}","templated":true}]}}